{"id":1902,"date":"2020-09-24T00:38:56","date_gmt":"2020-09-23T22:38:56","guid":{"rendered":"http:\/\/klubmamgdynia.pl\/index.php\/produkt\/playmobil-70336-pizzeria-z-restauracja-ogrodowa\/"},"modified":"2026-04-27T03:53:31","modified_gmt":"2026-04-27T01:53:31","slug":"playmobil-70336-pizzeria-z-restauracja-ogrodowa","status":"publish","type":"product","link":"http:\/\/klubmamgdynia.pl\/index.php\/produkt\/playmobil-70336-pizzeria-z-restauracja-ogrodowa\/","title":{"rendered":"Playmobil 70336 Pizzeria Z Restauracj\u0105 Ogrodow\u0105"},"content":{"rendered":"<p>Pizzeria z ogr\u00f3dkiem restauracyjnym 70336 z kolorowo pod\u015bwietlonym \u0142a\u0144cuchem lampion\u00f3w i \u017carz\u0105cym si\u0119 kamiennym piecem tworz\u0105 pi\u0119kn\u0105 atmosfer\u0119. A gdzie mo\u017cna dosta\u0107 najlepsz\u0105 pizz\u0119 w mie\u015bcie? Oczywi\u015bcie w pizzerii Playmobil! W przytulnej restauracji ogrodowej pod \u0142a\u0144cuchem kolorowych lampion\u00f3w go\u015bcie siedz\u0105 w swobodnej atmosferze i delektuj\u0105 si\u0119 pysznymi przek\u0105skami, podczas gdy kucharz wyjmuje \u015bwie\u017c\u0105 pizz\u0119 z pieca. Przyjazna obs\u0142uga zawsze dba o dobre samopoczucie go\u015bci. \u201eChcesz kawa\u0142ek ciasta czekoladowego na deser?\u201d. Kto m\u00f3g\u0142by odm\u00f3wi\u0107? Zestaw do zabawy zawiera cztery figurki Playmobil, budynek restauracji, dwa sto\u0142y, cztery krzes\u0142a, kamienny piec, pizz\u0119, szklanki i wiele innych akcesori\u00f3w. Idealny zestaw do zabawy dla ma\u0142ych fan\u00f3w pizzy.Zawarto\u015b\u0107 i cechy zestawu :budynek restauracji &#8211; pizzeria z ogr\u00f3dkiem restauracyjnym4 figurki Playmobil &#8211; wysoko\u015b\u0107 ok 7.5 cmskuterefekt \u015bwietlny: kolorowo pod\u015bwietlony \u0142a\u0144cuch lampion\u00f3w i \u017carz\u0105cy si\u0119 kamienny piec akcesoria m.in.: kamienny piec, \u0142opata do pizzy, \u0142a\u0144cuch \u015bwiate\u0142, p\u00f3\u0142ka, kasa, tablica cenowa, pusta taca, pe\u0142na taca, ekspres do kawy, deska do pizzy, 2 pude\u0142ka po pizzy, portfel, zegarek na r\u0119k\u0119, czapka szefa kuchni, he\u0142m, 3 kubki, 4 talerze, 4 widelce, 4 \u0142y\u017cki, 4 no\u017ce, du\u017cy n\u00f3\u017c, zielona butelka, niebieska butelka, 2 zielone szklanki, 2 szklanki niebieskie, 2 sto\u0142y na jednej nodze, st\u00f3\u0142 na czterech nogach, sto\u0142ek, 4 krzes\u0142a, pizza, 4 plastry pizzy, fartuch, \u0142opatka do ciasta z kawa\u0142kiem ciasta, p\u00f3\u0142misek z ciastem, papryka, kapusta, czosnek, ser, bagietka, pude\u0142ko na jajka, 2 \u015bwieczniki ze \u015bwiecami, tubka, puszka<\/p>\n<h2>Playmobil 70336 Pizzeria Z Restauracj\u0105 Ogrodow\u0105 Playmobil<\/h2>\n<p>kornelia, piesek kolorowanka, dyplomy dla przedszkolak\u00f3w do wydrukowania, zagadki dla dzieci 6-7 lat online, lodowiska w warszawie, quiz o stolicach europy, gry i zabawy ruchowe, jasmin imie, quiz o polsce dla dzieci, imi\u0119 mira, liwia, prezenty dla rocznego dziecka, zagadki logiczne na inteligencj\u0119, quiz online, lucjan, opis na dzie\u0144 mamy, ka\u0142u\u017cy\u015bci, co kupi\u0107 na roczek, kolorowanka piesek do druku<\/p>\n<p>yyyyy<\/p>\n<p>&nbsp;<\/p>\n","protected":false},"excerpt":{"rendered":"<p>Pizzeria z ogr\u00f3dkiem restauracyjnym 70336 z kolorowo pod\u015bwietlonym \u0142a\u0144cuchem lampion\u00f3w i \u017carz\u0105cym si\u0119 kamiennym piecem tworz\u0105 pi\u0119kn\u0105 atmosfer\u0119. A gdzie mo\u017cna dosta\u0107 najlepsz\u0105 pizz\u0119 w mie\u015bcie? Oczywi\u015bcie w pizzerii Playmobil! W przytulnej restauracji ogrodowej pod \u0142a\u0144cuchem kolorowych lampion\u00f3w go\u015bcie siedz\u0105 w swobodnej atmosferze i delektuj\u0105 si\u0119 pysznymi przek\u0105skami, podczas gdy kucharz wyjmuje \u015bwie\u017c\u0105 pizz\u0119 z [&hellip;]<\/p>\n","protected":false},"featured_media":1903,"comment_status":"closed","ping_status":"open","template":"","meta":[],"product_cat":[113,466],"product_tag":[662,839,653,860],"class_list":["post-1902","product","type-product","status-publish","has-post-thumbnail","hentry","product_cat-klocki","product_cat-playmobil","product_tag-bajki-na-dobranoc","product_tag-bajki-na-dobranoc-do-czytania","product_tag-warszawa-dla-dzieci","product_tag-zagadki-logiczne-dla-doroslych"],"_links":{"self":[{"href":"http:\/\/klubmamgdynia.pl\/index.php\/wp-json\/wp\/v2\/product\/1902","targetHints":{"allow":["GET"]}}],"collection":[{"href":"http:\/\/klubmamgdynia.pl\/index.php\/wp-json\/wp\/v2\/product"}],"about":[{"href":"http:\/\/klubmamgdynia.pl\/index.php\/wp-json\/wp\/v2\/types\/product"}],"replies":[{"embeddable":true,"href":"http:\/\/klubmamgdynia.pl\/index.php\/wp-json\/wp\/v2\/comments?post=1902"}],"wp:featuredmedia":[{"embeddable":true,"href":"http:\/\/klubmamgdynia.pl\/index.php\/wp-json\/wp\/v2\/media\/1903"}],"wp:attachment":[{"href":"http:\/\/klubmamgdynia.pl\/index.php\/wp-json\/wp\/v2\/media?parent=1902"}],"wp:term":[{"taxonomy":"product_cat","embeddable":true,"href":"http:\/\/klubmamgdynia.pl\/index.php\/wp-json\/wp\/v2\/product_cat?post=1902"},{"taxonomy":"product_tag","embeddable":true,"href":"http:\/\/klubmamgdynia.pl\/index.php\/wp-json\/wp\/v2\/product_tag?post=1902"}],"curies":[{"name":"wp","href":"https:\/\/api.w.org\/{rel}","templated":true}]}}