{"id":1904,"date":"2016-10-27T20:32:24","date_gmt":"2016-10-27T18:32:24","guid":{"rendered":"http:\/\/klubmamgdynia.pl\/index.php\/produkt\/cobi-little-live-bizzy-bubs-bobasek-prymulka-mo28451\/"},"modified":"2026-04-06T04:29:03","modified_gmt":"2026-04-06T02:29:03","slug":"cobi-little-live-bizzy-bubs-bobasek-prymulka-mo28451","status":"publish","type":"product","link":"http:\/\/klubmamgdynia.pl\/index.php\/produkt\/cobi-little-live-bizzy-bubs-bobasek-prymulka-mo28451\/","title":{"rendered":"Cobi Little Live Bizzy Bubs Bobasek Prymulka (Mo28451)"},"content":{"rendered":"<p>INTERAKTYWNA LALKA BOBAS &#8222;BIZZY BUBS&#8221; &#8211; LITTLE LIVE Producent: MOOSE Kod producenta: 28472 Seria: Little Live Bohater: PRYMULKA Wydaje dand#378;wiand#281;ki Raczkuje Zaand#322;and#261;czone akcesoria Prymulka to nadzwyczajna maand#322;a ksiand#281;and#380;niczka. Pewna siebie i pogodna. Jest band#322;yskotliwand#261; postaciand#261;, podziwianand#261; przez swoich zwolennik\u00f3w. Jeand#347;li jest praca do zrobienia to ona jest tand#261;, kt\u00f3ra jand#261; wykona. Lalka raczkuje i taand#324;czy. Do tego radoand#347;nie chichocze i m\u00f3wi. Bobaska moand#380;esz teand#380; nakarmiand#263;, jak tylko zrobi siand#281; gand#322;odny. Gdy bobas zmand#281;czy siand#281; po ekscytujand#261;cej zabawie, wand#322;\u00f3and#380; mu smoczek do buzi, a zaand#347;nie. Kaand#380;dy z caand#322;ej serii bobas\u00f3w zachowuje siand#281; w unikalny spos\u00f3b, gdy naciand#347;niesz przycisk na pieluszce. Filmy demonstracyjne moand#380;na obejrzeand#263; w kanale YouTube po wklejeniu do przegland#261;darki poniand#380;szych adres\u00f3w www: https:\/\/www.youtube.com\/watch?v=Wug455nrdX8 https:\/\/www.youtube.com\/watch?v=JZe0MdqAqv4 Spraw swojemu dziecku radoand#347;and#263;. Bizzy Bubs to najbardziej popularna na rynku zabawka z serii bobasy. Dziand#281;ki interaktywnym funkcjom zabawa niand#261; nie znudzi siand#281; tak szybko, jak zwykand#322;and#261; lalkand#261;. Produkt idealny na prezent. Zapakowany and#322;adne i kolorowe opakowanie, kt\u00f3re wchodzi w skand#322;ad zestawu. Na czas transportu, zabezpieczamy caand#322;oand#347;and#263; w dodatkowy szary karton z tektury falistej. Zbierz caand#322;and#261; seriand#281; lalek bobask\u00f3w. 4 najbardziej popularne modele dostand#281;pne sand#261; w naszej ofercie. SPECYFIKACJA Wiek: 5+ Ruchome elementy: Tak Efekty dand#378;wiand#281;kowe: Tak Zasilanie bateryjne: 4 x LR44 (w zestawie baterie testowe) GALERIA<\/p>\n<h2>Cobi Little Live Bizzy Bubs Bobasek Prymulka (Mo28451) Cobi<\/h2>\n<p>najlepsze zagadki, m\u0105dre bajki dla dzieci do czytania, gry z pi\u0142k\u0105, sonia imi\u0119, bo\u017ce narodzenie (film), lucyna, linda, daria imie, zagadki na my\u015blenie, zagadki dla dzieci 9 10 lat z odpowiedziami<\/p>\n<p>yyyyy<\/p>\n<p>&nbsp;<\/p>\n","protected":false},"excerpt":{"rendered":"<p>INTERAKTYWNA LALKA BOBAS &#8222;BIZZY BUBS&#8221; &#8211; LITTLE LIVE Producent: MOOSE Kod producenta: 28472 Seria: Little Live Bohater: PRYMULKA Wydaje dand#378;wiand#281;ki Raczkuje Zaand#322;and#261;czone akcesoria Prymulka to nadzwyczajna maand#322;a ksiand#281;and#380;niczka. Pewna siebie i pogodna. Jest band#322;yskotliwand#261; postaciand#261;, podziwianand#261; przez swoich zwolennik\u00f3w. Jeand#347;li jest praca do zrobienia to ona jest tand#261;, kt\u00f3ra jand#261; wykona. Lalka raczkuje i taand#324;czy. [&hellip;]<\/p>\n","protected":false},"featured_media":1905,"comment_status":"closed","ping_status":"open","template":"","meta":[],"product_cat":[484,65],"product_tag":[603,671,832,862,643,651,635],"class_list":["post-1904","product","type-product","status-publish","has-post-thumbnail","hentry","product_cat-cobi","product_cat-lalki","product_tag-bajki-do-czytania","product_tag-cicha-noc-po-angielsku-tekst","product_tag-desery-dla-dzieci","product_tag-nasza-zima-zla-tekst","product_tag-prezent-dla-17-latki","product_tag-quizy-online","product_tag-znaki-drogowe-do-druku"],"_links":{"self":[{"href":"http:\/\/klubmamgdynia.pl\/index.php\/wp-json\/wp\/v2\/product\/1904","targetHints":{"allow":["GET"]}}],"collection":[{"href":"http:\/\/klubmamgdynia.pl\/index.php\/wp-json\/wp\/v2\/product"}],"about":[{"href":"http:\/\/klubmamgdynia.pl\/index.php\/wp-json\/wp\/v2\/types\/product"}],"replies":[{"embeddable":true,"href":"http:\/\/klubmamgdynia.pl\/index.php\/wp-json\/wp\/v2\/comments?post=1904"}],"wp:featuredmedia":[{"embeddable":true,"href":"http:\/\/klubmamgdynia.pl\/index.php\/wp-json\/wp\/v2\/media\/1905"}],"wp:attachment":[{"href":"http:\/\/klubmamgdynia.pl\/index.php\/wp-json\/wp\/v2\/media?parent=1904"}],"wp:term":[{"taxonomy":"product_cat","embeddable":true,"href":"http:\/\/klubmamgdynia.pl\/index.php\/wp-json\/wp\/v2\/product_cat?post=1904"},{"taxonomy":"product_tag","embeddable":true,"href":"http:\/\/klubmamgdynia.pl\/index.php\/wp-json\/wp\/v2\/product_tag?post=1904"}],"curies":[{"name":"wp","href":"https:\/\/api.w.org\/{rel}","templated":true}]}}