{"id":1906,"date":"2023-07-02T02:33:17","date_gmt":"2023-07-02T00:33:17","guid":{"rendered":"http:\/\/klubmamgdynia.pl\/?post_type=product&#038;p=1906"},"modified":"2026-04-06T01:36:29","modified_gmt":"2026-04-05T23:36:29","slug":"leantoys-ogromny-jeep-rampage-r-c-czarny-monster-truck","status":"publish","type":"product","link":"http:\/\/klubmamgdynia.pl\/index.php\/produkt\/leantoys-ogromny-jeep-rampage-r-c-czarny-monster-truck\/","title":{"rendered":"Leantoys Ogromny Jeep Rampage R\/C Czarny Monster Truck"},"content":{"rendered":"<p>Ogromny Jeep Rampage R\/C Czarny MONSTER TRUCK   Fabrycznie nowy, markowy samoch\u00f3d zdalnie sterowany Rampage Cross-country wykonany skali 1:12. Podczas jazdy \u015bwiec\u0105 \u015bwiat\u0142a z przodu i z ty\u0142u !!! Prawdziwy bajer !!! To doskona\u0142a zabawa dla ka\u017cdego!Samoch\u00f3d szybko i sprawnie porusza si\u0119 w 4 kierunkach:- DO PRZODU: PRAWO\/LEWO- DO TY\u0141U: PRAWO\/LEWOJest naprawd\u0119 du\u017cy i posiada terenowe wzmocnione ko\u0142a. Gabaryty pozwalaj\u0105 mu je\u017adzi\u0107 w trudnym terenie.DOSKONA\u0141Y MONSTER TRUCK DLA CIEBIE I TWOJEGO DZIECKA! Model jest stworzony w oparciu o wytrzyma\u0142e materia\u0142y, posiada du\u017cy zderzak i gi\u0119tkie tworzywo nadwozia co powoduje, \u017ce jest odporny na uderzenia. Dodatkowo, ka\u017cde ko\u0142o posiada amortyzator specjalnie na wyboiste pod\u0142o\u017ce.WBUDOWANE AMORTYZATORY ! Winyea Rampage to doskona\u0142y prezent dla Twojego dziecka! Ka\u017cdy wie, \u017ce tego typu zabawki s\u0105 jedn\u0105 z najlepszych rozrywek dla ma\u0142ych rozrabiak\u00f3w.Specyfikacja:- Cz\u0119stotliwo\u015b\u0107: 27mHz- Zasi\u0119g: 50m- Czas jazdy: ok. 25min- Skala 1:12- Zasilanie: akumulator 9,6V- Czas \u0142adowania akumulatora: ok. 4h- Bateria i akumulator w zestawie- Wymiary: 43 cm x 22,5 cm x 21,5 cmZestaw zawiera:-ogromnego jeepa,-pilot,-\u0142adowarka,-akumulatorki.Wymiary pude\u0142ka:53 cm x 27 cm x 25 cmInformacje o produkcieD\u0142ugo\u015b\u0107 towaru w centymetrach 29Wysoko\u015b\u0107 towaru w centymetrach 55Szeroko\u015b\u0107 towaru w centymetrach 27Waga gabarytowa w gramach 7177.5<\/p>\n<h2>Leantoys Ogromny Jeep Rampage R\/C Czarny Monster Truck Lean Toys<\/h2>\n<p>zings kolorowanka, lodowiska w warszawie, jacek, mi\u015b z filmu animowanego, kolorowanka elsa, podchwytliwe zagadki na inteligencj\u0119, cicha noc po angielsku, wiersz na dobranoc dla dzieci, zabawy dla 6 latk\u00f3w, rzadkie imiona \u017ce\u0144skie polskie, daniel imie, cytaty korczaka, \u015bwinka peppa kolorowanka, ninjago kolorowanki, urodziny dziecka pomys\u0142y, bajka o biedronce, quiz stolice europy, zagdki, zagadki dla dzieci 10-12 lat trudne, lol surprise kolorowanka, zabawy dla 10 latka<\/p>\n<p>yyyyy<\/p>\n<p>&nbsp;<\/p>\n","protected":false},"excerpt":{"rendered":"<p>Ogromny Jeep Rampage R\/C Czarny MONSTER TRUCK Fabrycznie nowy, markowy samoch\u00f3d zdalnie sterowany Rampage Cross-country wykonany skali 1:12. Podczas jazdy \u015bwiec\u0105 \u015bwiat\u0142a z przodu i z ty\u0142u !!! Prawdziwy bajer !!! To doskona\u0142a zabawa dla ka\u017cdego!Samoch\u00f3d szybko i sprawnie porusza si\u0119 w 4 kierunkach:- DO PRZODU: PRAWO\/LEWO- DO TY\u0141U: PRAWO\/LEWOJest naprawd\u0119 du\u017cy i posiada terenowe [&hellip;]<\/p>\n","protected":false},"featured_media":1907,"comment_status":"closed","ping_status":"open","template":"","meta":[],"product_cat":[73,337],"product_tag":[825,763,585],"class_list":["post-1906","product","type-product","status-publish","has-post-thumbnail","hentry","product_cat-lean-toys","product_cat-zabawki-zdalnie-sterowane","product_tag-bajka-na-dobranoc-do-czytania","product_tag-fabian","product_tag-kolorowanki-dla-chlopcow"],"_links":{"self":[{"href":"http:\/\/klubmamgdynia.pl\/index.php\/wp-json\/wp\/v2\/product\/1906","targetHints":{"allow":["GET"]}}],"collection":[{"href":"http:\/\/klubmamgdynia.pl\/index.php\/wp-json\/wp\/v2\/product"}],"about":[{"href":"http:\/\/klubmamgdynia.pl\/index.php\/wp-json\/wp\/v2\/types\/product"}],"replies":[{"embeddable":true,"href":"http:\/\/klubmamgdynia.pl\/index.php\/wp-json\/wp\/v2\/comments?post=1906"}],"wp:featuredmedia":[{"embeddable":true,"href":"http:\/\/klubmamgdynia.pl\/index.php\/wp-json\/wp\/v2\/media\/1907"}],"wp:attachment":[{"href":"http:\/\/klubmamgdynia.pl\/index.php\/wp-json\/wp\/v2\/media?parent=1906"}],"wp:term":[{"taxonomy":"product_cat","embeddable":true,"href":"http:\/\/klubmamgdynia.pl\/index.php\/wp-json\/wp\/v2\/product_cat?post=1906"},{"taxonomy":"product_tag","embeddable":true,"href":"http:\/\/klubmamgdynia.pl\/index.php\/wp-json\/wp\/v2\/product_tag?post=1906"}],"curies":[{"name":"wp","href":"https:\/\/api.w.org\/{rel}","templated":true}]}}