{"id":1908,"date":"2021-11-05T00:14:28","date_gmt":"2021-11-04T23:14:28","guid":{"rendered":"http:\/\/klubmamgdynia.pl\/index.php\/produkt\/gra-planszowa-spin-master-zestaw-101-gier\/"},"modified":"2026-04-08T12:52:52","modified_gmt":"2026-04-08T10:52:52","slug":"gra-planszowa-spin-master-zestaw-101-gier","status":"publish","type":"product","link":"http:\/\/klubmamgdynia.pl\/index.php\/produkt\/gra-planszowa-spin-master-zestaw-101-gier\/","title":{"rendered":"Gra planszowa Spin Master Zestaw 101 Gier"},"content":{"rendered":"<p>Ciesz si\u0119 godzinami zabawy graj\u0105c w kultowe gry z zestawu. W zestawie 101 gier ka\u017cdy znajdzie co\u015b dla siebie, od gier planszowych, po karciane. Klasyczne, popularne gry, w tym warcaby, szachy, chi\u0144skie warcaby, backgammon, gry w ko\u015bci i wiele innych.<\/p>\n<h2>Gra planszowa Spin Master Zestaw 101 Gier Spin Master<\/h2>\n<p>wr\u00f3\u017cby andrzejkowe dla dzieci online, zagadki dla 7 latk\u00f3w, prezent dla jedenastolatki, niespotykane imiona \u017ce\u0144skie, janusz korczak cytaty, prezenty na roczek dla ch\u0142opca, jakie s\u0105 dary jesieni, zabawy dla 10 latka, zagadki logiczne trudne, gdzie strumyk p\u0142ynie z wolna, zagadki z odpowiedziami \u015bmieszne, jak narysowa\u0107, dinozaury kolorowanki<\/p>\n<p>yyyyy<\/p>\n<p>&nbsp;<\/p>\n","protected":false},"excerpt":{"rendered":"<p>Ciesz si\u0119 godzinami zabawy graj\u0105c w kultowe gry z zestawu. W zestawie 101 gier ka\u017cdy znajdzie co\u015b dla siebie, od gier planszowych, po karciane. Klasyczne, popularne gry, w tym warcaby, szachy, chi\u0144skie warcaby, backgammon, gry w ko\u015bci i wiele innych. Gra planszowa Spin Master Zestaw 101 Gier Spin Master wr\u00f3\u017cby andrzejkowe dla dzieci online, zagadki [&hellip;]<\/p>\n","protected":false},"featured_media":1909,"comment_status":"closed","ping_status":"open","template":"","meta":[],"product_cat":[235,94],"product_tag":[844,593,699,734,785],"class_list":["post-1908","product","type-product","status-publish","has-post-thumbnail","hentry","product_cat-gry-planszowe","product_cat-spin-master","product_tag-co-kupic-na-roczek","product_tag-jak-narysowac-konia","product_tag-kolorowanki-do-druku-dla-dziewczyn","product_tag-milan-imie","product_tag-prezent-dla-nastolatkow"],"_links":{"self":[{"href":"http:\/\/klubmamgdynia.pl\/index.php\/wp-json\/wp\/v2\/product\/1908","targetHints":{"allow":["GET"]}}],"collection":[{"href":"http:\/\/klubmamgdynia.pl\/index.php\/wp-json\/wp\/v2\/product"}],"about":[{"href":"http:\/\/klubmamgdynia.pl\/index.php\/wp-json\/wp\/v2\/types\/product"}],"replies":[{"embeddable":true,"href":"http:\/\/klubmamgdynia.pl\/index.php\/wp-json\/wp\/v2\/comments?post=1908"}],"wp:featuredmedia":[{"embeddable":true,"href":"http:\/\/klubmamgdynia.pl\/index.php\/wp-json\/wp\/v2\/media\/1909"}],"wp:attachment":[{"href":"http:\/\/klubmamgdynia.pl\/index.php\/wp-json\/wp\/v2\/media?parent=1908"}],"wp:term":[{"taxonomy":"product_cat","embeddable":true,"href":"http:\/\/klubmamgdynia.pl\/index.php\/wp-json\/wp\/v2\/product_cat?post=1908"},{"taxonomy":"product_tag","embeddable":true,"href":"http:\/\/klubmamgdynia.pl\/index.php\/wp-json\/wp\/v2\/product_tag?post=1908"}],"curies":[{"name":"wp","href":"https:\/\/api.w.org\/{rel}","templated":true}]}}