{"id":191,"date":"2017-12-18T08:14:22","date_gmt":"2017-12-18T07:14:22","guid":{"rendered":"http:\/\/klubmamgdynia.pl\/?post_type=product&#038;p=191"},"modified":"2026-04-05T23:24:27","modified_gmt":"2026-04-05T21:24:27","slug":"oops-ukladanka-puzzle-3d-mis","status":"publish","type":"product","link":"http:\/\/klubmamgdynia.pl\/index.php\/produkt\/oops-ukladanka-puzzle-3d-mis\/","title":{"rendered":"Oops Uk\u0142adanka Puzzle 3D Mi\u015b"},"content":{"rendered":"<p>Oops Uk\u0142adanka Puzzle 3D Mi\u015b 12m+<\/p>\n<h2>Oops Uk\u0142adanka Puzzle 3D Mi\u015b Oops<\/h2>\n<p>tupu tup po \u015bniegu tekst, znaczenie imiona alan, kolorowanki dla ch\u0142opc\u00f3w, aforyzmy o dzieciach, kolorowanki antystresowe, cytat o przyja\u017ani, przys\u0142owia o rodzinie, quiz narnia lew czarownica i stara szafa, wr\u00f3\u017cby andrzejkowe dla dzieci online<\/p>\n<p>yyyyy<\/p>\n<p>&nbsp;<\/p>\n","protected":false},"excerpt":{"rendered":"<p>Oops Uk\u0142adanka Puzzle 3D Mi\u015b 12m+ Oops Uk\u0142adanka Puzzle 3D Mi\u015b Oops tupu tup po \u015bniegu tekst, znaczenie imiona alan, kolorowanki dla ch\u0142opc\u00f3w, aforyzmy o dzieciach, kolorowanki antystresowe, cytat o przyja\u017ani, przys\u0142owia o rodzinie, quiz narnia lew czarownica i stara szafa, wr\u00f3\u017cby andrzejkowe dla dzieci online yyyyy &nbsp;<\/p>\n","protected":false},"featured_media":192,"comment_status":"closed","ping_status":"open","template":"","meta":[],"product_cat":[98,99],"product_tag":[844,792,619,617,841],"class_list":["post-191","product","type-product","status-publish","has-post-thumbnail","hentry","product_cat-oops","product_cat-zabawki-ekologiczne","product_tag-co-kupic-na-roczek","product_tag-cytaty-o-mamie","product_tag-iwo-imie","product_tag-keyword","product_tag-quiz-o-flagach"],"_links":{"self":[{"href":"http:\/\/klubmamgdynia.pl\/index.php\/wp-json\/wp\/v2\/product\/191","targetHints":{"allow":["GET"]}}],"collection":[{"href":"http:\/\/klubmamgdynia.pl\/index.php\/wp-json\/wp\/v2\/product"}],"about":[{"href":"http:\/\/klubmamgdynia.pl\/index.php\/wp-json\/wp\/v2\/types\/product"}],"replies":[{"embeddable":true,"href":"http:\/\/klubmamgdynia.pl\/index.php\/wp-json\/wp\/v2\/comments?post=191"}],"wp:featuredmedia":[{"embeddable":true,"href":"http:\/\/klubmamgdynia.pl\/index.php\/wp-json\/wp\/v2\/media\/192"}],"wp:attachment":[{"href":"http:\/\/klubmamgdynia.pl\/index.php\/wp-json\/wp\/v2\/media?parent=191"}],"wp:term":[{"taxonomy":"product_cat","embeddable":true,"href":"http:\/\/klubmamgdynia.pl\/index.php\/wp-json\/wp\/v2\/product_cat?post=191"},{"taxonomy":"product_tag","embeddable":true,"href":"http:\/\/klubmamgdynia.pl\/index.php\/wp-json\/wp\/v2\/product_tag?post=191"}],"curies":[{"name":"wp","href":"https:\/\/api.w.org\/{rel}","templated":true}]}}