{"id":1912,"date":"2017-02-21T00:01:56","date_gmt":"2017-02-20T23:01:56","guid":{"rendered":"http:\/\/klubmamgdynia.pl\/index.php\/produkt\/mega-creative-zestaw-lekarski-488969-zabawka\/"},"modified":"2026-04-27T06:28:57","modified_gmt":"2026-04-27T04:28:57","slug":"mega-creative-zestaw-lekarski-488969-zabawka","status":"publish","type":"product","link":"http:\/\/klubmamgdynia.pl\/index.php\/produkt\/mega-creative-zestaw-lekarski-488969-zabawka\/","title":{"rendered":"Mega Creative Zestaw Lekarski 488969 &#8211; Zabawka"},"content":{"rendered":"<p>Mega Creative Zestaw Lekarski Dentysta 488969MEGA CREATIVE przedstawia Zestaw Lekarski Dentysta ze wszystkimi niezb\u0119dnymi przyrz\u0105dami lekarskimi oraz dentystycznymi. Z tym zestawem, wszyscy pacjenci zostan\u0105 wyleczeni!Zalety produktu: rozwijanie wyobra\u017ani dziecka, nauka opieki nad chorym, po naci\u015bni\u0119ciu tubki z past\u0105 wysuwa si\u0119 imitacja pasty do z\u0119b\u00f3w.Ca\u0142o\u015b\u0107 wykonana z plastiku.wymiary produktu (d\u0142. x szer.) [cm]: stetoskop- 50&#215;14,wymiary opakowania(d\u0142. x wys. x g\u0142.) [cm]: 32x45x4,waga produktu bez opakowania [kg]: 0,26 kg,waga produktu w opakowaniu [kg]: 0,28 kg,nie wymaga zasilania bateriami.Zestaw przeznaczony dla dzieci w wieku: 3+Zawarto\u015b\u0107 zestawu:stetoskop,termometr,pulsoksymetr,strzykawka,szczoteczka do z\u0119b\u00f3w,lusterko stomatologiczne,wiert\u0142o,szpikulec stomatologiczny,identyfikator lekarza oraz tubka z imitacj\u0105 pasty do z\u0119b\u00f3w.<\/p>\n<h2>Mega Creative Zestaw Lekarski 488969 &#8211; Zabawka Mega Creative<\/h2>\n<p>zagadki o owocach, bruno, prezenty dla nastolatk\u00f3w, opis do zdj\u0119cia z dzieckiem, wierszyki na lany poniedzia\u0142ek, pan twardowski na ksi\u0119\u017cycu wiersz, bajki na dobranoc, zagadki o wiosnie, film rodzinny o \u015bwi\u0119tach, test z lektury dynastia mizio\u0142k\u00f3w, pozna\u0144 atrakcje dla dzieci, quizy flagi, zagadki dla dzieci z odpowiedziami, \u015bmieszne \u0142ama\u0144ce j\u0119zykowe, kolorowanka lego ninjago, trudne zagadki dla doros\u0142ych, pomys\u0142 na prezent dla 7 latki, \u0142\u00f3d\u017a atrakcje dla dzieci, test z narnii, ozdoby na choink\u0119 dla dzieci z papieru, filmy animowane \u015bwi\u0105teczne<\/p>\n<p>yyyyy<\/p>\n<p>&nbsp;<\/p>\n","protected":false},"excerpt":{"rendered":"<p>Mega Creative Zestaw Lekarski Dentysta 488969MEGA CREATIVE przedstawia Zestaw Lekarski Dentysta ze wszystkimi niezb\u0119dnymi przyrz\u0105dami lekarskimi oraz dentystycznymi. Z tym zestawem, wszyscy pacjenci zostan\u0105 wyleczeni!Zalety produktu: rozwijanie wyobra\u017ani dziecka, nauka opieki nad chorym, po naci\u015bni\u0119ciu tubki z past\u0105 wysuwa si\u0119 imitacja pasty do z\u0119b\u00f3w.Ca\u0142o\u015b\u0107 wykonana z plastiku.wymiary produktu (d\u0142. x szer.) [cm]: stetoskop- 50&#215;14,wymiary opakowania(d\u0142. [&hellip;]<\/p>\n","protected":false},"featured_media":1913,"comment_status":"closed","ping_status":"open","template":"","meta":[],"product_cat":[53,64],"product_tag":[728,582,591],"class_list":["post-1912","product","type-product","status-publish","has-post-thumbnail","hentry","product_cat-kaciki-zabaw","product_cat-mega-creative","product_tag-bezwarunkowa-milosc-do-dziecka-cytaty","product_tag-nauka-pisania-literek-do-wydruku-pdf","product_tag-quiz-o-minecraft"],"_links":{"self":[{"href":"http:\/\/klubmamgdynia.pl\/index.php\/wp-json\/wp\/v2\/product\/1912","targetHints":{"allow":["GET"]}}],"collection":[{"href":"http:\/\/klubmamgdynia.pl\/index.php\/wp-json\/wp\/v2\/product"}],"about":[{"href":"http:\/\/klubmamgdynia.pl\/index.php\/wp-json\/wp\/v2\/types\/product"}],"replies":[{"embeddable":true,"href":"http:\/\/klubmamgdynia.pl\/index.php\/wp-json\/wp\/v2\/comments?post=1912"}],"wp:featuredmedia":[{"embeddable":true,"href":"http:\/\/klubmamgdynia.pl\/index.php\/wp-json\/wp\/v2\/media\/1913"}],"wp:attachment":[{"href":"http:\/\/klubmamgdynia.pl\/index.php\/wp-json\/wp\/v2\/media?parent=1912"}],"wp:term":[{"taxonomy":"product_cat","embeddable":true,"href":"http:\/\/klubmamgdynia.pl\/index.php\/wp-json\/wp\/v2\/product_cat?post=1912"},{"taxonomy":"product_tag","embeddable":true,"href":"http:\/\/klubmamgdynia.pl\/index.php\/wp-json\/wp\/v2\/product_tag?post=1912"}],"curies":[{"name":"wp","href":"https:\/\/api.w.org\/{rel}","templated":true}]}}