{"id":1914,"date":"2019-12-04T01:57:48","date_gmt":"2019-12-04T00:57:48","guid":{"rendered":"http:\/\/klubmamgdynia.pl\/index.php\/produkt\/kontext-lulilo-parking-drewniany-ganao-pietrowy-straz-pozarna\/"},"modified":"2026-04-29T00:02:23","modified_gmt":"2026-04-28T22:02:23","slug":"kontext-lulilo-parking-drewniany-ganao-pietrowy-straz-pozarna","status":"publish","type":"product","link":"http:\/\/klubmamgdynia.pl\/index.php\/produkt\/kontext-lulilo-parking-drewniany-ganao-pietrowy-straz-pozarna\/","title":{"rendered":"Kontext Lulilo Parking drewniany Ganao pi\u0119trowy stra\u017c po\u017carna"},"content":{"rendered":"<p>PARKING GARA\u017b PI\u0118TROWY LULILO GANAO STRA\u017b PO\u017bARNAPo\u017car? Niebezpieczny wypadek? W stra\u017cy po\u017carnej rozbrzmiewa alarm, czas wyrusza\u0107 na akcj\u0119!Z tymi zadaniami poradz\u0105 sobie dzieli stra\u017cacy jednak potrzebuj\u0105 Twojej pomocy by bezpiecznie dotrze\u0107 na miejsce akcji. Pokieruj ich w taki spos\u00f3b by wszyscy sprawnie opu\u015bcili baz\u0119 unikaj\u0105c st\u0142uczek.Podczas udzielania pomocy kluczow\u0105 rol\u0119 dogrywa czas. Zacz\u0119\u0142y si\u0119 godziny szczytu i stworzy\u0142 si\u0119 korek na mie\u015bcie? Wybierz helikopter, b\u0119dzie szybciej. Czeka na Ciebie na szczycie budynku.Ten wyj\u0105tkowy gara\u017c sk\u0142ada si\u0119 a\u017c z czterech poziom\u00f3w! Pierwsze trzy przeznaczone s\u0105 do parkowania pojazd\u00f3w stra\u017cackich. Znajdzie si\u0119 tam miejsce dla pojazd\u00f3w do\u0142\u0105czonych do zestawu, ale r\u00f3wnie\u017c miejsce do zaparkowania znajd\u0105 inne ulubione auta Twojej pociechy.Ostatni poziom to l\u0105dowisko dla helikoptera, kt\u00f3ry jest do\u0142\u0105czony do zestawu.Na wszystkie pi\u0119tra dotrzesz wind\u0105, aby wprawi\u0107 j\u0105 w ruch wystarczy kr\u0119ci\u0107 pokr\u0119t\u0142em umieszonym z boku budynku.Czego potrzebuje prawdziwy stra\u017cak, \u017ceby ugasi\u0107 po\u017car? Oczywi\u015bcie ga\u015bnicy! J\u0105 r\u00f3wnie\u017c znajdziesz w zestawie.Dodatkowe akcesoria sprawi\u0105, \u017ce zabawa b\u0119dzie jeszcze bardziej ciekawsza.Wspania\u0142y zestaw, kt\u00f3ry dostarczy mn\u00f3stwo kreatywnej zabawy.Mo\u017cesz mie\u0107 pewno\u015b\u0107, \u017ce Tw\u00f3j pociecha nie b\u0119dzie mia\u0142a czasu na nud\u0119. Poprzez zabaw\u0119 parkingiem dziecko pobudzi kreatywno\u015b\u0107, wspomo\u017ce rozw\u00f3j logicznego my\u015blenia oraz b\u0119dzie doskona\u0142ym sposobem do \u0107wiczenia zdolno\u015bci manualnych.Zabawa zaczyna si\u0119 ju\u017c od momentu sk\u0142adnia. Parking jest do samodzielnego monta\u017cu.Wsp\u00f3lne budowanie gara\u017cu dostarczy dziecku mn\u00f3stwo rado\u015bci i satysfakcji a przy tym b\u0119dzie \u015bwietnym pretekstem do podszkolenia umiej\u0119tno\u015bci wsp\u00f3\u0142pracy i sprawnej komunikacji.Doskonale zdajemy sobie spraw\u0119, \u017ce dobra zabawa to bezpieczna zabawa, dlatego zadbali\u015bmy o to, aby wszystkie elementy zosta\u0142y staranie wyszlifowane i pokryte nietoksyczn\u0105 farb\u0105 w taki spos\u00f3b, aby dziecko nie wbi\u0142o sobie drzazgi.Doskona\u0142y pomys\u0142 na prezent dla przysz\u0142ego stra\u017caka i wszystkich ma\u0142ych fan\u00f3w motoryzacji.Zawarto\u015b\u0107 zestawu: Elementy do z\u0142o\u017cenia parkingu zestaw \u015brubek 2x pojazdy 2x stra\u017cak\u00f3w pacho\u0142ek P\u0142omie\u0144 Ga\u015bnica Tworzywo: drewnoWymiary gara\u017cu: 34cm X 21cmX 32cmWymiary opakowania: 37cm x 33cmx 21cm &#8230;<\/p>\n<h2>Kontext Lulilo Parking drewniany Ganao pi\u0119trowy stra\u017c po\u017carna Kontext<\/h2>\n<p>atrakcje dla dzieci mazowieckie, imi\u0119 nadia, borys imi\u0119, zagadki i odpowiedzi, malowanki piesek, miko\u0142ajki dla dzieci warszawa 2021, zaproszenia do druku, spiderman kolorowanka, zagadki o przyborach szkolnych<\/p>\n<p>yyyyy<\/p>\n<p>&nbsp;<\/p>\n","protected":false},"excerpt":{"rendered":"<p>PARKING GARA\u017b PI\u0118TROWY LULILO GANAO STRA\u017b PO\u017bARNAPo\u017car? Niebezpieczny wypadek? W stra\u017cy po\u017carnej rozbrzmiewa alarm, czas wyrusza\u0107 na akcj\u0119!Z tymi zadaniami poradz\u0105 sobie dzieli stra\u017cacy jednak potrzebuj\u0105 Twojej pomocy by bezpiecznie dotrze\u0107 na miejsce akcji. Pokieruj ich w taki spos\u00f3b by wszyscy sprawnie opu\u015bcili baz\u0119 unikaj\u0105c st\u0142uczek.Podczas udzielania pomocy kluczow\u0105 rol\u0119 dogrywa czas. Zacz\u0119\u0142y si\u0119 godziny [&hellip;]<\/p>\n","protected":false},"featured_media":1915,"comment_status":"closed","ping_status":"open","template":"","meta":[],"product_cat":[20,141],"product_tag":[845,864,728,763,602],"class_list":["post-1914","product","type-product","status-publish","has-post-thumbnail","hentry","product_cat-kontext","product_cat-parkingi-garaze-i-tory-wyscigowe","product_tag-ach-spij-kochanie-tekst","product_tag-basen-warszawa","product_tag-bezwarunkowa-milosc-do-dziecka-cytaty","product_tag-fabian","product_tag-quiz-o-zwierzetach-domowych"],"_links":{"self":[{"href":"http:\/\/klubmamgdynia.pl\/index.php\/wp-json\/wp\/v2\/product\/1914","targetHints":{"allow":["GET"]}}],"collection":[{"href":"http:\/\/klubmamgdynia.pl\/index.php\/wp-json\/wp\/v2\/product"}],"about":[{"href":"http:\/\/klubmamgdynia.pl\/index.php\/wp-json\/wp\/v2\/types\/product"}],"replies":[{"embeddable":true,"href":"http:\/\/klubmamgdynia.pl\/index.php\/wp-json\/wp\/v2\/comments?post=1914"}],"wp:featuredmedia":[{"embeddable":true,"href":"http:\/\/klubmamgdynia.pl\/index.php\/wp-json\/wp\/v2\/media\/1915"}],"wp:attachment":[{"href":"http:\/\/klubmamgdynia.pl\/index.php\/wp-json\/wp\/v2\/media?parent=1914"}],"wp:term":[{"taxonomy":"product_cat","embeddable":true,"href":"http:\/\/klubmamgdynia.pl\/index.php\/wp-json\/wp\/v2\/product_cat?post=1914"},{"taxonomy":"product_tag","embeddable":true,"href":"http:\/\/klubmamgdynia.pl\/index.php\/wp-json\/wp\/v2\/product_tag?post=1914"}],"curies":[{"name":"wp","href":"https:\/\/api.w.org\/{rel}","templated":true}]}}