{"id":1916,"date":"2025-09-19T20:01:03","date_gmt":"2025-09-19T18:01:03","guid":{"rendered":"http:\/\/klubmamgdynia.pl\/?post_type=product&#038;p=1916"},"modified":"2026-04-05T21:53:32","modified_gmt":"2026-04-05T19:53:32","slug":"calliope-podwozie-robota-motionkit","status":"publish","type":"product","link":"http:\/\/klubmamgdynia.pl\/index.php\/produkt\/calliope-podwozie-robota-motionkit\/","title":{"rendered":"Calliope Podwozie Robota Motionkit"},"content":{"rendered":"<h2>Calliope Podwozie Robota Motionkit <\/h2>\n<p>zagadki dla 7 latk\u00f3w, prezent dla 15 latki, podchwytliwe zagadki matematyczne, co dla rocznego dziecka, prezent dla rocznej dziewczynki, filmy na \u015bwi\u0119ta bo\u017cego narodzenia, ma\u0142y ksi\u0105\u017c\u0119 cytaty, ko\u0142ysanka dla dzieci tekst, bajki dla dzieci do czytania na dobranoc, \u015bwi\u0119ty przemys\u0142aw, list do \u015bw miko\u0142aja &#8212; wz\u00f3r, piosenki na dobranoc tekst, test z dynastii mizio\u0142k\u00f3w, alina, bajki dla dziewczynek, lilianna, zagadki co to jest, znaczenie imiona alan, ach \u015bpij kochanie tekst, prezent dla trzynastolatki<\/p>\n<p>yyyyy<\/p>\n<p>&nbsp;<\/p>\n","protected":false},"excerpt":{"rendered":"<p>Calliope Podwozie Robota Motionkit zagadki dla 7 latk\u00f3w, prezent dla 15 latki, podchwytliwe zagadki matematyczne, co dla rocznego dziecka, prezent dla rocznej dziewczynki, filmy na \u015bwi\u0119ta bo\u017cego narodzenia, ma\u0142y ksi\u0105\u017c\u0119 cytaty, ko\u0142ysanka dla dzieci tekst, bajki dla dzieci do czytania na dobranoc, \u015bwi\u0119ty przemys\u0142aw, list do \u015bw miko\u0142aja &#8212; wz\u00f3r, piosenki na dobranoc tekst, test [&hellip;]<\/p>\n","protected":false},"featured_media":1917,"comment_status":"closed","ping_status":"open","template":"","meta":[],"product_cat":[337],"product_tag":[755,643,760,633],"class_list":["post-1916","product","type-product","status-publish","has-post-thumbnail","hentry","product_cat-zabawki-zdalnie-sterowane","product_tag-henryk","product_tag-prezent-dla-17-latki","product_tag-zagadka-matematyczna","product_tag-zagadki-z-odpowiedziami"],"_links":{"self":[{"href":"http:\/\/klubmamgdynia.pl\/index.php\/wp-json\/wp\/v2\/product\/1916","targetHints":{"allow":["GET"]}}],"collection":[{"href":"http:\/\/klubmamgdynia.pl\/index.php\/wp-json\/wp\/v2\/product"}],"about":[{"href":"http:\/\/klubmamgdynia.pl\/index.php\/wp-json\/wp\/v2\/types\/product"}],"replies":[{"embeddable":true,"href":"http:\/\/klubmamgdynia.pl\/index.php\/wp-json\/wp\/v2\/comments?post=1916"}],"wp:featuredmedia":[{"embeddable":true,"href":"http:\/\/klubmamgdynia.pl\/index.php\/wp-json\/wp\/v2\/media\/1917"}],"wp:attachment":[{"href":"http:\/\/klubmamgdynia.pl\/index.php\/wp-json\/wp\/v2\/media?parent=1916"}],"wp:term":[{"taxonomy":"product_cat","embeddable":true,"href":"http:\/\/klubmamgdynia.pl\/index.php\/wp-json\/wp\/v2\/product_cat?post=1916"},{"taxonomy":"product_tag","embeddable":true,"href":"http:\/\/klubmamgdynia.pl\/index.php\/wp-json\/wp\/v2\/product_tag?post=1916"}],"curies":[{"name":"wp","href":"https:\/\/api.w.org\/{rel}","templated":true}]}}