{"id":1918,"date":"2015-03-03T01:12:07","date_gmt":"2015-03-03T00:12:07","guid":{"rendered":"http:\/\/klubmamgdynia.pl\/index.php\/produkt\/summer-baby-nuni-krzeselko-do-karmienia-bez\/"},"modified":"2026-04-07T01:42:56","modified_gmt":"2026-04-06T23:42:56","slug":"summer-baby-nuni-krzeselko-do-karmienia-bez","status":"publish","type":"product","link":"http:\/\/klubmamgdynia.pl\/index.php\/produkt\/summer-baby-nuni-krzeselko-do-karmienia-bez\/","title":{"rendered":"Summer Baby Nuni Krzese\u0142ko Do Karmienia Be\u017c"},"content":{"rendered":"<p>Krzese\u0142ko Do Karmienia Dla Dzieci Summer Baby Nuni<\/p>\n<h2>Summer Baby Nuni Krzese\u0142ko Do Karmienia Be\u017c Summer Baby<\/h2>\n<p>zagadki dla starszych dzieci, kolorowanki andrzejkowe, zagadki na my\u015blenie, maska do druku, co oznacza nazwa jordan<\/p>\n<p>yyyyy<\/p>\n<p>&nbsp;<\/p>\n","protected":false},"excerpt":{"rendered":"<p>Krzese\u0142ko Do Karmienia Dla Dzieci Summer Baby Nuni Summer Baby Nuni Krzese\u0142ko Do Karmienia Be\u017c Summer Baby zagadki dla starszych dzieci, kolorowanki andrzejkowe, zagadki na my\u015blenie, maska do druku, co oznacza nazwa jordan yyyyy &nbsp;<\/p>\n","protected":false},"featured_media":1919,"comment_status":"closed","ping_status":"open","template":"","meta":[],"product_cat":[158,486],"product_tag":[829,775,620],"class_list":["post-1918","product","type-product","status-publish","has-post-thumbnail","hentry","product_cat-krzeselka-do-karmienia","product_cat-summer-baby","product_tag-bajki-do-czytania-na-dobranoc","product_tag-kolorowanki-do-druku-pokemon","product_tag-quiz-opowiesci-z-narnii"],"_links":{"self":[{"href":"http:\/\/klubmamgdynia.pl\/index.php\/wp-json\/wp\/v2\/product\/1918","targetHints":{"allow":["GET"]}}],"collection":[{"href":"http:\/\/klubmamgdynia.pl\/index.php\/wp-json\/wp\/v2\/product"}],"about":[{"href":"http:\/\/klubmamgdynia.pl\/index.php\/wp-json\/wp\/v2\/types\/product"}],"replies":[{"embeddable":true,"href":"http:\/\/klubmamgdynia.pl\/index.php\/wp-json\/wp\/v2\/comments?post=1918"}],"wp:featuredmedia":[{"embeddable":true,"href":"http:\/\/klubmamgdynia.pl\/index.php\/wp-json\/wp\/v2\/media\/1919"}],"wp:attachment":[{"href":"http:\/\/klubmamgdynia.pl\/index.php\/wp-json\/wp\/v2\/media?parent=1918"}],"wp:term":[{"taxonomy":"product_cat","embeddable":true,"href":"http:\/\/klubmamgdynia.pl\/index.php\/wp-json\/wp\/v2\/product_cat?post=1918"},{"taxonomy":"product_tag","embeddable":true,"href":"http:\/\/klubmamgdynia.pl\/index.php\/wp-json\/wp\/v2\/product_tag?post=1918"}],"curies":[{"name":"wp","href":"https:\/\/api.w.org\/{rel}","templated":true}]}}