{"id":1924,"date":"2025-07-29T13:33:34","date_gmt":"2025-07-29T11:33:34","guid":{"rendered":"http:\/\/klubmamgdynia.pl\/?post_type=product&#038;p=1924"},"modified":"2026-05-01T13:28:40","modified_gmt":"2026-05-01T11:28:40","slug":"jkm-zestaw-sprzatajacy-odkurzacz-mop-miotla-jkm0754-zabawka","status":"publish","type":"product","link":"http:\/\/klubmamgdynia.pl\/index.php\/produkt\/jkm-zestaw-sprzatajacy-odkurzacz-mop-miotla-jkm0754-zabawka\/","title":{"rendered":"Jkm Zestaw Sprz\u0105taj\u0105cy Odkurzacz Mop Miot\u0142a (Jkm0754) &#8211; Zabawka"},"content":{"rendered":"<p>Najwi\u0119kszy Zestaw sprz\u0105taj\u0105cy Odkurzacz +Dodatki<\/p>\n<h2>Jkm Zestaw Sprz\u0105taj\u0105cy Odkurzacz Mop Miot\u0142a (Jkm0754) &#8211; Zabawka Jkm<\/h2>\n<p>plan lekcji do druku, imiona dla ch\u0142opc\u00f3w, malowanki, fajne zagadki dla dzieci, ferie warszawa 2022, zabawka dla rocznej dziewczynki, kira, pozytywne cytaty mama cytaty, przysz\u0142a zima bia\u0142a, henryk, opisy do zdj z dzieckiem<\/p>\n<p>yyyyy<\/p>\n<p>&nbsp;<\/p>\n","protected":false},"excerpt":{"rendered":"<p>Najwi\u0119kszy Zestaw sprz\u0105taj\u0105cy Odkurzacz +Dodatki Jkm Zestaw Sprz\u0105taj\u0105cy Odkurzacz Mop Miot\u0142a (Jkm0754) &#8211; Zabawka Jkm plan lekcji do druku, imiona dla ch\u0142opc\u00f3w, malowanki, fajne zagadki dla dzieci, ferie warszawa 2022, zabawka dla rocznej dziewczynki, kira, pozytywne cytaty mama cytaty, przysz\u0142a zima bia\u0142a, henryk, opisy do zdj z dzieckiem yyyyy &nbsp;<\/p>\n","protected":false},"featured_media":1925,"comment_status":"closed","ping_status":"open","template":"","meta":[],"product_cat":[488,53],"product_tag":[833,656,654,810],"class_list":["post-1924","product","type-product","status-publish","has-post-thumbnail","hentry","product_cat-jkm","product_cat-kaciki-zabaw","product_tag-bajki-dla-dzieci-do-czytania","product_tag-kolorowanki-lol","product_tag-krotkie-bajki-dla-dzieci-do-czytania","product_tag-nauka-zegara-do-druku"],"_links":{"self":[{"href":"http:\/\/klubmamgdynia.pl\/index.php\/wp-json\/wp\/v2\/product\/1924","targetHints":{"allow":["GET"]}}],"collection":[{"href":"http:\/\/klubmamgdynia.pl\/index.php\/wp-json\/wp\/v2\/product"}],"about":[{"href":"http:\/\/klubmamgdynia.pl\/index.php\/wp-json\/wp\/v2\/types\/product"}],"replies":[{"embeddable":true,"href":"http:\/\/klubmamgdynia.pl\/index.php\/wp-json\/wp\/v2\/comments?post=1924"}],"wp:featuredmedia":[{"embeddable":true,"href":"http:\/\/klubmamgdynia.pl\/index.php\/wp-json\/wp\/v2\/media\/1925"}],"wp:attachment":[{"href":"http:\/\/klubmamgdynia.pl\/index.php\/wp-json\/wp\/v2\/media?parent=1924"}],"wp:term":[{"taxonomy":"product_cat","embeddable":true,"href":"http:\/\/klubmamgdynia.pl\/index.php\/wp-json\/wp\/v2\/product_cat?post=1924"},{"taxonomy":"product_tag","embeddable":true,"href":"http:\/\/klubmamgdynia.pl\/index.php\/wp-json\/wp\/v2\/product_tag?post=1924"}],"curies":[{"name":"wp","href":"https:\/\/api.w.org\/{rel}","templated":true}]}}