{"id":1926,"date":"2018-09-03T13:25:00","date_gmt":"2018-09-03T11:25:00","guid":{"rendered":"http:\/\/klubmamgdynia.pl\/index.php\/produkt\/lean-cars-auto-na-akumulator-xjl-988-szary\/"},"modified":"2026-04-19T01:01:00","modified_gmt":"2026-04-18T23:01:00","slug":"lean-cars-auto-na-akumulator-xjl-988-szary","status":"publish","type":"product","link":"http:\/\/klubmamgdynia.pl\/index.php\/produkt\/lean-cars-auto-na-akumulator-xjl-988-szary\/","title":{"rendered":"Lean Cars Auto Na Akumulator Xjl 988 Szary"},"content":{"rendered":"<p>Auto Na Akumulator XJL-988 SzaryWymiary opakowania:131 cm x 73 cm x 46 cm Waga opakowania:29 kg<\/p>\n<h2>Lean Cars Auto Na Akumulator Xjl 988 Szary Lean Cars<\/h2>\n<p>z\u0142ote my\u015bli kr\u00f3tkie, zagadki dla 7 latk\u00f3w, cytaty z ma\u0142ego ksi\u0119cia o przyja\u017ani, zagadki \u015bmieszne, co oznacza jordan, kolorowanka dla dzieci, lato lato lato czeka, audiobooki dla dzieci za darmo<\/p>\n<p>yyyyy<\/p>\n<p>&nbsp;<\/p>\n","protected":false},"excerpt":{"rendered":"<p>Auto Na Akumulator XJL-988 SzaryWymiary opakowania:131 cm x 73 cm x 46 cm Waga opakowania:29 kg Lean Cars Auto Na Akumulator Xjl 988 Szary Lean Cars z\u0142ote my\u015bli kr\u00f3tkie, zagadki dla 7 latk\u00f3w, cytaty z ma\u0142ego ksi\u0119cia o przyja\u017ani, zagadki \u015bmieszne, co oznacza jordan, kolorowanka dla dzieci, lato lato lato czeka, audiobooki dla dzieci za [&hellip;]<\/p>\n","protected":false},"featured_media":1927,"comment_status":"closed","ping_status":"open","template":"","meta":[],"product_cat":[69,24],"product_tag":[765,766,866,840,623,694,746],"class_list":["post-1926","product","type-product","status-publish","has-post-thumbnail","hentry","product_cat-lean-cars","product_cat-samochody-dla-dzieci","product_tag-atrakcje-dla-dzieci-warszawa","product_tag-kira","product_tag-opis-do-zdjecia-dziecka-na-fb","product_tag-stare-bajki","product_tag-zagadki-logiczne-smieszne","product_tag-zagadki-swiateczne-dla-dzieci","product_tag-zagadki-typu-co-to-jest"],"_links":{"self":[{"href":"http:\/\/klubmamgdynia.pl\/index.php\/wp-json\/wp\/v2\/product\/1926","targetHints":{"allow":["GET"]}}],"collection":[{"href":"http:\/\/klubmamgdynia.pl\/index.php\/wp-json\/wp\/v2\/product"}],"about":[{"href":"http:\/\/klubmamgdynia.pl\/index.php\/wp-json\/wp\/v2\/types\/product"}],"replies":[{"embeddable":true,"href":"http:\/\/klubmamgdynia.pl\/index.php\/wp-json\/wp\/v2\/comments?post=1926"}],"wp:featuredmedia":[{"embeddable":true,"href":"http:\/\/klubmamgdynia.pl\/index.php\/wp-json\/wp\/v2\/media\/1927"}],"wp:attachment":[{"href":"http:\/\/klubmamgdynia.pl\/index.php\/wp-json\/wp\/v2\/media?parent=1926"}],"wp:term":[{"taxonomy":"product_cat","embeddable":true,"href":"http:\/\/klubmamgdynia.pl\/index.php\/wp-json\/wp\/v2\/product_cat?post=1926"},{"taxonomy":"product_tag","embeddable":true,"href":"http:\/\/klubmamgdynia.pl\/index.php\/wp-json\/wp\/v2\/product_tag?post=1926"}],"curies":[{"name":"wp","href":"https:\/\/api.w.org\/{rel}","templated":true}]}}