{"id":1928,"date":"2018-12-18T01:03:38","date_gmt":"2018-12-18T00:03:38","guid":{"rendered":"http:\/\/klubmamgdynia.pl\/index.php\/produkt\/super-toys-mega-traktor-agriculture-z-przyczepa-2x200-24v-szybki-super-jakosc-jc000b\/"},"modified":"2026-04-06T01:33:56","modified_gmt":"2026-04-05T23:33:56","slug":"super-toys-mega-traktor-agriculture-z-przyczepa-2x200-24v-szybki-super-jakosc-jc000b","status":"publish","type":"product","link":"http:\/\/klubmamgdynia.pl\/index.php\/produkt\/super-toys-mega-traktor-agriculture-z-przyczepa-2x200-24v-szybki-super-jakosc-jc000b\/","title":{"rendered":"Super Toys Mega Traktor Agriculture Z Przyczep\u0105 2X200, 24V, Szybki Super Jakos\u0107\/Jc000B"},"content":{"rendered":"<p>Absolutna nowo\u015b\u0107:MEGA TRAKTOR AGRICULTURE Z PRZYCZEP\u0104 2X200, 24V, SZYBKI SUPER JAKOS\u0106\/JC000BKo\u0142a EVA,mi\u0119kkie siedzeniepilot,W najbogatszej wersji wyposa\u017cenia z dwoma silnikami 2 x 200 W.Model w kolorze zielonym:Opis na podstawie wybranego koloru:Ko\u0142a EVA:Siedzenie z pasami:Peda\u0142 gazu:Wygodna kierownica:Panel z USB, wska\u017anikiem na\u0142adowania akumulatora i klaksonemD\u017awignia zmiany kierunku jazdy,w\u0142\u0105cznik g\u0142\u00f3wnyprze\u0142\u0105cznik jazdy szybko\/wolno\u0141atwe odczepianie\/zaczepianie przyczepy:O\u015bwietlenie:Opis przedmiotu:MEGA TRAKTOR AGRICULTURE Z PRZYCZEP\u0104 2X200, 24V na mi\u0119kkich ko\u0142ach EVA, z przyczep\u0105 nap\u0119dzany dwoma mocnymi silnikami po 200 W z ca\u0142\u0105 pewno\u015bci zainteresuje m\u0142odego wielbiciela traktor\u00f3w.Przyczep\u0119 mo\u017cna w ka\u017cdej chwili odczepi\u0107 i porusza\u0107 si\u0119 samym traktorem.Panel z wej\u015bciem na USB wska\u017cnikiem na\u0142adowania pojazdu pojazdu umili o urazmaici zabaw\u0105.Pojazd posiada d\u017awigni\u0119 zmiany kierunku jazdy.Wygl\u0105d traktora przypomina prawdziwe pojazdy z tej grupy. Du\u017ce ko\u0142a zapewniaj\u0105 komfort jazdy, a wygodne siedzenie z pasami wygodn\u0105 podr\u00f3\u017c.Symbol katalogowy modelu:JC-000BTyp:TraktorIlo\u015b\u0107 miejsc:Pojazd dla 1 dzieckaParametry techniczne:Karoseria:Plastikowa,Silniki nap\u0119dowe:2x 200 W, 24V STRONG2 , 20000 RPMZasilanie:Akumulator 2 x 12V 7 Ah, AGM , INSTALACJA 24VPilot:Tak w technologii 2.4 Ghz, z funkcj\u0105 hamowania\u0141adowarka:230V 50 Hz 24VDC 1000 MAPrzyczepa w zestawie:Tak , na ko\u0142ach EVAIlo\u015b\u0107 bieg\u00f3w:Jazda manualna jazda w prz\u00f3d i w ty\u0142, skrzynia automatyczna Dwie pr\u0119dko\u015bci jazdy manualnej Trzy pr\u0119dko\u015bci jazdy z pilota Wej\u015bcie do \u0142adowania &#8211; przy siedzeniuWyposa\u017cenie pojazdu:Siedzenie:Eco sk\u00f3ra+ pasy Ko\u0142a: Traktor &#8211; EVA Przyczepa &#8211; EVA. Otwierane drzwi:Nie posiadaO\u015bwietlenie:wy\u015bwietlacz napi\u0119cia w panelu , \u015bwiat\u0142a przednieEfekty d\u017awi\u0119kowe:d\u017awi\u0119ki uruchamiania pojazdu &#8211; wark silnika wej\u015bciem na USB,klakson w paneluKluczyki:Nie, odpalanie guzikiemAmortyzatory:Nie Panel:Wska\u017anik na\u0142adowania akumulatora mo\u017cliwo\u015b\u0107 pod\u0142\u0105czenia USB, klaksonWymiary pojazdu, jazda, obci\u0105\u017cenie i funkcje dodatkowe:Wymiary pojazdu:d\u0142ugo\u015b\u0107 traktora bez przyczepy ok. 112 cm  d\u0142ugo\u015b\u0107 z przyczep\u0105 ok.:178 cm szeroko\u015b\u0107 ok.: 76 cm wysoko\u015b\u0107 do oparcia ok.: 67 cm wysoko\u015b\u0107 do kierownicy ok: 65 cm wysoko\u015b\u0107 od ziemii do siedzenia ok. 44 cm wymiar siedziska ok.: 32x21x28 cm odleg\u0142o\u015b\u0107 oparcia od peda\u0142u gazu: 69 cm ko\u0142o prz\u00f3d: ok.: 30 x 11 cm ko\u0142a ty\u0142 ok.: 36 x 13 cm prze\u015bwit od pod\u0142o\u017ca do przodu ok.: 12 cm przyczepa wymiar ok.:59x 50 cm, przyczepa ko\u0142a : ok.: 20 x 7,5 cm Max.obci\u0105\u017cenie pojazdu:50 kg &#8211; wersja 2&#215;200 WObci\u0105\u017cenie przyczepy do 5 kgWaga pojazdu:ok. 20,7 kgWymiar opakowania:108 cm x 61 cm x 52 cmWaga z opakowaniem ok.:25,2 kgPr\u0119dko\u015b\u0107 i jazda:do 12 km\/hHamowanie:Pojazd hamuje po zdj\u0119ciu nogi z gazu lub po naci\u015bni\u0119ciu przycisku STOP na pilocieCzas \u0142adowania:8 do 12 godzin,zasilacza nie nale\u017cy pozostawia\u0107 w \u017ar\u00f3dle zasilania, gdy pojazd nie jest \u0142adowanyCzas jazdy:do 1,5 godziny jazdy, w zale\u017cno\u015bci od warunk\u00f3w zewn\u0119trzych i obci\u0105\u017ceniaDodatkowe funkcje:panel do obs\u0142ugi pojazdu, odpinana przyczepa Gwarancja:Pisemna 12 miesi\u0119cyWysy\u0142ka i monta\u017c:Pojazd do samodzielnego monta\u017cu, wysy\u0142any w oryginalnym kartonie &#8211; czas monta\u017cu ok. 20 do 30 minut *Czas monta\u017cu zale\u017cy od umiej\u0119tno\u015bci osoby montuj\u0105cej.Tablica rejestracyjna:Prz\u00f3d: 8 cm x 3 cmTy\u0142: 14 cm x 3 cmGwarancja :12 miesi\u0119cyZnak zgodno\u015bci i certyfikaty:W zestawie:zasilacz akumulator instrukcja w j\u0119zyku polskim pisemna gwarancja Dbamy o bezpiecze\u0144stwo dzieci.Wszystkie nasze pojazdy posiadaj\u0105 wszystkie wymagane atesty i certyfikaty.Ostrze\u017cenia:1. Monta\u017c musi by\u0107 wykonany przez osob\u0119 doros\u0142\u0105.2. Jazda zawsze musi odbywa\u0107 si\u0119 pod nadzorem osoby doros\u0142ej nie nale\u017cy je\u017adzi\u0107 po drogach publicznych ( w ruchu publicznym) w pobli\u017cu miejsc niebezpiecznych, mo\u017ce to skutkowa\u0107 wypadkiem.3. Nale\u017cy stosowa\u0107 wyposa\u017cenie ochronne typu kask, ochraniacze na kolana, ochraniacze na \u0142okcie.4. Przeznaczenie od: 3 do 6 lat.<\/p>\n<h2>Super Toys Mega Traktor Agriculture Z Przyczep\u0105 2X200, 24V, Szybki Super Jakos\u0107\/Jc000B <\/h2>\n<p>tulipany kolorowanki, walentynka dla c\u00f3rki, kolorowanki kotki, kamila, prima aprilis zarty, gwiazdka do druku, julian, kolorowanki lol, miko\u0142ajki 2021 warszawa<\/p>\n<p>yyyyy<\/p>\n<p>&nbsp;<\/p>\n","protected":false},"excerpt":{"rendered":"<p>Absolutna nowo\u015b\u0107:MEGA TRAKTOR AGRICULTURE Z PRZYCZEP\u0104 2X200, 24V, SZYBKI SUPER JAKOS\u0106\/JC000BKo\u0142a EVA,mi\u0119kkie siedzeniepilot,W najbogatszej wersji wyposa\u017cenia z dwoma silnikami 2 x 200 W.Model w kolorze zielonym:Opis na podstawie wybranego koloru:Ko\u0142a EVA:Siedzenie z pasami:Peda\u0142 gazu:Wygodna kierownica:Panel z USB, wska\u017anikiem na\u0142adowania akumulatora i klaksonemD\u017awignia zmiany kierunku jazdy,w\u0142\u0105cznik g\u0142\u00f3wnyprze\u0142\u0105cznik jazdy szybko\/wolno\u0141atwe odczepianie\/zaczepianie przyczepy:O\u015bwietlenie:Opis przedmiotu:MEGA TRAKTOR AGRICULTURE Z PRZYCZEP\u0104 [&hellip;]<\/p>\n","protected":false},"featured_media":1929,"comment_status":"closed","ping_status":"open","template":"","meta":[],"product_cat":[489],"product_tag":[598,815,803,581],"class_list":["post-1928","product","type-product","status-publish","has-post-thumbnail","hentry","product_cat-traktory-dla-dzieci","product_tag-co-na-roczek-dla-dziewczynki","product_tag-ozdoby-choinkowe-dla-dzieci","product_tag-szlaczki-do-druku","product_tag-zagadki-dla-8-latka"],"_links":{"self":[{"href":"http:\/\/klubmamgdynia.pl\/index.php\/wp-json\/wp\/v2\/product\/1928","targetHints":{"allow":["GET"]}}],"collection":[{"href":"http:\/\/klubmamgdynia.pl\/index.php\/wp-json\/wp\/v2\/product"}],"about":[{"href":"http:\/\/klubmamgdynia.pl\/index.php\/wp-json\/wp\/v2\/types\/product"}],"replies":[{"embeddable":true,"href":"http:\/\/klubmamgdynia.pl\/index.php\/wp-json\/wp\/v2\/comments?post=1928"}],"wp:featuredmedia":[{"embeddable":true,"href":"http:\/\/klubmamgdynia.pl\/index.php\/wp-json\/wp\/v2\/media\/1929"}],"wp:attachment":[{"href":"http:\/\/klubmamgdynia.pl\/index.php\/wp-json\/wp\/v2\/media?parent=1928"}],"wp:term":[{"taxonomy":"product_cat","embeddable":true,"href":"http:\/\/klubmamgdynia.pl\/index.php\/wp-json\/wp\/v2\/product_cat?post=1928"},{"taxonomy":"product_tag","embeddable":true,"href":"http:\/\/klubmamgdynia.pl\/index.php\/wp-json\/wp\/v2\/product_tag?post=1928"}],"curies":[{"name":"wp","href":"https:\/\/api.w.org\/{rel}","templated":true}]}}