{"id":193,"date":"2013-01-02T20:53:08","date_gmt":"2013-01-02T19:53:08","guid":{"rendered":"http:\/\/klubmamgdynia.pl\/index.php\/produkt\/materasso-stelaz-triple-t12-80x200\/"},"modified":"2026-04-28T17:25:48","modified_gmt":"2026-04-28T15:25:48","slug":"materasso-stelaz-triple-t12-80x200","status":"publish","type":"product","link":"http:\/\/klubmamgdynia.pl\/index.php\/produkt\/materasso-stelaz-triple-t12-80x200\/","title":{"rendered":"Materasso stela\u017c Triple T12 80&#215;200"},"content":{"rendered":"<p>Stela\u017c Materasso &#8211; Triple T12Stela\u017c elastyczny posiada 42 listwy, oraz ca\u0142kowicie pokryty jest foli\u0105 carbon. Najnowsze osi\u0105gni\u0119cie w dopasowaniu si\u0119 sylwetki. Uchwyty triple zapewniaj\u0105 3 razy wi\u0119ksz\u0105 elastyczno\u015b\u0107. Regulacja twardo\u015bci w strefie T12 sprawia, \u017ce w tym miejscu znajduje si\u0119 dwana\u015bcie podw\u00f3jne listwy wzmacniaj\u0105ce oraz miejsce do samodzielnej regulacji twardo\u015bci.<\/p>\n<h2>Materasso stela\u017c Triple T12 80&#215;200 Materasso<\/h2>\n<p>rainbow dash kolorowanka, cytaty z ma\u0142ego ksi\u0119cia, kr\u00f3tkie bajki do czytania na dobranoc, prezent dla ch\u0142opca na roczek, zagadki o wiosnie, pisanie po \u015bladzie do druku pdf, super zings do druku, chase kolorowanka, piesek do kolorowania, prezent dla jedenastolatka<\/p>\n<p>yyyyy<\/p>\n<p>&nbsp;<\/p>\n","protected":false},"excerpt":{"rendered":"<p>Stela\u017c Materasso &#8211; Triple T12Stela\u017c elastyczny posiada 42 listwy, oraz ca\u0142kowicie pokryty jest foli\u0105 carbon. Najnowsze osi\u0105gni\u0119cie w dopasowaniu si\u0119 sylwetki. Uchwyty triple zapewniaj\u0105 3 razy wi\u0119ksz\u0105 elastyczno\u015b\u0107. Regulacja twardo\u015bci w strefie T12 sprawia, \u017ce w tym miejscu znajduje si\u0119 dwana\u015bcie podw\u00f3jne listwy wzmacniaj\u0105ce oraz miejsce do samodzielnej regulacji twardo\u015bci. Materasso stela\u017c Triple T12 80&#215;200 [&hellip;]<\/p>\n","protected":false},"featured_media":194,"comment_status":"closed","ping_status":"open","template":"","meta":[],"product_cat":[100,101],"product_tag":[612,747,742,632,788],"class_list":["post-193","product","type-product","status-publish","has-post-thumbnail","hentry","product_cat-materasso","product_cat-stelaze-do-lozek","product_tag-kolorowanki-do-druku","product_tag-malowanki-do-druku","product_tag-piosenki-dla-dzieci-tekst","product_tag-warszawa-atrakcje-dla-mlodziezy","product_tag-zagadki-krotkie"],"_links":{"self":[{"href":"http:\/\/klubmamgdynia.pl\/index.php\/wp-json\/wp\/v2\/product\/193","targetHints":{"allow":["GET"]}}],"collection":[{"href":"http:\/\/klubmamgdynia.pl\/index.php\/wp-json\/wp\/v2\/product"}],"about":[{"href":"http:\/\/klubmamgdynia.pl\/index.php\/wp-json\/wp\/v2\/types\/product"}],"replies":[{"embeddable":true,"href":"http:\/\/klubmamgdynia.pl\/index.php\/wp-json\/wp\/v2\/comments?post=193"}],"wp:featuredmedia":[{"embeddable":true,"href":"http:\/\/klubmamgdynia.pl\/index.php\/wp-json\/wp\/v2\/media\/194"}],"wp:attachment":[{"href":"http:\/\/klubmamgdynia.pl\/index.php\/wp-json\/wp\/v2\/media?parent=193"}],"wp:term":[{"taxonomy":"product_cat","embeddable":true,"href":"http:\/\/klubmamgdynia.pl\/index.php\/wp-json\/wp\/v2\/product_cat?post=193"},{"taxonomy":"product_tag","embeddable":true,"href":"http:\/\/klubmamgdynia.pl\/index.php\/wp-json\/wp\/v2\/product_tag?post=193"}],"curies":[{"name":"wp","href":"https:\/\/api.w.org\/{rel}","templated":true}]}}