{"id":1930,"date":"2015-01-25T03:41:05","date_gmt":"2015-01-25T02:41:05","guid":{"rendered":"http:\/\/klubmamgdynia.pl\/index.php\/produkt\/spin-master-paw-pr-r-r-themed-vehic-r-6058587\/"},"modified":"2026-04-26T13:59:13","modified_gmt":"2026-04-26T11:59:13","slug":"spin-master-paw-pr-r-r-themed-vehic-r-6058587","status":"publish","type":"product","link":"http:\/\/klubmamgdynia.pl\/index.php\/produkt\/spin-master-paw-pr-r-r-themed-vehic-r-6058587\/","title":{"rendered":"Spin Master Paw Pr R R Themed Vehic R 6058587"},"content":{"rendered":"<p>Psi Patrol Pojazd z figurk\u0105 Rubble Spin Master<\/p>\n<h2>Spin Master Paw Pr R R Themed Vehic R 6058587 Spin Master<\/h2>\n<p>ma\u0142y ksi\u0105\u017ce cytaty o przyja\u017ani, minecraft kolorowanki, magiczne drzewo czerwone krzes\u0142o test, upominek dla nastolatk\u00f3w, zagadki \u0142amig\u0142\u00f3wki, quiz o psie kt\u00f3ry je\u017adzi\u0142 kolej\u0105, matylda znaczenie imienia, bajka o \u017cabie, cytaty o dzieci\u0144stwie, prezenty na roczek dla dziewczynki, znaki drogowe quizy, dyplomy dla przedszkolak\u00f3w do wydrukowania<\/p>\n<p>yyyyy<\/p>\n<p>&nbsp;<\/p>\n","protected":false},"excerpt":{"rendered":"<p>Psi Patrol Pojazd z figurk\u0105 Rubble Spin Master Spin Master Paw Pr R R Themed Vehic R 6058587 Spin Master ma\u0142y ksi\u0105\u017ce cytaty o przyja\u017ani, minecraft kolorowanki, magiczne drzewo czerwone krzes\u0142o test, upominek dla nastolatk\u00f3w, zagadki \u0142amig\u0142\u00f3wki, quiz o psie kt\u00f3ry je\u017adzi\u0142 kolej\u0105, matylda znaczenie imienia, bajka o \u017cabie, cytaty o dzieci\u0144stwie, prezenty na roczek [&hellip;]<\/p>\n","protected":false},"featured_media":1931,"comment_status":"closed","ping_status":"open","template":"","meta":[],"product_cat":[83,94],"product_tag":[817,686,748,742,816],"class_list":["post-1930","product","type-product","status-publish","has-post-thumbnail","hentry","product_cat-auta-i-inne-pojazdy-do-zabawy","product_cat-spin-master","product_tag-bajka-terapeutyczna-o-emocjach","product_tag-co-na-roczek-dla-chlopca","product_tag-okolice-wroclawia-atrakcje","product_tag-piosenki-dla-dzieci-tekst","product_tag-place-zabaw-warszawa"],"_links":{"self":[{"href":"http:\/\/klubmamgdynia.pl\/index.php\/wp-json\/wp\/v2\/product\/1930","targetHints":{"allow":["GET"]}}],"collection":[{"href":"http:\/\/klubmamgdynia.pl\/index.php\/wp-json\/wp\/v2\/product"}],"about":[{"href":"http:\/\/klubmamgdynia.pl\/index.php\/wp-json\/wp\/v2\/types\/product"}],"replies":[{"embeddable":true,"href":"http:\/\/klubmamgdynia.pl\/index.php\/wp-json\/wp\/v2\/comments?post=1930"}],"wp:featuredmedia":[{"embeddable":true,"href":"http:\/\/klubmamgdynia.pl\/index.php\/wp-json\/wp\/v2\/media\/1931"}],"wp:attachment":[{"href":"http:\/\/klubmamgdynia.pl\/index.php\/wp-json\/wp\/v2\/media?parent=1930"}],"wp:term":[{"taxonomy":"product_cat","embeddable":true,"href":"http:\/\/klubmamgdynia.pl\/index.php\/wp-json\/wp\/v2\/product_cat?post=1930"},{"taxonomy":"product_tag","embeddable":true,"href":"http:\/\/klubmamgdynia.pl\/index.php\/wp-json\/wp\/v2\/product_tag?post=1930"}],"curies":[{"name":"wp","href":"https:\/\/api.w.org\/{rel}","templated":true}]}}