{"id":1932,"date":"2014-01-25T16:43:40","date_gmt":"2014-01-25T15:43:40","guid":{"rendered":"http:\/\/klubmamgdynia.pl\/index.php\/produkt\/puzzle-edukacyjne-owoce-i-warzywa-adamigo-60el\/"},"modified":"2026-05-17T22:38:30","modified_gmt":"2026-05-17T20:38:30","slug":"puzzle-edukacyjne-owoce-i-warzywa-adamigo-60el","status":"publish","type":"product","link":"http:\/\/klubmamgdynia.pl\/index.php\/produkt\/puzzle-edukacyjne-owoce-i-warzywa-adamigo-60el\/","title":{"rendered":"Puzzle Edukacyjne Owoce I Warzywa Adamigo 60el"},"content":{"rendered":"<p>Celem zestawu jest nauka angielskich s\u0142\u00f3wek poprzez zabaw\u0119!Podczas uk\u0142adania puzzli dziecko w naturalny spos\u00f3b utrwala graficzny zapis wyrazu angielskiego, wskazana jest pomoc osoby doros\u0142ej w odczytywaniu wyraz\u00f3w, tak, aby dziecko r\u00f3wnocze\u015bnie kodowa\u0142o wymow\u0119 z wyrazemDzieciom rozdaje si\u0119 losowo mniejsze cz\u0119\u015bci puzzli z napisem angielskim, ka\u017cdemu tak\u0105 sam\u0105 ilo\u015b\u0107. Pozosta\u0142e cz\u0119\u015bci uk\u0142ada si\u0119 na stole obrazkami w d\u00f3\u0142. Dzieci kolejno si\u0119gaj\u0105 po jeden element i staraj\u0105 si\u0119 dopasowa\u0107 go do swoich kartonik\u00f3w. Ten z graczy, kt\u00f3ry najszybciej skompletuje sw\u00f3j zestaw, wygrywaDane Produktu:Marka: AdamigoP\u0142e\u0107: Ch\u0142opcy, DziewczynkiRodzaj: Puzzle EdukacyjneLiczba element\u00f3w: 60Wymagania wiekowe: od 5 lat&#8230;<\/p>\n<h2>Puzzle Edukacyjne Owoce I Warzywa Adamigo 60el Adamigo<\/h2>\n<p>atrakcje dla nastolatk\u00f3w, \u015bw przemys\u0142aw, wzruszaj\u0105c\u0105 piosenka dla taty, prezenty na urodziny dla nastolatk\u00f3w, testy z lektury opowie\u015bci z narnii lew czarownica i stara szafa, nietypowe imiona \u017ce\u0144skie, prezent na roczek dziewczynka, z\u0142ote my\u015bli o przyja\u017ani, \u015bwinka peppa bajka do czytania<\/p>\n<p>yyyyy<\/p>\n<p>&nbsp;<\/p>\n","protected":false},"excerpt":{"rendered":"<p>Celem zestawu jest nauka angielskich s\u0142\u00f3wek poprzez zabaw\u0119!Podczas uk\u0142adania puzzli dziecko w naturalny spos\u00f3b utrwala graficzny zapis wyrazu angielskiego, wskazana jest pomoc osoby doros\u0142ej w odczytywaniu wyraz\u00f3w, tak, aby dziecko r\u00f3wnocze\u015bnie kodowa\u0142o wymow\u0119 z wyrazemDzieciom rozdaje si\u0119 losowo mniejsze cz\u0119\u015bci puzzli z napisem angielskim, ka\u017cdemu tak\u0105 sam\u0105 ilo\u015b\u0107. Pozosta\u0142e cz\u0119\u015bci uk\u0142ada si\u0119 na stole obrazkami [&hellip;]<\/p>\n","protected":false},"featured_media":1933,"comment_status":"closed","ping_status":"open","template":"","meta":[],"product_cat":[234,90],"product_tag":[803,641,672,809],"class_list":["post-1932","product","type-product","status-publish","has-post-thumbnail","hentry","product_cat-adamigo","product_cat-puzzle","product_tag-szlaczki-do-druku","product_tag-trudne-zagadki-logiczne","product_tag-trudne-zagadki-z-odpowiedziami","product_tag-zagadki"],"_links":{"self":[{"href":"http:\/\/klubmamgdynia.pl\/index.php\/wp-json\/wp\/v2\/product\/1932","targetHints":{"allow":["GET"]}}],"collection":[{"href":"http:\/\/klubmamgdynia.pl\/index.php\/wp-json\/wp\/v2\/product"}],"about":[{"href":"http:\/\/klubmamgdynia.pl\/index.php\/wp-json\/wp\/v2\/types\/product"}],"replies":[{"embeddable":true,"href":"http:\/\/klubmamgdynia.pl\/index.php\/wp-json\/wp\/v2\/comments?post=1932"}],"wp:featuredmedia":[{"embeddable":true,"href":"http:\/\/klubmamgdynia.pl\/index.php\/wp-json\/wp\/v2\/media\/1933"}],"wp:attachment":[{"href":"http:\/\/klubmamgdynia.pl\/index.php\/wp-json\/wp\/v2\/media?parent=1932"}],"wp:term":[{"taxonomy":"product_cat","embeddable":true,"href":"http:\/\/klubmamgdynia.pl\/index.php\/wp-json\/wp\/v2\/product_cat?post=1932"},{"taxonomy":"product_tag","embeddable":true,"href":"http:\/\/klubmamgdynia.pl\/index.php\/wp-json\/wp\/v2\/product_tag?post=1932"}],"curies":[{"name":"wp","href":"https:\/\/api.w.org\/{rel}","templated":true}]}}