{"id":1934,"date":"2021-11-21T16:13:06","date_gmt":"2021-11-21T15:13:06","guid":{"rendered":"http:\/\/klubmamgdynia.pl\/index.php\/produkt\/niebieski-deresz-appaloosa\/"},"modified":"2026-04-03T10:16:27","modified_gmt":"2026-04-03T08:16:27","slug":"niebieski-deresz-appaloosa","status":"publish","type":"product","link":"http:\/\/klubmamgdynia.pl\/index.php\/produkt\/niebieski-deresz-appaloosa\/","title":{"rendered":"Niebieski Deresz Appaloosa"},"content":{"rendered":"<p>Collecta to wyj\u0105tkowa seria figurek kolekcjonerskich, kt\u00f3ra dzi\u0119ki realnemu oddaniu prawdziwego wygl\u0105du doskonale sprawdz\u0105 si\u0119 jako materia\u0142 edukacyjny. Potwierdza to wiele rodzic\u00f3w i dzieci, kt\u00f3re w swoich domach posiadaj\u0105 kolekcje sk\u0142adaj\u0105ce si\u0119 z wielu figurek.Ca\u0142a kolekcja obejmuje ponad 500 r\u00f3\u017cnych gatunk\u00f3w, jednak producent co roku wprowadza do sprzeda\u017cy nowe, nieustannie zaskakuj\u0105c proponowanymi przez siebie gatunkami zwierz\u0105t w rozmaitych pozach. Figurki dost\u0119pne s\u0105 w 4 grupach cenowych zwi\u0105zanych z ich wymiarami (S, M, L, XL). W ofercie dost\u0119pne s\u0105 r\u00f3wnie\u017c wyj\u0105tkowe figurki z serii deluxe i akcesoria, kt\u00f3re gwarantuj\u0105 dodatkowe opcje aktywnej zabawy.<\/p>\n<h2>Niebieski Deresz Appaloosa Collecta<\/h2>\n<p>test z lektury mitologia grecka, zagadki dla 5 latka, kira, cytat na dzie\u0144 mamy, linda, test opowie\u015bci z narnii lew czarownica i stara szafa do druku, zabawy ruchowe dla dzieci w wieku szkolnym, niech \u017cyj\u0105 wakacje tekst, test z ani z zielonego wzg\u00f3rza, kolorowanka lego ninjago<\/p>\n<p>yyyyy<\/p>\n<p>&nbsp;<\/p>\n","protected":false},"excerpt":{"rendered":"<p>Collecta to wyj\u0105tkowa seria figurek kolekcjonerskich, kt\u00f3ra dzi\u0119ki realnemu oddaniu prawdziwego wygl\u0105du doskonale sprawdz\u0105 si\u0119 jako materia\u0142 edukacyjny. Potwierdza to wiele rodzic\u00f3w i dzieci, kt\u00f3re w swoich domach posiadaj\u0105 kolekcje sk\u0142adaj\u0105ce si\u0119 z wielu figurek.Ca\u0142a kolekcja obejmuje ponad 500 r\u00f3\u017cnych gatunk\u00f3w, jednak producent co roku wprowadza do sprzeda\u017cy nowe, nieustannie zaskakuj\u0105c proponowanymi przez siebie gatunkami [&hellip;]<\/p>\n","protected":false},"featured_media":1935,"comment_status":"closed","ping_status":"open","template":"","meta":[],"product_cat":[490,95],"product_tag":[599,798,632,738,604],"class_list":["post-1934","product","type-product","status-publish","has-post-thumbnail","hentry","product_cat-collecta","product_cat-figurki-makiety-i-zestawy","product_tag-prezent-dla-nastolatkow-2021","product_tag-prezenty-dla-nastolatki","product_tag-warszawa-atrakcje-dla-mlodziezy","product_tag-wroclaw-dla-dzieci","product_tag-zagadki-trudne"],"_links":{"self":[{"href":"http:\/\/klubmamgdynia.pl\/index.php\/wp-json\/wp\/v2\/product\/1934","targetHints":{"allow":["GET"]}}],"collection":[{"href":"http:\/\/klubmamgdynia.pl\/index.php\/wp-json\/wp\/v2\/product"}],"about":[{"href":"http:\/\/klubmamgdynia.pl\/index.php\/wp-json\/wp\/v2\/types\/product"}],"replies":[{"embeddable":true,"href":"http:\/\/klubmamgdynia.pl\/index.php\/wp-json\/wp\/v2\/comments?post=1934"}],"wp:featuredmedia":[{"embeddable":true,"href":"http:\/\/klubmamgdynia.pl\/index.php\/wp-json\/wp\/v2\/media\/1935"}],"wp:attachment":[{"href":"http:\/\/klubmamgdynia.pl\/index.php\/wp-json\/wp\/v2\/media?parent=1934"}],"wp:term":[{"taxonomy":"product_cat","embeddable":true,"href":"http:\/\/klubmamgdynia.pl\/index.php\/wp-json\/wp\/v2\/product_cat?post=1934"},{"taxonomy":"product_tag","embeddable":true,"href":"http:\/\/klubmamgdynia.pl\/index.php\/wp-json\/wp\/v2\/product_tag?post=1934"}],"curies":[{"name":"wp","href":"https:\/\/api.w.org\/{rel}","templated":true}]}}