{"id":1936,"date":"2013-08-09T01:25:44","date_gmt":"2013-08-08T23:25:44","guid":{"rendered":"http:\/\/klubmamgdynia.pl\/index.php\/produkt\/genesis-mangan-p65-njg-0707\/"},"modified":"2026-04-06T00:01:21","modified_gmt":"2026-04-05T22:01:21","slug":"genesis-mangan-p65-njg-0707","status":"publish","type":"product","link":"http:\/\/klubmamgdynia.pl\/index.php\/produkt\/genesis-mangan-p65-njg-0707\/","title":{"rendered":"Genesis Mangan P65 (NJG-0707)"},"content":{"rendered":"<p>UNIWERSALNY GAMEPADGenesis P65 to uniwersalny Gamapad, kt\u00f3ry jest kompatybilny zar\u00f3wno z komputerem jak i konsol\u0105 PS3. Wysoka jako\u015b\u0107 oraz pokryta gum\u0105 powierzchnia zapewni\u0105 odpowiedni\u0105 wygod\u0119 gry.                            <\/p>\n<p>DWA TRYBYP65 umo\u017cliwia bezproblemowe prze\u0142\u0105czanie tryby pracy pomi\u0119dzy X-Input, a D-Input. Pozwoli to na unikni\u0119cie ogranicze\u0144 poszczeg\u00f3lnych interfejs\u00f3w i mo\u017cliwo\u015b\u0107 grania w ka\u017cd\u0105 gr\u0119 zar\u00f3wno na konsoli jaki i komputerze z systemem Windows.                            <\/p>\n<p>REALISTYCZNE WIBRACJEZa jak najbardziej realistyczne oddawanie wydarze\u0144 z gry odpowiada system wibracji. Zapewnia on nie tylko realistyczne doznania, ale tak\u017ce zwi\u0119kszy intensywno\u015b\u0107 ka\u017cdej rozgrywki, by jak najbardziej cieszy\u0107 si\u0119 gr\u0105.                            <\/p>\n<p>PE\u0141NA KONTROLAGamepad P65 wyposa\u017cony jest nie tylko w dwa analogi, ale tak\u017ce 8-kierunkowy krzy\u017cak. Rozwi\u0105zanie to powoduje, \u017ce b\u0119dzie on wygodny zar\u00f3wno dla tych kt\u00f3rzy pos\u0142uguj\u0105 si\u0119 wy\u0142\u0105cznie analogami, jak i dla tych, kt\u00f3rzy wol\u0105 inny uk\u0142ad r\u0105k na padzie.PEWNY CHWYTPowierzchnia P65 pokryta jest gum\u0105, co zapewni\u0107 ma pewny chwyt niezale\u017cnie od warunk\u00f3w. Pozwoli to cieszy\u0107 si\u0119 gr\u0105 nawet najbardziej zapalonych graczy, dla kt\u00f3rych zwyk\u0142y pad to za ma\u0142o.                            <\/p>\n<p>SPECYFIKACJAPlatforma PC, PS3Liczba przycisk\u00f3w 12Komunikacja PrzewodowaD\u0142ugo\u015b\u0107 kabla 180 cmDodatkowe funkcje Wibracje, Tryb X-input i D-inputWymagania systemowe Windows XP\/Vista\/7\/8\/10\/Android 4.2 lub wy\u017cszy<\/p>\n<h2>Genesis Mangan P65 (NJG-0707) Genesis<\/h2>\n<p>krok jak narysowa\u0107 konia, logiczne zagadki dla dzieci, p\u0142atki \u015bniegu szablon, kubu\u015b puchatek cytaty, pomysly na prima aprilis, szlaczki do druku, zaproszenia do druku, halloween dla dzieci 2021, pomys\u0142 na prima aprilis, wulkan z sody, prezent dla nastolatk\u00f3w, stare piosenki, wroc\u0142aw atrakcje dla m\u0142odzie\u017cy, myszka minnie kolorowanka<\/p>\n<p>yyyyy<\/p>\n<p>&nbsp;<\/p>\n","protected":false},"excerpt":{"rendered":"<p>UNIWERSALNY GAMEPADGenesis P65 to uniwersalny Gamapad, kt\u00f3ry jest kompatybilny zar\u00f3wno z komputerem jak i konsol\u0105 PS3. Wysoka jako\u015b\u0107 oraz pokryta gum\u0105 powierzchnia zapewni\u0105 odpowiedni\u0105 wygod\u0119 gry. DWA TRYBYP65 umo\u017cliwia bezproblemowe prze\u0142\u0105czanie tryby pracy pomi\u0119dzy X-Input, a D-Input. Pozwoli to na unikni\u0119cie ogranicze\u0144 poszczeg\u00f3lnych interfejs\u00f3w i mo\u017cliwo\u015b\u0107 grania w ka\u017cd\u0105 gr\u0119 zar\u00f3wno na konsoli jaki i [&hellip;]<\/p>\n","protected":false},"featured_media":1937,"comment_status":"closed","ping_status":"open","template":"","meta":[],"product_cat":[419,491],"product_tag":[834,619,795],"class_list":["post-1936","product","type-product","status-publish","has-post-thumbnail","hentry","product_cat-gamepady","product_cat-genesis","product_tag-bajka-do-czytania-na-dobranoc","product_tag-iwo-imie","product_tag-mini-zoo-warszawa"],"_links":{"self":[{"href":"http:\/\/klubmamgdynia.pl\/index.php\/wp-json\/wp\/v2\/product\/1936","targetHints":{"allow":["GET"]}}],"collection":[{"href":"http:\/\/klubmamgdynia.pl\/index.php\/wp-json\/wp\/v2\/product"}],"about":[{"href":"http:\/\/klubmamgdynia.pl\/index.php\/wp-json\/wp\/v2\/types\/product"}],"replies":[{"embeddable":true,"href":"http:\/\/klubmamgdynia.pl\/index.php\/wp-json\/wp\/v2\/comments?post=1936"}],"wp:featuredmedia":[{"embeddable":true,"href":"http:\/\/klubmamgdynia.pl\/index.php\/wp-json\/wp\/v2\/media\/1937"}],"wp:attachment":[{"href":"http:\/\/klubmamgdynia.pl\/index.php\/wp-json\/wp\/v2\/media?parent=1936"}],"wp:term":[{"taxonomy":"product_cat","embeddable":true,"href":"http:\/\/klubmamgdynia.pl\/index.php\/wp-json\/wp\/v2\/product_cat?post=1936"},{"taxonomy":"product_tag","embeddable":true,"href":"http:\/\/klubmamgdynia.pl\/index.php\/wp-json\/wp\/v2\/product_tag?post=1936"}],"curies":[{"name":"wp","href":"https:\/\/api.w.org\/{rel}","templated":true}]}}