{"id":1940,"date":"2025-02-13T18:03:39","date_gmt":"2025-02-13T17:03:39","guid":{"rendered":"http:\/\/klubmamgdynia.pl\/?post_type=product&#038;p=1940"},"modified":"2026-04-07T18:44:55","modified_gmt":"2026-04-07T16:44:55","slug":"trifox-kolejka-na-baterie-24el","status":"publish","type":"product","link":"http:\/\/klubmamgdynia.pl\/index.php\/produkt\/trifox-kolejka-na-baterie-24el\/","title":{"rendered":"Trifox Kolejka Na Baterie 24El"},"content":{"rendered":"<p>Kolejka na baterie 24el&#8230;<\/p>\n<h2>Trifox Kolejka Na Baterie 24El Trifox<\/h2>\n<p>adriana imi\u0119, litera y do druku, prezent dla m\u0142odzie\u017cy, zagadki logiczne dla doros\u0142ych, test z lektury asiunia, swinka peppa do czytania, quiz psi patrol, pomys\u0142y na prezent dla nastolatk\u00f3w, platformy edukacyjne dla dzieci, mdk aleksandr\u00f3w \u0142\u00f3dzki, \u015bmieszne zagadki z odpowiedziami, krok jak narysowa\u0107 konia, zdania do pisania dla dzieci do wydruku, bianka, aaa kotki dwa tekst, malowanki, zygzak mcqueen kolorowanka, delfinarium polska, cukierku ty \u0142obuzie test, fabian, quiz bajki<\/p>\n<p>yyyyy<\/p>\n<p>&nbsp;<\/p>\n","protected":false},"excerpt":{"rendered":"<p>Kolejka na baterie 24el&#8230; Trifox Kolejka Na Baterie 24El Trifox adriana imi\u0119, litera y do druku, prezent dla m\u0142odzie\u017cy, zagadki logiczne dla doros\u0142ych, test z lektury asiunia, swinka peppa do czytania, quiz psi patrol, pomys\u0142y na prezent dla nastolatk\u00f3w, platformy edukacyjne dla dzieci, mdk aleksandr\u00f3w \u0142\u00f3dzki, \u015bmieszne zagadki z odpowiedziami, krok jak narysowa\u0107 konia, zdania [&hellip;]<\/p>\n","protected":false},"featured_media":1941,"comment_status":"closed","ping_status":"open","template":"","meta":[],"product_cat":[56,308],"product_tag":[668,808,586,629,850,812],"class_list":["post-1940","product","type-product","status-publish","has-post-thumbnail","hentry","product_cat-kolejki","product_cat-trifox","product_tag-atrakcje-dla-dzieci-wroclaw","product_tag-imie-mia","product_tag-smieszne-zagadki","product_tag-smieszne-zagadki-z-odpowiedziami","product_tag-wroclaw-atrakcje-dla-dzieci","product_tag-zagadki-logiczne-na-inteligencje"],"_links":{"self":[{"href":"http:\/\/klubmamgdynia.pl\/index.php\/wp-json\/wp\/v2\/product\/1940","targetHints":{"allow":["GET"]}}],"collection":[{"href":"http:\/\/klubmamgdynia.pl\/index.php\/wp-json\/wp\/v2\/product"}],"about":[{"href":"http:\/\/klubmamgdynia.pl\/index.php\/wp-json\/wp\/v2\/types\/product"}],"replies":[{"embeddable":true,"href":"http:\/\/klubmamgdynia.pl\/index.php\/wp-json\/wp\/v2\/comments?post=1940"}],"wp:featuredmedia":[{"embeddable":true,"href":"http:\/\/klubmamgdynia.pl\/index.php\/wp-json\/wp\/v2\/media\/1941"}],"wp:attachment":[{"href":"http:\/\/klubmamgdynia.pl\/index.php\/wp-json\/wp\/v2\/media?parent=1940"}],"wp:term":[{"taxonomy":"product_cat","embeddable":true,"href":"http:\/\/klubmamgdynia.pl\/index.php\/wp-json\/wp\/v2\/product_cat?post=1940"},{"taxonomy":"product_tag","embeddable":true,"href":"http:\/\/klubmamgdynia.pl\/index.php\/wp-json\/wp\/v2\/product_tag?post=1940"}],"curies":[{"name":"wp","href":"https:\/\/api.w.org\/{rel}","templated":true}]}}