{"id":1942,"date":"2025-09-06T20:07:04","date_gmt":"2025-09-06T18:07:04","guid":{"rendered":"http:\/\/klubmamgdynia.pl\/?post_type=product&#038;p=1942"},"modified":"2026-05-17T22:39:56","modified_gmt":"2026-05-17T20:39:56","slug":"hevea-materac-z-lateksem-snudo-max-pokrowiec-aegis-natural-care-rozmiar-200-120","status":"publish","type":"product","link":"http:\/\/klubmamgdynia.pl\/index.php\/produkt\/hevea-materac-z-lateksem-snudo-max-pokrowiec-aegis-natural-care-rozmiar-200-120\/","title":{"rendered":"Hevea Materac Z Lateksem Snudo Max Pokrowiec Aegis Natural Care Rozmiar 200 120"},"content":{"rendered":"<p>Trwa\u0142y i zdrowy materac z pianki wysoko elastycznej o dw\u00f3ch r\u00f3\u017cnych stronach u\u017cytkowych 3 strefowej i bezstrefowej &#8211; grubo\u015bci 11 cm. Jednostronnie ob\u0142o\u017cona p\u0142yt\u0105 z elastycznego lateksu typu Ocean Blue grubo\u015bci 3 cm z \u017celem silikonowym wch\u0142aniaj\u0105cym nadmiar wilgoci z otoczenia materaca. Pokrowiec AEGIS z dzianiny pikowanej w\u0142\u00f3knin\u0105 klimatyzowan\u0105.\u200b Wyr\u00f3b Medyczny kl. I<\/p>\n<h2>Hevea Materac Z Lateksem Snudo Max Pokrowiec Aegis Natural Care Rozmiar 200 120 HEVEA<\/h2>\n<p>lego ninjago kolorowanki, Keyword, mini zoo mazowieckie, quiz o flagach europy, quiz o wio\u015bnie, opowie\u015b\u0107 wigilijna test z odpowiedziami, iwo imie, bajki do czytania dla dzieci, medrcy swiata, kolorowanki na andrzejki do wydruku, zagadki s\u0142owne, ciekawe zagadki i odpowiedzi, jeremi, korczak cytaty, przyja\u017a\u0144 cytaty, jak zrobi\u0107 wulkan, laurka na urodziny do druku, \u015bwi\u0119ta wielkanocne piosenka tekst<\/p>\n<p>yyyyy<\/p>\n<p>&nbsp;<\/p>\n","protected":false},"excerpt":{"rendered":"<p>Trwa\u0142y i zdrowy materac z pianki wysoko elastycznej o dw\u00f3ch r\u00f3\u017cnych stronach u\u017cytkowych 3 strefowej i bezstrefowej &#8211; grubo\u015bci 11 cm. Jednostronnie ob\u0142o\u017cona p\u0142yt\u0105 z elastycznego lateksu typu Ocean Blue grubo\u015bci 3 cm z \u017celem silikonowym wch\u0142aniaj\u0105cym nadmiar wilgoci z otoczenia materaca. Pokrowiec AEGIS z dzianiny pikowanej w\u0142\u00f3knin\u0105 klimatyzowan\u0105.\u200b Wyr\u00f3b Medyczny kl. I Hevea Materac [&hellip;]<\/p>\n","protected":false},"featured_media":1943,"comment_status":"closed","ping_status":"open","template":"","meta":[],"product_cat":[494,493],"product_tag":[660,644,704,604,767],"class_list":["post-1942","product","type-product","status-publish","has-post-thumbnail","hentry","product_cat-hevea","product_cat-materace-dzieciece","product_tag-bianka","product_tag-mia","product_tag-prezent-dla-nastolatka","product_tag-zagadki-trudne","product_tag-zaproszenia-urodzinowe-do-druku"],"_links":{"self":[{"href":"http:\/\/klubmamgdynia.pl\/index.php\/wp-json\/wp\/v2\/product\/1942","targetHints":{"allow":["GET"]}}],"collection":[{"href":"http:\/\/klubmamgdynia.pl\/index.php\/wp-json\/wp\/v2\/product"}],"about":[{"href":"http:\/\/klubmamgdynia.pl\/index.php\/wp-json\/wp\/v2\/types\/product"}],"replies":[{"embeddable":true,"href":"http:\/\/klubmamgdynia.pl\/index.php\/wp-json\/wp\/v2\/comments?post=1942"}],"wp:featuredmedia":[{"embeddable":true,"href":"http:\/\/klubmamgdynia.pl\/index.php\/wp-json\/wp\/v2\/media\/1943"}],"wp:attachment":[{"href":"http:\/\/klubmamgdynia.pl\/index.php\/wp-json\/wp\/v2\/media?parent=1942"}],"wp:term":[{"taxonomy":"product_cat","embeddable":true,"href":"http:\/\/klubmamgdynia.pl\/index.php\/wp-json\/wp\/v2\/product_cat?post=1942"},{"taxonomy":"product_tag","embeddable":true,"href":"http:\/\/klubmamgdynia.pl\/index.php\/wp-json\/wp\/v2\/product_tag?post=1942"}],"curies":[{"name":"wp","href":"https:\/\/api.w.org\/{rel}","templated":true}]}}