{"id":1944,"date":"2023-07-07T12:52:54","date_gmt":"2023-07-07T10:52:54","guid":{"rendered":"http:\/\/klubmamgdynia.pl\/?post_type=product&#038;p=1944"},"modified":"2026-04-30T03:21:16","modified_gmt":"2026-04-30T01:21:16","slug":"hevea-materac-lateksowy-comfort-h3-200x140-bamboo","status":"publish","type":"product","link":"http:\/\/klubmamgdynia.pl\/index.php\/produkt\/hevea-materac-lateksowy-comfort-h3-200x140-bamboo\/","title":{"rendered":"Hevea Materac Lateksowy Comfort H3 200X140 (Bamboo)"},"content":{"rendered":"<p>BUDOWA: Jednolita p\u0142yta 7 strefowej pianki lateksowej, obustronnie perforowanej grubo\u015bci 14 cm. Dzi\u0119ki strefom o zr\u00f3\u017cnicowanej twardo\u015bci zapewnia ergonomiczn\u0105 pozycj\u0119 cia\u0142a podczas odpoczynku. Pianka lateksowa o zawarto\u015bci 20% naturalnej \u017cywicy hevea brasiliensis. Siedem zr\u00f3\u017cnicowanych stref komfortu wewn\u0105trz wk\u0142ad\u00f3w materac\u00f3w lateksowych tworzy jednolit\u0105 powierzchni\u0119 podparcia. Naturalny lateks posiada podstawowe w\u0142a\u015bciwo\u015bci zapobiegania rozwojowi bakterii i roztoczy. Wyj\u0105tkowe w\u0142a\u015bciwo\u015bci regulowania mikroklimatu i szybkiej wymiany powietrza wewn\u0105trz lateksu zapewniaj\u0105 uczucie orze\u017awiaj\u0105cego ch\u0142odu w lecie i mi\u0142ego ciep\u0142a w zimie. Nie ma ju\u017c potrzeby stosowania opcjonalnego wyko\u0144czenia pokrowca lato-zima. Pokrowiec wewn\u0119trzny z membrany pe\u0142ni funkcj\u0119 higieniczn\u0105. Grubo pikowany pokrowiec mo\u017cna swobodnie zdj\u0105\u0107 (ta\u015bma suwakowa z 3 stron). Dzianina pokrowca: AEGIS AIR PLUS NATURAL CARE (gramatura 300g) bawe\u0142na\/poliester, pikowana antyalergiczn\u0105 w\u0142\u00f3knin\u0105 klimatyzowan\u0105 o gramaturze 300g. Pokrowiec za dop\u0142at\u0105 dost\u0119pny z paskiem klimaband 3D (bia\u0142y, 4 cm). Inne wzory dzianin za dop\u0142at\u0105 wg cennika: TENCEL SILKY FEELING wiskoza\/poliester, ALOE GREEN POWER wiskoza\/poliester, BAMBOO wiskoza\/poliester. W standardzie pasek klimaband 3D (bia\u0142y, 4 cm). Dzianiny z certyfikatem Eko-Tex Standard 100. Waga materaca od 15 kg (80\/200 cm) &#8211; do 36 kg (180\/200). Wysoko\u015b\u0107 materaca 16 cm (+\/- 1cm). Wyr\u00f3b Medyczny Kl.I.ZASTOSOWANIE: \u0142\u00f3\u017cka i sypialnie, waga u\u017cytkownika do 90 kg w opcji H2 (g\u0119sto\u015b\u0107 lateksu 60-65 kg\/m3) i pow. 90kg w opcji H3 (g\u0119sto\u015b\u0107 lateksu 72 kg\/m3).UWAGI: materac \u015brednio-twardy H2 dla u\u017cytkownika do 90kg i twardy H3 dla u\u017cytkownika pow. 90kg, dwustronny, dwie strony u\u017cytkowe. Mo\u017cliwo\u015b\u0107 wykonania rozmiar\u00f3w nietypowych w zakresie do 200\/200 cm. Powy\u017cej 200\/200 materac klejony mechanicznie. Zalecany stela\u017c p\u0142aski lub elastyczny o rozstawie szczebelk\u00f3w 3-5 cm. Dopuszcza si\u0119 regulacj\u0119 stela\u017ca w jednej lub kilku p\u0142aszczyznach. Rekomendowany stela\u017c Hevea Standard, Hevea Comfort lub Hevea Prestige. Materac dostarczany do klienta w formie zrolowanej &#8211; niezale\u017cnie od rozmiaru. Dla rozmiaru 200\/200 realizacja do 45 dni roboczych. Stawka VAT 8%.GWARANCJA: 2 lata na produkt, 10 lat na wk\u0142ad materacaGRUPA WIEKOWA: bez ogranicze\u0144TWARDO\u015a\u0106: H3 (twardy)CZAS REALIZACJI: 14 dniWYR\u00d3B MEDYCZNY: TAKWyr\u00f3b medyczny kl. I jest zgodny z wymogami Rozporz\u0105dzenia Parlamentu Europejskiego i Rady (UE) 2017\/745 z dnia 5 kwietnia 2017 r. w sprawie wyrob\u00f3w medycznych, zmiany dyrektywy 2001\/83\/WE, rozporz\u0105dzenia (WE) nr 178\/2002 i rozporz\u0105dzenia (WE) nr 1223\/2009 oraz uchylenia dyrektyw Rady 90\/385\/EWG i 93\/42\/EWG. Procedur\u0119 oceny zgodno\u015bci przeprowadzono na podstawie opracowania dokumentacji technicznej wg za\u0142\u0105cznika II i III ww. rozporz\u0105dzenia. Wyr\u00f3b jest zgodny z normami: PN-EN ISO 14971, PN-EN 1041+A1, PN-EN ISO 15523-1.<\/p>\n<h2>Hevea Materac Lateksowy Comfort H3 200X140 (Bamboo) HEVEA<\/h2>\n<p>jak zrobi\u0107 du\u017ce jajo wielkanocne, znaki drogowe test, karaluchy pod poduchy, zaczarowana zagroda &#8211; test, matylda imie, postacie z bajek kolorowanki, kolorowanka star wars, zaproszenia na urodziny do wydruku czarno bia\u0142e, plac zabaw warszawa, zagadki sprawdzaj\u0105ce inteligencj\u0119, kolorowanka piesek, zagadki z odpowiedziami \u015bmieszne, basen warszawa, ninjago kolorowanki, karty matematyczne tabliczka mno\u017cenia do wydruku, kolorowe listki tekst, wroc\u0142aw dla dzieci, jazda konna dla dzieci, jak narysowa\u0107, m\u0105dre cytaty dla dzieci, maski superbohater\u00f3w do wydrukowania<\/p>\n<p>yyyyy<\/p>\n<p>&nbsp;<\/p>\n","protected":false},"excerpt":{"rendered":"<p>BUDOWA: Jednolita p\u0142yta 7 strefowej pianki lateksowej, obustronnie perforowanej grubo\u015bci 14 cm. Dzi\u0119ki strefom o zr\u00f3\u017cnicowanej twardo\u015bci zapewnia ergonomiczn\u0105 pozycj\u0119 cia\u0142a podczas odpoczynku. Pianka lateksowa o zawarto\u015bci 20% naturalnej \u017cywicy hevea brasiliensis. Siedem zr\u00f3\u017cnicowanych stref komfortu wewn\u0105trz wk\u0142ad\u00f3w materac\u00f3w lateksowych tworzy jednolit\u0105 powierzchni\u0119 podparcia. Naturalny lateks posiada podstawowe w\u0142a\u015bciwo\u015bci zapobiegania rozwojowi bakterii i roztoczy. Wyj\u0105tkowe [&hellip;]<\/p>\n","protected":false},"featured_media":1945,"comment_status":"closed","ping_status":"open","template":"","meta":[],"product_cat":[494,493],"product_tag":[789,717,783,620,868],"class_list":["post-1944","product","type-product","status-publish","has-post-thumbnail","hentry","product_cat-hevea","product_cat-materace-dzieciece","product_tag-kaczuszka","product_tag-prezent-roczek","product_tag-prezenty-na-roczek-dla-chlopca","product_tag-quiz-opowiesci-z-narnii","product_tag-quizy-dla-dzieci"],"_links":{"self":[{"href":"http:\/\/klubmamgdynia.pl\/index.php\/wp-json\/wp\/v2\/product\/1944","targetHints":{"allow":["GET"]}}],"collection":[{"href":"http:\/\/klubmamgdynia.pl\/index.php\/wp-json\/wp\/v2\/product"}],"about":[{"href":"http:\/\/klubmamgdynia.pl\/index.php\/wp-json\/wp\/v2\/types\/product"}],"replies":[{"embeddable":true,"href":"http:\/\/klubmamgdynia.pl\/index.php\/wp-json\/wp\/v2\/comments?post=1944"}],"wp:featuredmedia":[{"embeddable":true,"href":"http:\/\/klubmamgdynia.pl\/index.php\/wp-json\/wp\/v2\/media\/1945"}],"wp:attachment":[{"href":"http:\/\/klubmamgdynia.pl\/index.php\/wp-json\/wp\/v2\/media?parent=1944"}],"wp:term":[{"taxonomy":"product_cat","embeddable":true,"href":"http:\/\/klubmamgdynia.pl\/index.php\/wp-json\/wp\/v2\/product_cat?post=1944"},{"taxonomy":"product_tag","embeddable":true,"href":"http:\/\/klubmamgdynia.pl\/index.php\/wp-json\/wp\/v2\/product_tag?post=1944"}],"curies":[{"name":"wp","href":"https:\/\/api.w.org\/{rel}","templated":true}]}}