{"id":195,"date":"2018-08-12T15:27:41","date_gmt":"2018-08-12T13:27:41","guid":{"rendered":"http:\/\/klubmamgdynia.pl\/index.php\/produkt\/icom-samolot-ze-swiatlem-i-dzwiekiem-17cm\/"},"modified":"2026-04-10T05:47:50","modified_gmt":"2026-04-10T03:47:50","slug":"icom-samolot-ze-swiatlem-i-dzwiekiem-17cm","status":"publish","type":"product","link":"http:\/\/klubmamgdynia.pl\/index.php\/produkt\/icom-samolot-ze-swiatlem-i-dzwiekiem-17cm\/","title":{"rendered":"Icom Samolot Ze \u015awiat\u0142em I D\u017awi\u0119kiem 17Cm"},"content":{"rendered":"<p>Samolot ze \u015bwiat\u0142em i d\u017awi\u0119kiem 17cm &#8211; Icom<\/p>\n<h2>Icom Samolot Ze \u015awiat\u0142em I D\u017awi\u0119kiem 17Cm Icom<\/h2>\n<p>jeremi imi\u0119, kolorowanki super zings, najpi\u0119kniejsze cytaty dziecko cytaty, ba\u015bniowe imiona \u017ce\u0144skie, imi\u0119 adriana, opisy do zdj\u0119\u0107 z dzieckiem, rysunki \u0142atwe, lody kolorowanka, korczak cytaty, bajki do czytania dla dzieci, zagadki wiosna, nauczyciel cytaty, zagadki wielkanocne dla dzieci, zagadki na logiczne my\u015blenie, prezent dla 15 latka, spos\u00f3b na elfa test, przechowywanie zabawek, jak zrobi\u0107 samolot z papieru, kolorowe kredki tekst<\/p>\n<p>yyyyy<\/p>\n<p>&nbsp;<\/p>\n","protected":false},"excerpt":{"rendered":"<p>Samolot ze \u015bwiat\u0142em i d\u017awi\u0119kiem 17cm &#8211; Icom Icom Samolot Ze \u015awiat\u0142em I D\u017awi\u0119kiem 17Cm Icom jeremi imi\u0119, kolorowanki super zings, najpi\u0119kniejsze cytaty dziecko cytaty, ba\u015bniowe imiona \u017ce\u0144skie, imi\u0119 adriana, opisy do zdj\u0119\u0107 z dzieckiem, rysunki \u0142atwe, lody kolorowanka, korczak cytaty, bajki do czytania dla dzieci, zagadki wiosna, nauczyciel cytaty, zagadki wielkanocne dla dzieci, zagadki [&hellip;]<\/p>\n","protected":false},"featured_media":196,"comment_status":"closed","ping_status":"open","template":"","meta":[],"product_cat":[102,39],"product_tag":[619,847,732,589,760],"class_list":["post-195","product","type-product","status-publish","has-post-thumbnail","hentry","product_cat-icom","product_cat-zabawki-interaktywne","product_tag-iwo-imie","product_tag-kolorowanki-pokemon","product_tag-prezent-dla-rocznego-chlopca","product_tag-prezent-dla-rocznego-dziecka","product_tag-zagadka-matematyczna"],"_links":{"self":[{"href":"http:\/\/klubmamgdynia.pl\/index.php\/wp-json\/wp\/v2\/product\/195","targetHints":{"allow":["GET"]}}],"collection":[{"href":"http:\/\/klubmamgdynia.pl\/index.php\/wp-json\/wp\/v2\/product"}],"about":[{"href":"http:\/\/klubmamgdynia.pl\/index.php\/wp-json\/wp\/v2\/types\/product"}],"replies":[{"embeddable":true,"href":"http:\/\/klubmamgdynia.pl\/index.php\/wp-json\/wp\/v2\/comments?post=195"}],"wp:featuredmedia":[{"embeddable":true,"href":"http:\/\/klubmamgdynia.pl\/index.php\/wp-json\/wp\/v2\/media\/196"}],"wp:attachment":[{"href":"http:\/\/klubmamgdynia.pl\/index.php\/wp-json\/wp\/v2\/media?parent=195"}],"wp:term":[{"taxonomy":"product_cat","embeddable":true,"href":"http:\/\/klubmamgdynia.pl\/index.php\/wp-json\/wp\/v2\/product_cat?post=195"},{"taxonomy":"product_tag","embeddable":true,"href":"http:\/\/klubmamgdynia.pl\/index.php\/wp-json\/wp\/v2\/product_tag?post=195"}],"curies":[{"name":"wp","href":"https:\/\/api.w.org\/{rel}","templated":true}]}}