{"id":1950,"date":"2013-03-25T23:07:30","date_gmt":"2013-03-25T22:07:30","guid":{"rendered":"http:\/\/klubmamgdynia.pl\/index.php\/produkt\/arexx-zestaw-wtr-vent-wtr-vent\/"},"modified":"2026-05-08T05:38:37","modified_gmt":"2026-05-08T03:38:37","slug":"arexx-zestaw-wtr-vent-wtr-vent","status":"publish","type":"product","link":"http:\/\/klubmamgdynia.pl\/index.php\/produkt\/arexx-zestaw-wtr-vent-wtr-vent\/","title":{"rendered":"Arexx Zestaw Wtr-Vent Wtr-Vent"},"content":{"rendered":"<p>Zestaw AREXX to 16-cz\u0119\u015bciowy projekt do budowy zestawu do zasilania za pomoc\u0105 energii s\u0142onecznej. Za pomoc\u0105 tego modu\u0142u mo\u017cna w prosty spos\u00f3b zbudowa\u0107 12 cm solarny wentylator sto\u0142owy. Je\u015bli dostarczone zostanie wystarczaj\u0105ca ilo\u015b\u0107 \u015bwiat\u0142o s\u0142onecznego lub innego o\u015bwietlenia, ogniwo s\u0142oneczne dostarczy energii do silnika nap\u0119dzaj\u0105cego wentylator.Zestaw nie wymaga lutowania i jest idealny dla poznania technologii solarnej. Idealnie nadaje si\u0119 dla hobbyst\u00f3w i szkolnych projekt\u00f3w. Kontrastowe z\u0142o\u017cenie kolor\u00f3w: zielone \u015bmig\u0142a na czerwonej p\u0142ycie przedniej daje wspania\u0142y efekt wizualny podczas pracy wentylatora.<\/p>\n<h2>Arexx Zestaw Wtr-Vent Wtr-Vent Arexx<\/h2>\n<p>kalendarz adwentowy diy z rolek, kanapki dla dzieci, minecraft kolorowanki, quizy geograficzne, opisy do zdj\u0119\u0107 dziecka, zagadki o owocach<\/p>\n<p>yyyyy<\/p>\n<p>&nbsp;<\/p>\n","protected":false},"excerpt":{"rendered":"<p>Zestaw AREXX to 16-cz\u0119\u015bciowy projekt do budowy zestawu do zasilania za pomoc\u0105 energii s\u0142onecznej. Za pomoc\u0105 tego modu\u0142u mo\u017cna w prosty spos\u00f3b zbudowa\u0107 12 cm solarny wentylator sto\u0142owy. Je\u015bli dostarczone zostanie wystarczaj\u0105ca ilo\u015b\u0107 \u015bwiat\u0142o s\u0142onecznego lub innego o\u015bwietlenia, ogniwo s\u0142oneczne dostarczy energii do silnika nap\u0119dzaj\u0105cego wentylator.Zestaw nie wymaga lutowania i jest idealny dla poznania technologii [&hellip;]<\/p>\n","protected":false},"featured_media":1951,"comment_status":"closed","ping_status":"open","template":"","meta":[],"product_cat":[481,497],"product_tag":[833,832,758,646,799],"class_list":["post-1950","product","type-product","status-publish","has-post-thumbnail","hentry","product_cat-arexx","product_cat-pozostale-akcesoria-elektryczne","product_tag-bajki-dla-dzieci-do-czytania","product_tag-desery-dla-dzieci","product_tag-julian","product_tag-prezent-na-pierwsze-urodziny","product_tag-zagadka-logiczna"],"_links":{"self":[{"href":"http:\/\/klubmamgdynia.pl\/index.php\/wp-json\/wp\/v2\/product\/1950","targetHints":{"allow":["GET"]}}],"collection":[{"href":"http:\/\/klubmamgdynia.pl\/index.php\/wp-json\/wp\/v2\/product"}],"about":[{"href":"http:\/\/klubmamgdynia.pl\/index.php\/wp-json\/wp\/v2\/types\/product"}],"replies":[{"embeddable":true,"href":"http:\/\/klubmamgdynia.pl\/index.php\/wp-json\/wp\/v2\/comments?post=1950"}],"wp:featuredmedia":[{"embeddable":true,"href":"http:\/\/klubmamgdynia.pl\/index.php\/wp-json\/wp\/v2\/media\/1951"}],"wp:attachment":[{"href":"http:\/\/klubmamgdynia.pl\/index.php\/wp-json\/wp\/v2\/media?parent=1950"}],"wp:term":[{"taxonomy":"product_cat","embeddable":true,"href":"http:\/\/klubmamgdynia.pl\/index.php\/wp-json\/wp\/v2\/product_cat?post=1950"},{"taxonomy":"product_tag","embeddable":true,"href":"http:\/\/klubmamgdynia.pl\/index.php\/wp-json\/wp\/v2\/product_tag?post=1950"}],"curies":[{"name":"wp","href":"https:\/\/api.w.org\/{rel}","templated":true}]}}