{"id":1952,"date":"2018-08-04T01:32:13","date_gmt":"2018-08-03T23:32:13","guid":{"rendered":"http:\/\/klubmamgdynia.pl\/index.php\/produkt\/carrera-1133-m4p\/"},"modified":"2026-05-17T20:59:50","modified_gmt":"2026-05-17T18:59:50","slug":"carrera-1133-m4p","status":"publish","type":"product","link":"http:\/\/klubmamgdynia.pl\/index.php\/produkt\/carrera-1133-m4p\/","title":{"rendered":"Carrera 1133 M4P"},"content":{"rendered":"<p>O CarreraChcesz wygl\u0105da\u0107 oryginalnie i niekonwencjonalnie? Niech twoje okulary m\u00f3wi\u0105 same za siebie i odwa\u017cnie wykonuj \u015bmia\u0142e projekty Carrery. S\u0142ynna w\u0142oska marka proponuje charakterystyczne okulary, prostok\u0105tne, okr\u0105g\u0142e i kwadratowe. O tych okularach Okr\u0105g\u0142e oprawki pasuj\u0105 idealnie do kwadratowych i prostok\u0105tnych kszta\u0142t\u00f3w twarzy.Czarne oprawki s\u0105 doskona\u0142ym wyborem zar\u00f3wno na co dzie\u0144, jak i od \u015bwi\u0119ta. Gwarantuj\u0105 ponadczasowy, elegancki styl.Materia\u0142em jest lekkie i wytrzyma\u0142e tworzywo sztuczne.Oprawki posiadaj\u0105 eleganckie, l\u015bni\u0105ce wyko\u0144czenie.<\/p>\n<h2>Carrera 1133 M4P Carrera<\/h2>\n<p>prezent na roczek dla ch\u0142opca, lilianna, babciu droga babciu tekst, jak narysowa\u0107 kr\u00f3lika, zagadki dla dzieci 10-12 lat trudne, kolorowanki dla dziewczynek lol, piesek do kolorowania, alan imie, kaligrafia nauka pisania wyraz\u00f3w dla dzieci do druku pdf, menu urodzinowe dla dzieci w wieku 8 10 lat, minecraft kolorowanki, zabawy na dzie\u0144 dziecka w szkole, zagadki \u015bmieszne, jak narysowa\u0107 cz\u0142owieka, cytaty z ma\u0142ego ksi\u0119cia<\/p>\n<p>yyyyy<\/p>\n<p>&nbsp;<\/p>\n","protected":false},"excerpt":{"rendered":"<p>O CarreraChcesz wygl\u0105da\u0107 oryginalnie i niekonwencjonalnie? Niech twoje okulary m\u00f3wi\u0105 same za siebie i odwa\u017cnie wykonuj \u015bmia\u0142e projekty Carrery. S\u0142ynna w\u0142oska marka proponuje charakterystyczne okulary, prostok\u0105tne, okr\u0105g\u0142e i kwadratowe. O tych okularach Okr\u0105g\u0142e oprawki pasuj\u0105 idealnie do kwadratowych i prostok\u0105tnych kszta\u0142t\u00f3w twarzy.Czarne oprawki s\u0105 doskona\u0142ym wyborem zar\u00f3wno na co dzie\u0144, jak i od \u015bwi\u0119ta. Gwarantuj\u0105 [&hellip;]<\/p>\n","protected":false},"featured_media":1953,"comment_status":"closed","ping_status":"open","template":"","meta":[],"product_cat":[140,149],"product_tag":[676,730,807,638,708,721],"class_list":["post-1952","product","type-product","status-publish","has-post-thumbnail","hentry","product_cat-carrera","product_cat-okulary-oprawki-i-szkla","product_tag-bursztynek","product_tag-karyna","product_tag-logiczne-zagadki","product_tag-miastodzieci","product_tag-zabawy-ruchowe-dla-dzieci","product_tag-zagadki-matematyczne"],"_links":{"self":[{"href":"http:\/\/klubmamgdynia.pl\/index.php\/wp-json\/wp\/v2\/product\/1952","targetHints":{"allow":["GET"]}}],"collection":[{"href":"http:\/\/klubmamgdynia.pl\/index.php\/wp-json\/wp\/v2\/product"}],"about":[{"href":"http:\/\/klubmamgdynia.pl\/index.php\/wp-json\/wp\/v2\/types\/product"}],"replies":[{"embeddable":true,"href":"http:\/\/klubmamgdynia.pl\/index.php\/wp-json\/wp\/v2\/comments?post=1952"}],"wp:featuredmedia":[{"embeddable":true,"href":"http:\/\/klubmamgdynia.pl\/index.php\/wp-json\/wp\/v2\/media\/1953"}],"wp:attachment":[{"href":"http:\/\/klubmamgdynia.pl\/index.php\/wp-json\/wp\/v2\/media?parent=1952"}],"wp:term":[{"taxonomy":"product_cat","embeddable":true,"href":"http:\/\/klubmamgdynia.pl\/index.php\/wp-json\/wp\/v2\/product_cat?post=1952"},{"taxonomy":"product_tag","embeddable":true,"href":"http:\/\/klubmamgdynia.pl\/index.php\/wp-json\/wp\/v2\/product_tag?post=1952"}],"curies":[{"name":"wp","href":"https:\/\/api.w.org\/{rel}","templated":true}]}}