{"id":1954,"date":"2016-03-17T21:09:48","date_gmt":"2016-03-17T20:09:48","guid":{"rendered":"http:\/\/klubmamgdynia.pl\/index.php\/produkt\/lean-cars-koparka-na-akumulator-volvo-dk-ve888-zolta\/"},"modified":"2026-05-17T22:32:54","modified_gmt":"2026-05-17T20:32:54","slug":"lean-cars-koparka-na-akumulator-volvo-dk-ve888-zolta","status":"publish","type":"product","link":"http:\/\/klubmamgdynia.pl\/index.php\/produkt\/lean-cars-koparka-na-akumulator-volvo-dk-ve888-zolta\/","title":{"rendered":"Lean Cars Koparka Na Akumulator Volvo DK-VE888 \u017b\u00f3\u0142ta"},"content":{"rendered":"<p>Koparka Na Akumulator Volvo DK-VE888 \u017b\u00f3\u0142taDo zestawu do\u0142\u0105czony jest basenik z kulkami (150 sztuk)Wymiary opakowania:107 cm x 66 cm x 57 cmWaga opakowania:32 kg<\/p>\n<h2>Lean Cars Koparka Na Akumulator Volvo DK-VE888 \u017b\u00f3\u0142ta Lean Cars<\/h2>\n<p>pies kolorowanka, natan imi\u0119, roza imie, nauka zegara zegar do druku, wierszyk o marzannie, rado\u015b\u0107 dziecka cytaty, film rodzinny o \u015bwi\u0119tach, malowanki, filmy wigilijne dla dzieci, na wyspach bergamutach, co kupi\u0107 dziecku na roczek, quizy za darmo, jak narysowa\u0107 anio\u0142ka<\/p>\n<p>yyyyy<\/p>\n<p>&nbsp;<\/p>\n","protected":false},"excerpt":{"rendered":"<p>Koparka Na Akumulator Volvo DK-VE888 \u017b\u00f3\u0142taDo zestawu do\u0142\u0105czony jest basenik z kulkami (150 sztuk)Wymiary opakowania:107 cm x 66 cm x 57 cmWaga opakowania:32 kg Lean Cars Koparka Na Akumulator Volvo DK-VE888 \u017b\u00f3\u0142ta Lean Cars pies kolorowanka, natan imi\u0119, roza imie, nauka zegara zegar do druku, wierszyk o marzannie, rado\u015b\u0107 dziecka cytaty, film rodzinny o \u015bwi\u0119tach, [&hellip;]<\/p>\n","protected":false},"featured_media":1955,"comment_status":"closed","ping_status":"open","template":"","meta":[],"product_cat":[69,498],"product_tag":[578,586,647,608,607],"class_list":["post-1954","product","type-product","status-publish","has-post-thumbnail","hentry","product_cat-lean-cars","product_cat-pozostale-pojazdy-dla-dzieci","product_tag-fajne-zarty-na-prima-aprilis","product_tag-smieszne-zagadki","product_tag-warszawa-z-dzieckiem","product_tag-zagadki-i-odpowiedzi","product_tag-zarty-na-prima-aprilis-dla-rodzicow"],"_links":{"self":[{"href":"http:\/\/klubmamgdynia.pl\/index.php\/wp-json\/wp\/v2\/product\/1954","targetHints":{"allow":["GET"]}}],"collection":[{"href":"http:\/\/klubmamgdynia.pl\/index.php\/wp-json\/wp\/v2\/product"}],"about":[{"href":"http:\/\/klubmamgdynia.pl\/index.php\/wp-json\/wp\/v2\/types\/product"}],"replies":[{"embeddable":true,"href":"http:\/\/klubmamgdynia.pl\/index.php\/wp-json\/wp\/v2\/comments?post=1954"}],"wp:featuredmedia":[{"embeddable":true,"href":"http:\/\/klubmamgdynia.pl\/index.php\/wp-json\/wp\/v2\/media\/1955"}],"wp:attachment":[{"href":"http:\/\/klubmamgdynia.pl\/index.php\/wp-json\/wp\/v2\/media?parent=1954"}],"wp:term":[{"taxonomy":"product_cat","embeddable":true,"href":"http:\/\/klubmamgdynia.pl\/index.php\/wp-json\/wp\/v2\/product_cat?post=1954"},{"taxonomy":"product_tag","embeddable":true,"href":"http:\/\/klubmamgdynia.pl\/index.php\/wp-json\/wp\/v2\/product_tag?post=1954"}],"curies":[{"name":"wp","href":"https:\/\/api.w.org\/{rel}","templated":true}]}}