{"id":1956,"date":"2023-12-28T19:46:37","date_gmt":"2023-12-28T18:46:37","guid":{"rendered":"http:\/\/klubmamgdynia.pl\/?post_type=product&#038;p=1956"},"modified":"2026-04-06T01:55:28","modified_gmt":"2026-04-05T23:55:28","slug":"tiny-love-grzechotka-gryzak-tiny-smarts-samuel","status":"publish","type":"product","link":"http:\/\/klubmamgdynia.pl\/index.php\/produkt\/tiny-love-grzechotka-gryzak-tiny-smarts-samuel\/","title":{"rendered":"Tiny Love Grzechotka Gryzak Tiny Smarts Samuel"},"content":{"rendered":"<p>Pe\u0142na zabawy grzechotka z aktywno\u015bciami, kt\u00f3re zach\u0119caj\u0105 dziecko do rozwijania zdolno\u015bci motorycznych i promuj\u0105 rozw\u00f3j poznawczy WSPIERA ROZW\u00d3J ZMYS\u0141\u00d3W: Zabawne cechy grzechotki &#8211; grzechocz\u0105cy d\u017awi\u0119k, zabawna kula, klikaj\u0105cy mechanizm, szeleszcz\u0105cy ogonek i uszka gryzaki &#8211; wszystko to wspiera rozw\u00f3j zmys\u0142\u00f3w twojego dziecka WSPIERA ROZW\u00d3J RUCH\u00d3W PRECYZYJNYCH: Grzechotka sama w sobie pomaga dziecku \u0107wiczy\u0107 mi\u0119\u015bnie d\u0142oni i palc\u00f3w rozwijaj\u0105c ruchy precyzyjne, jak r\u00f3wnie\u017c kula umieszczona w jej dolnej cz\u0119\u015bci ZABAWNY GRZECHOCZ\u0104CY PRZYJACIEL: Grzechotka o postaci Samuela, przyjaznego s\u0142onika o wyra\u017anych rysach twarzy i uroczym u\u015bmiechu Dost\u0119pna jeszcze w dw\u00f3ch innych wzorach: Lew Leonardo i Sarenka FlorenceCechy:1. \u0141atwa do chwycenia grzechotka2. Szeleszcz\u0105cy ogonek3. Klikaj\u0105cy mechanizm4. Zabawna kula5. Gryzaki uszkaWskaz\u00f3wki rozwojowe:3-5+ miesi\u0119cy &#8211; ZMYS\u0141YGrzechocz\u0105cy d\u017awi\u0119k Samuela, szeleszcz\u0105cy materia\u0142 i mi\u0119kki gryzaczek oferuj\u0105 dziecku szerok\u0105 gam\u0119 bod\u017ac\u00f3w sensorycznych. Po prostu pozw\u00f3l maluchowi odkrywa\u0107 te funkcje d\u0142o\u0144mi i ustami.3-5+ miesi\u0119cy &#8211; RUCHY PRECYZYJNEPozw\u00f3l dziecku spr\u00f3bowa\u0107 z\u0142apa\u0107 i przytrzyma\u0107 grzechotk\u0119, jednocze\u015bnie sprawiaj\u0105c by grzechota\u0142a. Obracaj\u0105ca si\u0119 kula pomo\u017ce r\u00f3wnie\u017c zach\u0119ci\u0107 dziecko do \u0107wiczenia mi\u0119\u015bni palc\u00f3w i d\u0142oni.6-12+ miesi\u0119cy &#8211; RUCHY PRECYZYJNEW miar\u0119 dorastania, dziecko b\u0119dzie cieszy\u0107 si\u0119 obracaniem kuli i b\u0119dzie pr\u00f3bowa\u0107 przekr\u0119ca\u0107 klikaj\u0105cy mechanizm, wytwarzaj\u0105c jednocze\u015bnie d\u017awi\u0119k.Ka\u017cdy produkt marki Tiny Love stworzony jest z my\u015bl\u0105 o Siedmiu Elementach Rozwoju dziecka, wskazuj\u0105c rodzicom najlepsz\u0105 drog\u0119 do tego, by ich maluch rozwija\u0142 si\u0119 prawid\u0142owo.Ten produkt rozwija nast\u0119puj\u0105ce elementy:Zmys\u0142yGrzechocz\u0105cy d\u017awi\u0119k S\u0142onika Samuela, szeleszcz\u0105ce materia\u0142y i mi\u0119kki gryzaczek oferuj\u0105 dziecku szerok\u0105 gam\u0119 r\u00f3\u017cnej stymulacji sensorycznej.Ruchy Precyzyjne\u0141atwy do uchwycenia kszta\u0142t i zabawna, obracaj\u0105ca si\u0119 kula pomagaj\u0105 dziecku \u0107wiczy\u0107 ruchy precyzyjne i umiej\u0119tno\u015b\u0107 chwytania i trzymania przedmiot\u00f3w.EAN: 7290108862270Waga: 0.120 kgWiek: 3-Wymiary: 130.00 x 64.00 x 203.00<\/p>\n<h2>Tiny Love Grzechotka Gryzak Tiny Smarts Samuel Tiny love<\/h2>\n<p>quizy dla dzieci z bajek, bajki dla dzieci do czytania na dobranoc, jakie s\u0105 dary jesieni, kolorowanki pikachu, oryginalny prezent na roczek dla ch\u0142opca, test z lektury magiczne drzewo czerwone krzes\u0142o, proste zagadki logiczne, zagadki na logiczne my\u015blenie, test z lektury pies kt\u00f3ry je\u017adzi\u0142 kolej\u0105, mi\u0142o\u015b\u0107 do dziecka cytaty, piesek kolorowanka, quizy hobbit, zagadki z odpowiedziami dla dzieci, choinka kolorowanka szablon, samoch\u00f3d kolorowanka do druku, plan lekcji do druku, pi\u0119kne cytaty o synku, bajki dla niemowl\u0105t, kolorowanki do druku kotki, \u015bwi\u0119ty przemys\u0142aw, miko\u0142ajek test z lektury<\/p>\n<p>yyyyy<\/p>\n<p>&nbsp;<\/p>\n","protected":false},"excerpt":{"rendered":"<p>Pe\u0142na zabawy grzechotka z aktywno\u015bciami, kt\u00f3re zach\u0119caj\u0105 dziecko do rozwijania zdolno\u015bci motorycznych i promuj\u0105 rozw\u00f3j poznawczy WSPIERA ROZW\u00d3J ZMYS\u0141\u00d3W: Zabawne cechy grzechotki &#8211; grzechocz\u0105cy d\u017awi\u0119k, zabawna kula, klikaj\u0105cy mechanizm, szeleszcz\u0105cy ogonek i uszka gryzaki &#8211; wszystko to wspiera rozw\u00f3j zmys\u0142\u00f3w twojego dziecka WSPIERA ROZW\u00d3J RUCH\u00d3W PRECYZYJNYCH: Grzechotka sama w sobie pomaga dziecku \u0107wiczy\u0107 mi\u0119\u015bnie d\u0142oni [&hellip;]<\/p>\n","protected":false},"featured_media":1957,"comment_status":"closed","ping_status":"open","template":"","meta":[],"product_cat":[63,499],"product_tag":[578,862,876],"class_list":["post-1956","product","type-product","status-publish","has-post-thumbnail","hentry","product_cat-grzechotki-i-gryzaki","product_cat-tiny-love","product_tag-fajne-zarty-na-prima-aprilis","product_tag-nasza-zima-zla-tekst","product_tag-przyjazn"],"_links":{"self":[{"href":"http:\/\/klubmamgdynia.pl\/index.php\/wp-json\/wp\/v2\/product\/1956","targetHints":{"allow":["GET"]}}],"collection":[{"href":"http:\/\/klubmamgdynia.pl\/index.php\/wp-json\/wp\/v2\/product"}],"about":[{"href":"http:\/\/klubmamgdynia.pl\/index.php\/wp-json\/wp\/v2\/types\/product"}],"replies":[{"embeddable":true,"href":"http:\/\/klubmamgdynia.pl\/index.php\/wp-json\/wp\/v2\/comments?post=1956"}],"wp:featuredmedia":[{"embeddable":true,"href":"http:\/\/klubmamgdynia.pl\/index.php\/wp-json\/wp\/v2\/media\/1957"}],"wp:attachment":[{"href":"http:\/\/klubmamgdynia.pl\/index.php\/wp-json\/wp\/v2\/media?parent=1956"}],"wp:term":[{"taxonomy":"product_cat","embeddable":true,"href":"http:\/\/klubmamgdynia.pl\/index.php\/wp-json\/wp\/v2\/product_cat?post=1956"},{"taxonomy":"product_tag","embeddable":true,"href":"http:\/\/klubmamgdynia.pl\/index.php\/wp-json\/wp\/v2\/product_tag?post=1956"}],"curies":[{"name":"wp","href":"https:\/\/api.w.org\/{rel}","templated":true}]}}