{"id":1958,"date":"2020-08-22T20:34:56","date_gmt":"2020-08-22T18:34:56","guid":{"rendered":"http:\/\/klubmamgdynia.pl\/index.php\/produkt\/artyk-auto-z-trybem-programowania\/"},"modified":"2026-04-14T18:24:26","modified_gmt":"2026-04-14T16:24:26","slug":"artyk-auto-z-trybem-programowania","status":"publish","type":"product","link":"http:\/\/klubmamgdynia.pl\/index.php\/produkt\/artyk-auto-z-trybem-programowania\/","title":{"rendered":"Artyk Auto Z Trybem Programowania"},"content":{"rendered":"<p>Mix wzor\u00f3w, towar wysy\u0142any losowo.W ZESTAWIE:- AUTO 26 CM.- PILOT- \u0141ADOWARKA- AKUMULATOR 3.7V- INSTRUKCJAFUNKCJE:- PE\u0141EN ZAKRES JAZDY- TRYB PROGRAMOWANIA- OPCJA DRIFTU- USTAWIANIE ZBIE\u017bNO\u015aCI K\u00d3\u0141- AMORTYZATORY- REGULACJA G\u0141O\u015aNO\u015aCI- EFEKTY \u015aWIETLNE- GUMOWE OPONY2 KOLORY: CZERWONY, NIEBIESKIWYM. OPAKOWANIA: 37 X 23 X 17 CM.BATERIE: 2 X AA 1,5V BRAK W ZESTAWIEWIEK: 6+&#8230;<\/p>\n<h2>Artyk Auto Z Trybem Programowania Artyk<\/h2>\n<p>zagadki na logike, julian, alfabet kolorowanka, minecraft kolorowanki, zagadki o bajkach, pytania do lektury asiunia, \u0142amig\u0142\u00f3wki dla dzieci, \u0142atwe ale podchwytliwe zagadki, fajne zagadki, ja\u015bmina imie, trudne \u0142amig\u0142\u00f3wki, gabriela, p\u0142atki \u015bniegu szablon, marcelina imi\u0119, wierszyki na \u015bmigus dyngus, quiz opowie\u015bci z narnii lew czarownica i stara szafa, ozdoby wielkanocne kt\u00f3re mog\u0105 zrobi\u0107 dzieci<\/p>\n<p>yyyyy<\/p>\n<p>&nbsp;<\/p>\n","protected":false},"excerpt":{"rendered":"<p>Mix wzor\u00f3w, towar wysy\u0142any losowo.W ZESTAWIE:- AUTO 26 CM.- PILOT- \u0141ADOWARKA- AKUMULATOR 3.7V- INSTRUKCJAFUNKCJE:- PE\u0141EN ZAKRES JAZDY- TRYB PROGRAMOWANIA- OPCJA DRIFTU- USTAWIANIE ZBIE\u017bNO\u015aCI K\u00d3\u0141- AMORTYZATORY- REGULACJA G\u0141O\u015aNO\u015aCI- EFEKTY \u015aWIETLNE- GUMOWE OPONY2 KOLORY: CZERWONY, NIEBIESKIWYM. OPAKOWANIA: 37 X 23 X 17 CM.BATERIE: 2 X AA 1,5V BRAK W ZESTAWIEWIEK: 6+&#8230; Artyk Auto Z Trybem Programowania Artyk [&hellip;]<\/p>\n","protected":false},"featured_media":1959,"comment_status":"closed","ping_status":"open","template":"","meta":[],"product_cat":[336,303],"product_tag":[622,675,600],"class_list":["post-1958","product","type-product","status-publish","has-post-thumbnail","hentry","product_cat-artyk","product_cat-kolekcjonerskie-modele-pojazdow","product_tag-fajne-zagadki","product_tag-test-z-lektury-kajko-i-kokosz-szkola-latania","product_tag-zaproszenia-na-urodziny-do-druku"],"_links":{"self":[{"href":"http:\/\/klubmamgdynia.pl\/index.php\/wp-json\/wp\/v2\/product\/1958","targetHints":{"allow":["GET"]}}],"collection":[{"href":"http:\/\/klubmamgdynia.pl\/index.php\/wp-json\/wp\/v2\/product"}],"about":[{"href":"http:\/\/klubmamgdynia.pl\/index.php\/wp-json\/wp\/v2\/types\/product"}],"replies":[{"embeddable":true,"href":"http:\/\/klubmamgdynia.pl\/index.php\/wp-json\/wp\/v2\/comments?post=1958"}],"wp:featuredmedia":[{"embeddable":true,"href":"http:\/\/klubmamgdynia.pl\/index.php\/wp-json\/wp\/v2\/media\/1959"}],"wp:attachment":[{"href":"http:\/\/klubmamgdynia.pl\/index.php\/wp-json\/wp\/v2\/media?parent=1958"}],"wp:term":[{"taxonomy":"product_cat","embeddable":true,"href":"http:\/\/klubmamgdynia.pl\/index.php\/wp-json\/wp\/v2\/product_cat?post=1958"},{"taxonomy":"product_tag","embeddable":true,"href":"http:\/\/klubmamgdynia.pl\/index.php\/wp-json\/wp\/v2\/product_tag?post=1958"}],"curies":[{"name":"wp","href":"https:\/\/api.w.org\/{rel}","templated":true}]}}