{"id":1960,"date":"2018-07-01T13:23:09","date_gmt":"2018-07-01T11:23:09","guid":{"rendered":"http:\/\/klubmamgdynia.pl\/index.php\/produkt\/aflofarm-acti-vita-miner-senior-d3-60tabl\/"},"modified":"2026-05-17T23:25:42","modified_gmt":"2026-05-17T21:25:42","slug":"aflofarm-acti-vita-miner-senior-d3-60tabl","status":"publish","type":"product","link":"http:\/\/klubmamgdynia.pl\/index.php\/produkt\/aflofarm-acti-vita-miner-senior-d3-60tabl\/","title":{"rendered":"Aflofarm Acti Vita-Miner Senior D3 60tabl"},"content":{"rendered":"<p>Acti Vita-miner Senior D3 to preparat stworzony z my\u015bl\u0105 o osobach starszych w celu uzupe\u0142nienia ich diety w witaminy i sk\u0142adniki mineralne. Specjalnie dobrane sk\u0142adniki pomagaj\u0105 m.in. w utrzymaniu prawid\u0142owych funkcji psychologicznych (biotyna, niacyna, tiamina, foliany, do kt\u00f3rych nale\u017cy kwas foliowy) i poznawczych (\u017celazo, cynk, jod), w utrzymaniu zdrowych ko\u015bci (witamina D, cynk) i prawid\u0142owego widzenia (witamina A, ryboflawina, cynk) oraz w prawid\u0142owym funkcjonowaniu uk\u0142adu odporno\u015bciowego (witamina D, witamina C, witamina A, \u017celazo, cynk, selen). Acti Vita-miner Senior D3 zosta\u0142 ponadto wzbogacony o witamin\u0119 D.                            <\/p>\n<p>            Dawkowanie<\/p>\n<p>Doro\u015bli: 1 tabletka dziennie.                            <\/p>\n<p>            Sk\u0142ad<\/p>\n<p>Substancja wype\u0142niaj\u0105ca: celuloza, kwas L-askorbinowy, substancja glazuruj\u0105ca: hydroksypropylometyloceluloza, selenian (IV) sodu, siarczan cynku, mleczan \u017celaza (II), amid kwasu nikotynowego, substancja glazuruj\u0105ca: talk, substancja przeciwzbrylaj\u0105ca: dwutlenek krzemu, D-pantotenian wapnia, substancje glazuruj\u0105ce: sole magnezowe kwas\u00f3w t\u0142uszczowych, octan DL-alfa-tokoferylu, barwnik: dwutlenek tytanu, cholekalcyferol, wyci\u0105g z kwiat\u00f3w aksamitki wzniesionej, chlorowodorek pirydoksyny, substancja glazuruj\u0105ca: hydroksypropyloceluloza, ryboflawina, monoazotan tiaminy, kwas pteroilomonoglutaminowy, jodek potasu, D-biotyna, barwnik: \u017c\u00f3\u0142cie\u0144 chinolinowa, cyjanokobalamina, barwnik: \u017c\u00f3\u0142cie\u0144 pomara\u0144czowa FCF, substancje glazuruj\u0105ce: wosk pszczeli i wosk carnauba.1 tabletka zawiera: witamina A (800,0mcg) (100%)*, witamina E (5,33 mg ekwiwalentu alfa-tokoferolu) (44%)*, tiamina (witamina B1) 0,89 mg (81%)*, Ryboflawina (witamina B2) 1,02mg (73%)*, witamina B6 1,16mg (83%)*, witamina B12 0,63mg (25%)*, witamina D 50mcg (2000j.m.) (1000%)*, witamina C 32mg (40%)*, biotyna 80,0mcg (160%)*, niacyna (9,5 mg ekwiwalentu niacyny) (59%)*, kwas pantotenowy 5,47mg (91%)*, kwas foliowy 213mcg (107%)*, \u017celazo 9,38mg (67%)*, cynk 10mg (100%)*, jod 100,0mcg, (67%)*, selen 55,0mcg (100%)*, wyci\u0105g z kwiat\u00f3w aksamitki 1,5mg, w tym luteiny 300mcg.*RWS- Referencyjna warto\u015b\u0107 Spo\u017cycia.<\/p>\n<h2>Aflofarm Acti Vita-Miner Senior D3 60tabl Aflofarm<\/h2>\n<p>quizy za darmo, kuba imi\u0119, maski superbohater\u00f3w do wydrukowania, ostatni dzwonek tekst, testy z lektury opowie\u015bci z narni lew czarownica i stara szafa<\/p>\n<p>yyyyy<\/p>\n<p>&nbsp;<\/p>\n","protected":false},"excerpt":{"rendered":"<p>Acti Vita-miner Senior D3 to preparat stworzony z my\u015bl\u0105 o osobach starszych w celu uzupe\u0142nienia ich diety w witaminy i sk\u0142adniki mineralne. Specjalnie dobrane sk\u0142adniki pomagaj\u0105 m.in. w utrzymaniu prawid\u0142owych funkcji psychologicznych (biotyna, niacyna, tiamina, foliany, do kt\u00f3rych nale\u017cy kwas foliowy) i poznawczych (\u017celazo, cynk, jod), w utrzymaniu zdrowych ko\u015bci (witamina D, cynk) i prawid\u0142owego [&hellip;]<\/p>\n","protected":false},"featured_media":1961,"comment_status":"closed","ping_status":"open","template":"","meta":[],"product_cat":[201,500],"product_tag":[876,769,822,714],"class_list":["post-1960","product","type-product","status-publish","has-post-thumbnail","hentry","product_cat-aflofarm","product_cat-suplementy-dla-seniorow","product_tag-przyjazn","product_tag-psi-patrol-do-czytania","product_tag-wierszyki-o-wakacjach-krotkie","product_tag-zagadki-logiczne"],"_links":{"self":[{"href":"http:\/\/klubmamgdynia.pl\/index.php\/wp-json\/wp\/v2\/product\/1960","targetHints":{"allow":["GET"]}}],"collection":[{"href":"http:\/\/klubmamgdynia.pl\/index.php\/wp-json\/wp\/v2\/product"}],"about":[{"href":"http:\/\/klubmamgdynia.pl\/index.php\/wp-json\/wp\/v2\/types\/product"}],"replies":[{"embeddable":true,"href":"http:\/\/klubmamgdynia.pl\/index.php\/wp-json\/wp\/v2\/comments?post=1960"}],"wp:featuredmedia":[{"embeddable":true,"href":"http:\/\/klubmamgdynia.pl\/index.php\/wp-json\/wp\/v2\/media\/1961"}],"wp:attachment":[{"href":"http:\/\/klubmamgdynia.pl\/index.php\/wp-json\/wp\/v2\/media?parent=1960"}],"wp:term":[{"taxonomy":"product_cat","embeddable":true,"href":"http:\/\/klubmamgdynia.pl\/index.php\/wp-json\/wp\/v2\/product_cat?post=1960"},{"taxonomy":"product_tag","embeddable":true,"href":"http:\/\/klubmamgdynia.pl\/index.php\/wp-json\/wp\/v2\/product_tag?post=1960"}],"curies":[{"name":"wp","href":"https:\/\/api.w.org\/{rel}","templated":true}]}}