{"id":1964,"date":"2020-07-08T16:02:37","date_gmt":"2020-07-08T14:02:37","guid":{"rendered":"http:\/\/klubmamgdynia.pl\/index.php\/produkt\/hylo-comod-krople-do-oczu-10-ml\/"},"modified":"2026-04-23T08:14:36","modified_gmt":"2026-04-23T06:14:36","slug":"hylo-comod-krople-do-oczu-10-ml","status":"publish","type":"product","link":"http:\/\/klubmamgdynia.pl\/index.php\/produkt\/hylo-comod-krople-do-oczu-10-ml\/","title":{"rendered":"Hylo Comod krople do oczu 10 ml"},"content":{"rendered":"<p>URSAPHARM HYLO COMOD KROPLE DO OCzU 10 ML<\/p>\n<p>Sk\u0142adSubstancja czynna: Hylo-COMOD\u00ae jest sterylnym roztworem hialuronianu sodu o st\u0119\u017ceniu 1 mg\/ml. zawiera r\u00f3wnie\u017c dwuwodorofostoran sodu x 2 H2O, jednowodorofosforan sodu x 12 H20, sorbitol, wod\u0119 do iniekcji. Sterylne krople do oczu bez \u015brodka konserwuj\u0105cego. Wskazania Hylo-COMOD poprawia nawil\u017cenie ga\u0142ki ocznej przy jej sucho\u015bci, wywo\u0142anej negatywnym wp\u0142ywem otaczaj\u0105cego \u015brodowiska, powoduj\u0105cego zaburzenia typu suche oko, odczucie obecno\u015bci cia\u0142a obcego w oku, pieczenie oczu. Kiedy powinno si\u0119 stosowa\u0107 Hylo-COMOD\u00ae: Je\u017celi oczy sw\u0119dz\u0105, piek\u0105, szybko si\u0119 m\u0119cz\u0105, odczuwamy obecno\u015b\u0107 jakby piasku pod powiekami, przyczyn\u0105 mo\u017ce by\u0107 niewystarczaj\u0105ce nawil\u017cenie powierzchni oka. Przy d\u0142u\u017cszym przebywaniu w klimatyzowanych pomieszczeniach lub intensywnej pracy przed ekranem komputera nast\u0119puje szybsze przerwanie filmu \u0142zowego. Tymczasem w celu zapewnienia prawid\u0142owego funkcjonowania oczu niezb\u0119dne jest ich ci\u0105g\u0142e nawil\u017canie przez \u0142zy.                            <\/p>\n<p>Dzia\u0142anieHylo-COMOD\u00ae zawiera hialuronian sodu, naturaln\u0105 fizjologiczn\u0105 substancj\u0119 wyst\u0119puj\u0105c\u0105 w oku jak i w innych cz\u0119\u015bciach organizmu cz\u0142owieka. Hialuronian sodu posiada szczeg\u00f3lne fizyczne w\u0142a\u015bciwo\u015bci tworzenia r\u00f3wnomiernego, nawil\u017caj\u0105cego, stabilnego, trudno zmywalnego l d\u0142ugo utrzymuj\u0105cego si\u0119 na powierzchni oka filmu, chroni\u0105cego przed podra\u017cnieniami i sucho\u015bci\u0105. W\u0142a\u015bciwo\u015bci te s\u0105 szczeg\u00f3lnie wa\u017cne dla os\u00f3b u\u017cywaj\u0105cych soczewek kontaktowych, poniewa\u017c soczewki te s\u0105 dobrze tolerowane tylko w\u00f3wczas, kiedy &#8221; p\u0142ywaj\u0105&#8221; w wystarczaj\u0105cej ilo\u015bci wydzielanych \u0142ez. Hylo-COMOD\u00ae uprzyjemnia i u\u0142atwia noszenie twardych l mi\u0119kkich soczewek kontaktowych, przy czym nie tworz\u0105 si\u0119 na nich osady i z\u0142ogi.                             <\/p>\n<p>DawkowanieHylo-COMOD\u00ae powinien by\u0107 stosowany zgodnie z zaleceniem lekarza okulisty lub optyka oraz w\u0142asnym odczuciem i potrzeb\u0105. zwykle zakrapla si\u0119 3 razy dziennie 1 kropl\u0119 Hylo-COMOD\u00ae do worka spoj\u00f3wkowego ka\u017cdego oka. Przy wi\u0119kszych dolegliwo\u015bciach Hylo-COMOD\u00ae mo\u017ce by\u0107 bez obaw zakraplany cz\u0119\u015bciej. Przed ka\u017cdym u\u017cyciem nale\u017cy zdj\u0105\u0107 niebieska nak\u0142adk\u0119 z dozownika. Przed pierwszym zakropleniem, aby uruchomi\u0107 system, nale\u017cy kilkakrotnie zdecydowanie nacisn\u0105\u0107 denko, trzymaj\u0105c butelk\u0119 zakraplaczem do do\u0142u, a\u017c do ukazania si\u0119 pierwszej kropli. Od tej chwili pompa jest przygotowana do ka\u017cdorazowego podania jednej kropli roztworu. Aby preparat zakropli\u0107 do oka nale\u017cy odchyli\u0107 g\u0142ow\u0119 do ty\u0142u. Odci\u0105gn\u0105\u0107 nieco dolna powiek\u0119, trzymaj\u0105c butelk\u0119 ponad okiem, zakraplaczem do do\u0142u. Nacisn\u0105\u0107 mocno i szybko na \u015brodek denka butelki, w wyniku czego zostanie podana zawsze 1 kropla roztworu. W preparacie Hylo-COMOD\u00ae zastosowano specjalny wentylowy system podawania kropli, dzi\u0119ki czemu wielko\u015b\u0107 i szybko\u015b\u0107 wyp\u0142ywania s\u0105 zawsze takie same. Umie\u015bci\u0107 kropl\u0119 roztworu w worku spoj\u00f3wkowym. zamkn\u0105\u0107 powoli powiek\u0119, aby kropla mog\u0142a r\u00f3wnomiernie rozprowadzi\u0107 si\u0119 po powierzchni oka. zamkn\u0105\u0107 butelk\u0119 niebiesk\u0105 nak\u0142adk\u0105.                             <\/p>\n<p>Nale\u017cy unika\u0107 kontaktu ko\u0144c\u00f3wki zakraplacza z okiem i sk\u00f3r\u0105 twarzy. Dzi\u0119ki systemowi COMOD\u00ae z butelki o pojemno\u015bci 10 ml pobiera si\u0119 oko\u0142o 300 kropli. D\u0142ugo\u015b\u0107 okresu stosowania Hylo-COMOD\u00ae nie jest ograniczona. Ka\u017cde opakowanie Hylo-COMOD\u00ae powinno by\u0107 u\u017cywane tylko przez jedn\u0105 osob\u0119. PrzeciwwskazaniaW przypadku u\u017cywania innych lek\u00f3w okulistycznych, musi up\u0142yn\u0105\u0107 najmniej 30 minut zanim zakroplimy Hylo-COMOD\u00ae, a powinien on by\u0107 podany jako ostatni. Ma\u015b\u0107 do oczu nale\u017cy stosowa\u0107 zawsze po zakropleniu Hylo-COMOD\u00ae Poniewa\u017c Hylo-COMOD\u00ae nie zawiera \u015brodka konserwuj\u0105cego, jest szczeg\u00f3lnie dobrze tolerowany przy d\u0142ugotrwa\u0142ym stosowaniu. W bardzo rzadkich, pojedynczych przypadkach notowano reakcje nadwra\u017cliwo\u015bci, takie jak pieczenie i \u0142zawienie oczu, kt\u00f3re ust\u0119powa\u0142y natychmiast po odstawieniu preparatu. Hylo-COMOD\u00ae nie powinien by\u0107 stosowany przy nadwra\u017cliwo\u015bci na kt\u00f3rykolwiek ze sk\u0142adnik\u00f3w preparatu.<\/p>\n<h2>Hylo Comod krople do oczu 10 ml Ursapharm<\/h2>\n<p>milan imie, zagadki rymowane, asiunia &#8211; test z lektury pdf, bajki do czytania psi patrol, nauka zegara do druku pdf, kiekrz, \u015bwi\u0105teczny film dla dzieci, zagadki dla dzieci o zwierz\u0119tach, gloria imie, quiz opowie\u015bci z narnii lew czarownica i stara szafa, zaj\u0119cia kulinarne dla dzieci pomys\u0142y, melania imi\u0119, prezent dla 14 latki, nietypowe atrakcje dla dzieci, prezenty dla 7 latka, historia andrzejek dla dzieci, zagadki podchwytliwe z odpowiedziami, wakacyjne kolorowanki, cytaty o przyja\u017ani kr\u00f3tkie, kr\u00f3tkie zagadki matematyczne z odpowiedziami<\/p>\n<p>yyyyy<\/p>\n<p>&nbsp;<\/p>\n","protected":false},"excerpt":{"rendered":"<p>URSAPHARM HYLO COMOD KROPLE DO OCzU 10 ML Sk\u0142adSubstancja czynna: Hylo-COMOD\u00ae jest sterylnym roztworem hialuronianu sodu o st\u0119\u017ceniu 1 mg\/ml. zawiera r\u00f3wnie\u017c dwuwodorofostoran sodu x 2 H2O, jednowodorofosforan sodu x 12 H20, sorbitol, wod\u0119 do iniekcji. Sterylne krople do oczu bez \u015brodka konserwuj\u0105cego. Wskazania Hylo-COMOD poprawia nawil\u017cenie ga\u0142ki ocznej przy jej sucho\u015bci, wywo\u0142anej negatywnym wp\u0142ywem [&hellip;]<\/p>\n","protected":false},"featured_media":1965,"comment_status":"closed","ping_status":"open","template":"","meta":[],"product_cat":[502,503],"product_tag":[790,667,669,589,633,701],"class_list":["post-1964","product","type-product","status-publish","has-post-thumbnail","hentry","product_cat-ursapharm","product_cat-wzrok-i-sluch","product_tag-gry-planszowe-dla-nastolatkow","product_tag-kolorowanka-lol","product_tag-kolorowanki","product_tag-prezent-dla-rocznego-dziecka","product_tag-zagadki-z-odpowiedziami","product_tag-zgadywanki-dla-dzieci"],"_links":{"self":[{"href":"http:\/\/klubmamgdynia.pl\/index.php\/wp-json\/wp\/v2\/product\/1964","targetHints":{"allow":["GET"]}}],"collection":[{"href":"http:\/\/klubmamgdynia.pl\/index.php\/wp-json\/wp\/v2\/product"}],"about":[{"href":"http:\/\/klubmamgdynia.pl\/index.php\/wp-json\/wp\/v2\/types\/product"}],"replies":[{"embeddable":true,"href":"http:\/\/klubmamgdynia.pl\/index.php\/wp-json\/wp\/v2\/comments?post=1964"}],"wp:featuredmedia":[{"embeddable":true,"href":"http:\/\/klubmamgdynia.pl\/index.php\/wp-json\/wp\/v2\/media\/1965"}],"wp:attachment":[{"href":"http:\/\/klubmamgdynia.pl\/index.php\/wp-json\/wp\/v2\/media?parent=1964"}],"wp:term":[{"taxonomy":"product_cat","embeddable":true,"href":"http:\/\/klubmamgdynia.pl\/index.php\/wp-json\/wp\/v2\/product_cat?post=1964"},{"taxonomy":"product_tag","embeddable":true,"href":"http:\/\/klubmamgdynia.pl\/index.php\/wp-json\/wp\/v2\/product_tag?post=1964"}],"curies":[{"name":"wp","href":"https:\/\/api.w.org\/{rel}","templated":true}]}}