{"id":197,"date":"2014-08-23T08:01:50","date_gmt":"2014-08-23T06:01:50","guid":{"rendered":"http:\/\/klubmamgdynia.pl\/index.php\/produkt\/matchstick-monkey-azure-blue-gryzak-masujacy-ze-szczoteczka-niebieski\/"},"modified":"2026-04-12T16:36:44","modified_gmt":"2026-04-12T14:36:44","slug":"matchstick-monkey-azure-blue-gryzak-masujacy-ze-szczoteczka-niebieski","status":"publish","type":"product","link":"http:\/\/klubmamgdynia.pl\/index.php\/produkt\/matchstick-monkey-azure-blue-gryzak-masujacy-ze-szczoteczka-niebieski\/","title":{"rendered":"Matchstick Monkey Azure Blue Gryzak Masuj\u0105cy Ze Szczoteczk\u0105 Niebieski"},"content":{"rendered":"<p>Gryzaki dentystyczne Matchstick Monkey to kompletne rozwi\u0105zanie higieny jamy ustnej Niemowl\u0105t.Koj\u0105 podra\u017cnienia zwi\u0105zane z z\u0105bkowaniem oraz przyzwyczajaj\u0105 do u\u017cywania szczoteczki.Produkt ANTY ALERGICZNYGryzaki Matchstick Monkey to kompletne rozwi\u0105zanie higieny jamy ustnej Niemowl\u0105t.Z ty\u0142u g\u0142\u00f3wki, ma\u0142pka posiada mi\u0119kk\u0105 silikonow\u0105 szczoteczk\u0119 do masowania dzi\u0105se\u0142 i z\u0105bk\u00f3w, na kt\u00f3r\u0105 mo\u017cemy na\u0142o\u017cy\u0107 \u017cel koj\u0105cy lub past\u0119.Wspaniale nadaje si\u0119 do nauki mycia z\u0105bk\u00f3w jako pierwsza szczoteczka.Weso\u0142y kszta\u0142t ma\u0142pki 3D zach\u0119ci ka\u017cdego Malucha do zabawy.Gryzaki Matchstick Monkey u ka\u017cdego Maluszka wzbudzaj\u0105 zainteresowanie swoim wygl\u0105dem, kolorystyk\u0105, faktur\u0105 materia\u0142u przyjemnego w dotyku oraz intryguj\u0105cymi elementami przestrzennymi, idealnymi do badania ustami.Poniewa\u017c gryzaki Matchstick Monkey wykonane s\u0105 z silikonu nie zawieraj\u0105 szkodliwych substancji zawartych w plastikach ropopochodnych.Maj\u0105c \u015bwiadomo\u015b\u0107, \u017ce gryzaki oparte na raktyfikatach ropy naftowej nie s\u0105 w 100% oboj\u0119tne dla zdrowia Niemowl\u0105t, a mowa o wszystkich plastikach ropopochodnych stosowanych w chwili obecnej na rynku, nawet tych dopuszczonych z oznakowaniem BPA Free, produkty Matchstick Monkey zosta\u0142y oparte na silikonie spo\u017cywczym charakteryzuj\u0105cym si\u0119 biokompatybilno\u015bci\u0105 a co za tym idzie hipoalergicznymi w\u0142a\u015bciwo\u015bciami.Dodatkowo materia\u0142 z kt\u00f3rego wykonane s\u0105 Matchstick Monkeys jest eco przyjazny i posiada certyfikat FDA [ameryka\u0144ska federalna agencja \u017cywno\u015b\u0107 i lek\u00f3w].Czyli m\u00f3wi\u0105c kr\u00f3tko BEZPIECZNIE i BEZ ALERGII.Dzi\u0119ki temu jest bezpieczna dla Najm\u0142odszych.Mi\u0119kki silikon idealnie nadaje si\u0119 do przynoszenia ulgi rozpulchnionych z\u0105bkowaniem dzi\u0105se\u0142ek.Przestrzenna forma tego gryzaka masuj\u0105cego powoduje, i\u017c Maluszek ma do dyspozycji wiele odmiennych krzywizn i twardo\u015bci.Rozmiar zosta\u0142 idealnie dopasowany do ma\u0142ych r\u0105czek aby mog\u0142y szybko uchwyci\u0107, z dowolnej pozycji, ten gryzaczek.Z ty\u0142u g\u0142\u00f3wki ma\u0142pki znajduj\u0105 si\u0119 delikatna w dotyku, mi\u0119ciutka silikonowa szczoteczka.Dzi\u0119ki temu mo\u017cemy poda\u0107 Maluszkowi \u017cele ch\u0142odz\u0105ce jak r\u00f3wnie\u017c w p\u00f3\u017aniejszym okresie past\u0119 do z\u0119b\u00f3w.Idealna jako pierwsza szczoteczka do nauki szczotkowania oraz nauki nawyk\u00f3w higieny jamy ustnejMo\u017cliwo\u015b\u0107 mocowania do \u0142\u00f3\u017ceczka, w\u00f3zka czy fotelika samochodowego.Wymiary: 11 x 7 x 6 cmPoprzez odpowiednio dostosowany kszta\u0142t gryzaki Matchstick Monkey zwi\u0119kszaj\u0105 ukrwienie dzi\u0105se\u0142 podczas z\u0105bkowania dzi\u0119ki czemu \u0142agodz\u0105 podra\u017cnienia i b\u00f3le rozwojowe.Dodatkowo zabawa Matchstick Monkey przygotowuje Niemowlaki do p\u00f3\u017aniejszego samodzielnego mycia z\u0119b\u00f3w szczoteczk\u0105 klasyczn\u0105.Gryzaki Matchstick Monkey:koj\u0105 w czasie z\u0105bkowaniapomagaj\u0105 w rozwoju m\u00f3zgupomagaj\u0105 w prawid\u0142owym rozwoju szcz\u0119ki oraz z\u0119b\u00f3w trzonowychstymuluj\u0105 prawid\u0142owy rozw\u00f3j zgryzuprzyzwyczajaj\u0105 do mycia z\u0105bk\u00f3wZastosowania:1. gryzak &#8211; faza 12. szczoteczka masuj\u0105ca &#8211; faza 23. pierwsza szczoteczka ucz\u0105ca prawid\u0142owych nawyk\u00f3w higieny jamy ustnej Maluszka &#8211; faza 3Produkt dost\u0119pny w 8 kolorachszary\u017c\u00f3\u0142tyniebieski \/ lazurowyzielony \/ turkusowyczerwony \/ magentajasny b\u0142\u0119kitnypomara\u0144czowyr\u00f3\u017cowyU\u017cytkowanie:mo\u017cna my\u0107 w zmywarceprzed pierwszym u\u017cyciem przemy\u0107 ciep\u0142\u0105 wod\u0105 z delikatnym myd\u0142emprzed ka\u017cdym u\u017cyciem sprawdzi\u0107 stan gryzakaje\u015bli wyst\u0105pi\u0105 rozwarstwienia lub nad\u0142amania gryzak nale\u017cy wyrzuci\u0107PAMI\u0118TAJ !!! DLA BEZPIECZE\u0143STWA I ZDROWIA TWOJEGO DZIECKAProdukt mo\u017ce by\u0107 u\u017cywany wy\u0142\u0105cznie pod nadzorem osoby doros\u0142ejNigdy nie pozostawiaj gryzaka w miejscu nas\u0142onecznienia (bezpo\u015bredniej propagacji s\u0142onecznej), bezpo\u015bredniego ciep\u0142a lub w p\u0142ynach lub urz\u0105dzenia dezynfekuj\u0105cych d\u0142u\u017cej ni\u017c jest to wskazane (w opisie p\u0142ynu lub urz\u0105dzenia), poniewa\u017c mo\u017ce to skutkowa\u0107 os\u0142abieniem gryzaka a w skrajnych przypadkach jego zniszczeniem.Przed ka\u017cdym u\u017cyciem nale\u017cy sprawdzi\u0107 stan gryzaka, przekrzywiaj\u0105c go w ka\u017cdym mo\u017cliwym kierunku.Nale\u017cy wyrzuci\u0107 w przypadku jakichkolwiek oznak uszkodzenia lub os\u0142abienia materia\u0142u.<\/p>\n<h2>Matchstick Monkey Azure Blue Gryzak Masuj\u0105cy Ze Szczoteczk\u0105 Niebieski Matchstick Monkey<\/h2>\n<p>znaczenie imiona kinga, karyna, piosenki na dobranoc tekst, miriam imie, plac zamkowy, kolorowanki dla ch\u0142opc\u00f3w do druku, opisy do zdj dziecka, pomys\u0142 na prezent dla nastolatk\u00f3w, kanapki na urodziny dziecka<\/p>\n<p>yyyyy<\/p>\n<p>&nbsp;<\/p>\n","protected":false},"excerpt":{"rendered":"<p>Gryzaki dentystyczne Matchstick Monkey to kompletne rozwi\u0105zanie higieny jamy ustnej Niemowl\u0105t.Koj\u0105 podra\u017cnienia zwi\u0105zane z z\u0105bkowaniem oraz przyzwyczajaj\u0105 do u\u017cywania szczoteczki.Produkt ANTY ALERGICZNYGryzaki Matchstick Monkey to kompletne rozwi\u0105zanie higieny jamy ustnej Niemowl\u0105t.Z ty\u0142u g\u0142\u00f3wki, ma\u0142pka posiada mi\u0119kk\u0105 silikonow\u0105 szczoteczk\u0119 do masowania dzi\u0105se\u0142 i z\u0105bk\u00f3w, na kt\u00f3r\u0105 mo\u017cemy na\u0142o\u017cy\u0107 \u017cel koj\u0105cy lub past\u0119.Wspaniale nadaje si\u0119 do nauki [&hellip;]<\/p>\n","protected":false},"featured_media":198,"comment_status":"closed","ping_status":"open","template":"","meta":[],"product_cat":[63,103],"product_tag":[666,854,750,818,659],"class_list":["post-197","product","type-product","status-publish","has-post-thumbnail","hentry","product_cat-grzechotki-i-gryzaki","product_cat-matchstick-monkey","product_tag-afrykanskie-imiona","product_tag-cytaty-rodzina","product_tag-imie-kostek","product_tag-oliwier","product_tag-tupu-tup-po-sniegu-tekst"],"_links":{"self":[{"href":"http:\/\/klubmamgdynia.pl\/index.php\/wp-json\/wp\/v2\/product\/197","targetHints":{"allow":["GET"]}}],"collection":[{"href":"http:\/\/klubmamgdynia.pl\/index.php\/wp-json\/wp\/v2\/product"}],"about":[{"href":"http:\/\/klubmamgdynia.pl\/index.php\/wp-json\/wp\/v2\/types\/product"}],"replies":[{"embeddable":true,"href":"http:\/\/klubmamgdynia.pl\/index.php\/wp-json\/wp\/v2\/comments?post=197"}],"wp:featuredmedia":[{"embeddable":true,"href":"http:\/\/klubmamgdynia.pl\/index.php\/wp-json\/wp\/v2\/media\/198"}],"wp:attachment":[{"href":"http:\/\/klubmamgdynia.pl\/index.php\/wp-json\/wp\/v2\/media?parent=197"}],"wp:term":[{"taxonomy":"product_cat","embeddable":true,"href":"http:\/\/klubmamgdynia.pl\/index.php\/wp-json\/wp\/v2\/product_cat?post=197"},{"taxonomy":"product_tag","embeddable":true,"href":"http:\/\/klubmamgdynia.pl\/index.php\/wp-json\/wp\/v2\/product_tag?post=197"}],"curies":[{"name":"wp","href":"https:\/\/api.w.org\/{rel}","templated":true}]}}