{"id":1970,"date":"2020-04-21T15:06:36","date_gmt":"2020-04-21T13:06:36","guid":{"rendered":"http:\/\/klubmamgdynia.pl\/index.php\/produkt\/hevea-materac-lateksowy-hevea-junior-160x70-medica-szara\/"},"modified":"2026-05-17T22:28:41","modified_gmt":"2026-05-17T20:28:41","slug":"hevea-materac-lateksowy-hevea-junior-160x70-medica-szara","status":"publish","type":"product","link":"http:\/\/klubmamgdynia.pl\/index.php\/produkt\/hevea-materac-lateksowy-hevea-junior-160x70-medica-szara\/","title":{"rendered":"Hevea Materac Lateksowy Hevea Junior 160X70 (Medica Szara)"},"content":{"rendered":"<h2>Hevea Materac Lateksowy Hevea Junior 160X70 (Medica Szara) <\/h2>\n<p>quizy geograficzne, kolorowanki uk\u0142ad s\u0142oneczny, zagadki wielkanocne dla dzieci, alan imie, bajka o \u017cabie, kolorowanki na dzie\u0144 mamy, bajka o piesku do czytania, znaczenie imienia pola, zagadki dla dzieci 10 12 lat z odpowiedziami<\/p>\n<p>yyyyy<\/p>\n<p>&nbsp;<\/p>\n","protected":false},"excerpt":{"rendered":"<p>Hevea Materac Lateksowy Hevea Junior 160X70 (Medica Szara) quizy geograficzne, kolorowanki uk\u0142ad s\u0142oneczny, zagadki wielkanocne dla dzieci, alan imie, bajka o \u017cabie, kolorowanki na dzie\u0144 mamy, bajka o piesku do czytania, znaczenie imienia pola, zagadki dla dzieci 10 12 lat z odpowiedziami yyyyy &nbsp;<\/p>\n","protected":false},"featured_media":1971,"comment_status":"closed","ping_status":"open","template":"","meta":[],"product_cat":[493],"product_tag":[664,696,597],"class_list":["post-1970","product","type-product","status-publish","has-post-thumbnail","hentry","product_cat-materace-dzieciece","product_tag-atrakcje-dla-dzieci-trojmiasto","product_tag-film-rodzinny-o-swietach","product_tag-zagadki-o-zimie"],"_links":{"self":[{"href":"http:\/\/klubmamgdynia.pl\/index.php\/wp-json\/wp\/v2\/product\/1970","targetHints":{"allow":["GET"]}}],"collection":[{"href":"http:\/\/klubmamgdynia.pl\/index.php\/wp-json\/wp\/v2\/product"}],"about":[{"href":"http:\/\/klubmamgdynia.pl\/index.php\/wp-json\/wp\/v2\/types\/product"}],"replies":[{"embeddable":true,"href":"http:\/\/klubmamgdynia.pl\/index.php\/wp-json\/wp\/v2\/comments?post=1970"}],"wp:featuredmedia":[{"embeddable":true,"href":"http:\/\/klubmamgdynia.pl\/index.php\/wp-json\/wp\/v2\/media\/1971"}],"wp:attachment":[{"href":"http:\/\/klubmamgdynia.pl\/index.php\/wp-json\/wp\/v2\/media?parent=1970"}],"wp:term":[{"taxonomy":"product_cat","embeddable":true,"href":"http:\/\/klubmamgdynia.pl\/index.php\/wp-json\/wp\/v2\/product_cat?post=1970"},{"taxonomy":"product_tag","embeddable":true,"href":"http:\/\/klubmamgdynia.pl\/index.php\/wp-json\/wp\/v2\/product_tag?post=1970"}],"curies":[{"name":"wp","href":"https:\/\/api.w.org\/{rel}","templated":true}]}}