{"id":1972,"date":"2020-12-24T14:20:19","date_gmt":"2020-12-24T13:20:19","guid":{"rendered":"http:\/\/klubmamgdynia.pl\/index.php\/produkt\/rastar-auto-r-c-bmw-m3-114-czarny-na-pilota-6016\/"},"modified":"2026-05-17T22:24:36","modified_gmt":"2026-05-17T20:24:36","slug":"rastar-auto-r-c-bmw-m3-114-czarny-na-pilota-6016","status":"publish","type":"product","link":"http:\/\/klubmamgdynia.pl\/index.php\/produkt\/rastar-auto-r-c-bmw-m3-114-czarny-na-pilota-6016\/","title":{"rendered":"Rastar Auto R\/C BMW M3 1:14 Czarny na Pilota (6016)"},"content":{"rendered":"<p>Auto R\/C BMW M3 Rastar 1:14 Czarny na PilotaJe\u017celi chcesz zosta\u0107 mistrzem kierownicy samochodu sportowego, to b\u0119dzie idealny zestaw dla Ciebie. Znakomity licencjonowany samoch\u00f3d zdalnie sterowany BMW M3 w skali 1:14. Model wykonany na licencji BMW odwzorowany zosta\u0142 w najmniejszych szczeg\u00f3\u0142ach. Jest to bardzo pi\u0119kny i szybki model. Zar\u00f3wno karoseria, jak i pozosta\u0142e detale pojazdu zosta\u0142y przeniesione do mniejszej skali. Na drodze, sylwetka maszyny prezentuje si\u0119 lekko i dynamicznie. Amortyzowane zawieszenie daje p\u0142ynn\u0105 jazd\u0119. Frajd\u0119 zwi\u0119kszaj\u0105 \u015bwiec\u0105ce przednie i tylne \u015bwiat\u0142a zapalaj\u0105ce si\u0119 w trakcie ruchu. Ta wielofunkcyjna zabawka, bawi\u0105c jednocze\u015bnie rozwija koordynacj\u0119 ruchow\u0105 i sprawno\u015b\u0107 motoryczn\u0105 malucha. Wygodny do trzymania pilot zapewnia sterowanie do przodu, do ty\u0142u oraz skr\u0119canie w prawo i w lewo.Samoch\u00f3d osi\u0105ga pr\u0119dko\u015b\u0107 9 km\/h.G\u0142\u00f3wne zalety samochodu:- gumowe ko\u0142a \u015bwietnie imituj\u0105 opony- skala: 1:14- kolor: black- licencja: BMW- efekty \u015bwietlne- zdalnie sterowany- realistyczne wn\u0119trze pojazdu- cz\u0119stotliwo\u015b\u0107: 2.4 GHzElementy zestawu:- samoch\u00f3d sportowy- kontroler do zdalnego sterowania- instrukcja obs\u0142ugiWymiary element\u00f3w zestawu:- samoch\u00f3d sportowy: 32 cm x 15 cm x 11 cm- kontroler do zdalnego sterowania: 13.5 cm x 10 cmWymiary opakowania:43.5 cm x 23 cm x 18 cmAuto zasilane pi\u0119cioma bateriami &#8222;AA&#8221; 1.5 V (brak w zestawie), kontroler potrzebuje dw\u00f3ch baterii &#8222;AA&#8221; 1.5 V (brak w zestawie). Zabawka przeznaczona jest dla dzieci powy\u017cej 6. roku \u017cycia. Zestaw posiada certyfikat CE i jest zgodna z norm\u0105 EN 71. Zapakowany jest w kartonik z przezroczyst\u0105 witrynk\u0105, dzi\u0119ki czemu idealnie nadaje si\u0119 na prezent.Informacje o produkcieD\u0142ugo\u015b\u0107 towaru w centymetrach 25Wysoko\u015b\u0107 towaru w centymetrach 50Szeroko\u015b\u0107 towaru w centymetrach 20Waga gabarytowa w gramach 4166.67<\/p>\n<h2>Rastar Auto R\/C BMW M3 1:14 Czarny na Pilota (6016) Rastar<\/h2>\n<p>\u015bmieszne zagadki, pomys\u0142 na prezent dla nastolatk\u00f3w, test z tajemniczego ogrodu, melania imi\u0119, tymoteusz znaczenie imienia, prezent dla 13 latki na \u015bwi\u0119ta, zagadki przyrodnicze, ewelina, zrobi\u0107 laurk\u0119 laurka dla babci, afryka\u0144skie imiona, esmeralda, prezent na roczek dla chlopca, maska dinozaura, kolorowanki do druku dla dzieci, zagadka logiczna dla dzieci, zagadki \u015bmieszne z odpowiedziami, lucjan imi\u0119, transformers kolorowanka, atrakcje dla dzieci warszawa 2021, gwiazdka do druku<\/p>\n<p><a href=\"https:\/\/inkotime.pl\/\/oferta\/produkcja-gazu\/gaz-do-kuchenek\">wk\u0142ady do kuchenek turystycznych<\/a><\/p>\n<p>&nbsp;<\/p>\n","protected":false},"excerpt":{"rendered":"<p>Auto R\/C BMW M3 Rastar 1:14 Czarny na PilotaJe\u017celi chcesz zosta\u0107 mistrzem kierownicy samochodu sportowego, to b\u0119dzie idealny zestaw dla Ciebie. Znakomity licencjonowany samoch\u00f3d zdalnie sterowany BMW M3 w skali 1:14. Model wykonany na licencji BMW odwzorowany zosta\u0142 w najmniejszych szczeg\u00f3\u0142ach. Jest to bardzo pi\u0119kny i szybki model. Zar\u00f3wno karoseria, jak i pozosta\u0142e detale pojazdu [&hellip;]<\/p>\n","protected":false},"featured_media":1973,"comment_status":"closed","ping_status":"open","template":"","meta":[],"product_cat":[504,337],"product_tag":[817,686,719,665,767,820],"class_list":["post-1972","product","type-product","status-publish","has-post-thumbnail","hentry","product_cat-rastar","product_cat-zabawki-zdalnie-sterowane","product_tag-bajka-terapeutyczna-o-emocjach","product_tag-co-na-roczek-dla-chlopca","product_tag-dziecko-cytaty-zlote-mysli","product_tag-proste-zagadki","product_tag-zaproszenia-urodzinowe-do-druku","product_tag-ziemia-wyspa-zielona-tekst"],"_links":{"self":[{"href":"http:\/\/klubmamgdynia.pl\/index.php\/wp-json\/wp\/v2\/product\/1972","targetHints":{"allow":["GET"]}}],"collection":[{"href":"http:\/\/klubmamgdynia.pl\/index.php\/wp-json\/wp\/v2\/product"}],"about":[{"href":"http:\/\/klubmamgdynia.pl\/index.php\/wp-json\/wp\/v2\/types\/product"}],"replies":[{"embeddable":true,"href":"http:\/\/klubmamgdynia.pl\/index.php\/wp-json\/wp\/v2\/comments?post=1972"}],"wp:featuredmedia":[{"embeddable":true,"href":"http:\/\/klubmamgdynia.pl\/index.php\/wp-json\/wp\/v2\/media\/1973"}],"wp:attachment":[{"href":"http:\/\/klubmamgdynia.pl\/index.php\/wp-json\/wp\/v2\/media?parent=1972"}],"wp:term":[{"taxonomy":"product_cat","embeddable":true,"href":"http:\/\/klubmamgdynia.pl\/index.php\/wp-json\/wp\/v2\/product_cat?post=1972"},{"taxonomy":"product_tag","embeddable":true,"href":"http:\/\/klubmamgdynia.pl\/index.php\/wp-json\/wp\/v2\/product_tag?post=1972"}],"curies":[{"name":"wp","href":"https:\/\/api.w.org\/{rel}","templated":true}]}}