{"id":1976,"date":"2025-09-03T19:29:12","date_gmt":"2025-09-03T17:29:12","guid":{"rendered":"http:\/\/klubmamgdynia.pl\/?post_type=product&#038;p=1976"},"modified":"2026-04-04T04:00:03","modified_gmt":"2026-04-04T02:00:03","slug":"mega-creative-naczynia-kuchenne-z-kuchenka-kropki-482811-zabawka","status":"publish","type":"product","link":"http:\/\/klubmamgdynia.pl\/index.php\/produkt\/mega-creative-naczynia-kuchenne-z-kuchenka-kropki-482811-zabawka\/","title":{"rendered":"Mega Creative Naczynia Kuchenne Z Kuchenk\u0105 Kropki 482811 &#8211; Zabawka"},"content":{"rendered":"<p>Naczynia Kuchenne Z Kuchenk\u0105 Kropki Mega Creative 482811PRODUCENT: MEGA CREATIVEEAN: 5908275177821cena za 1szt.w przypadku kilku wariant\u00f3w produktu &#8211; wysy\u0142ka losowaZalety produktu: rozwijanie wyobra\u017ani dziecka, imituj\u0105cy prawdziwe naczynia kuchenne zestaw zach\u0119ca do zabawy. Przyrz\u0105dzanie posi\u0142k\u00f3w przy pomocy garnk\u00f3w oraz akcesori\u00f3w kuchennych MEGA CREATIVE to czysta przyjemno\u015b\u0107. Bez obaw mo\u017cesz tak\u017ce powierzy\u0107 swojemu dziecku zadanie umycia naczy\u0144 po posi\u0142ku &#8211; mog\u0105c si\u0119 wykaza\u0107, na pewno zrobi to z u\u015bmiechem na ustach Zawarto\u015b\u0107 zestawu: ma\u0142a kuchenka z 1 palnikiem, 2 x kubki, patelnia, garnek, chochla, \u0142opatka do mi\u0119sa. Wszystkie elementy wykonane z plastiku. Wymiary\/waga\/baterie: wymiary produktu d\u0142. x wys. x g\u0142. cm : 10x5x13, wymiary opakowania d\u0142. x wys. x g\u0142. cm : 32x21x8, waga produktu bez opakowania kg : 0,09 kg, waga produktu w opakowaniu kg : 0,24 kg, nie wymaga zasilania bateriami. Zestaw przeznaczony dla dzieci w wieku: 3 . Zestaw pakowany w kartonik z okienkiem. W kartonie zbiorczym po 48 szt.<\/p>\n<h2>Mega Creative Naczynia Kuchenne Z Kuchenk\u0105 Kropki 482811 &#8211; Zabawka Mega Creative<\/h2>\n<p>kotki kolorowanka, zaj\u0119cia kulinarne dla dzieci pomys\u0142y, calineczka test z odpowiedziami, opowie\u015b\u0107 wigilijna test z odpowiedziami, wakacje kolorowanka, dyplomy do druku pdf, historia pluszowego misia, agroturystyka dla dzieci ze zwierz\u0119tami, \u015bwi\u0105teczne filmy familijne<\/p>\n<p>yyyyy<\/p>\n<p>&nbsp;<\/p>\n","protected":false},"excerpt":{"rendered":"<p>Naczynia Kuchenne Z Kuchenk\u0105 Kropki Mega Creative 482811PRODUCENT: MEGA CREATIVEEAN: 5908275177821cena za 1szt.w przypadku kilku wariant\u00f3w produktu &#8211; wysy\u0142ka losowaZalety produktu: rozwijanie wyobra\u017ani dziecka, imituj\u0105cy prawdziwe naczynia kuchenne zestaw zach\u0119ca do zabawy. Przyrz\u0105dzanie posi\u0142k\u00f3w przy pomocy garnk\u00f3w oraz akcesori\u00f3w kuchennych MEGA CREATIVE to czysta przyjemno\u015b\u0107. Bez obaw mo\u017cesz tak\u017ce powierzy\u0107 swojemu dziecku zadanie umycia naczy\u0144 [&hellip;]<\/p>\n","protected":false},"featured_media":1977,"comment_status":"closed","ping_status":"open","template":"","meta":[],"product_cat":[53,64],"product_tag":[851,582,595,788],"class_list":["post-1976","product","type-product","status-publish","has-post-thumbnail","hentry","product_cat-kaciki-zabaw","product_cat-mega-creative","product_tag-jak-narysowac-kota","product_tag-nauka-pisania-literek-do-wydruku-pdf","product_tag-zagadki-dla-6-latka","product_tag-zagadki-krotkie"],"_links":{"self":[{"href":"http:\/\/klubmamgdynia.pl\/index.php\/wp-json\/wp\/v2\/product\/1976","targetHints":{"allow":["GET"]}}],"collection":[{"href":"http:\/\/klubmamgdynia.pl\/index.php\/wp-json\/wp\/v2\/product"}],"about":[{"href":"http:\/\/klubmamgdynia.pl\/index.php\/wp-json\/wp\/v2\/types\/product"}],"replies":[{"embeddable":true,"href":"http:\/\/klubmamgdynia.pl\/index.php\/wp-json\/wp\/v2\/comments?post=1976"}],"wp:featuredmedia":[{"embeddable":true,"href":"http:\/\/klubmamgdynia.pl\/index.php\/wp-json\/wp\/v2\/media\/1977"}],"wp:attachment":[{"href":"http:\/\/klubmamgdynia.pl\/index.php\/wp-json\/wp\/v2\/media?parent=1976"}],"wp:term":[{"taxonomy":"product_cat","embeddable":true,"href":"http:\/\/klubmamgdynia.pl\/index.php\/wp-json\/wp\/v2\/product_cat?post=1976"},{"taxonomy":"product_tag","embeddable":true,"href":"http:\/\/klubmamgdynia.pl\/index.php\/wp-json\/wp\/v2\/product_tag?post=1976"}],"curies":[{"name":"wp","href":"https:\/\/api.w.org\/{rel}","templated":true}]}}