{"id":1978,"date":"2019-03-21T17:02:25","date_gmt":"2019-03-21T16:02:25","guid":{"rendered":"http:\/\/klubmamgdynia.pl\/index.php\/produkt\/spin-master-jak-wytresowac-smoka-legends-evolved-figurki-czkawka-i-biala-furia\/"},"modified":"2026-04-29T13:35:33","modified_gmt":"2026-04-29T11:35:33","slug":"spin-master-jak-wytresowac-smoka-legends-evolved-figurki-czkawka-i-biala-furia","status":"publish","type":"product","link":"http:\/\/klubmamgdynia.pl\/index.php\/produkt\/spin-master-jak-wytresowac-smoka-legends-evolved-figurki-czkawka-i-biala-furia\/","title":{"rendered":"Spin Master Jak Wytresowa\u0107 Smoka Legends Evolved Figurki Czkawka I Bia\u0142a Furia"},"content":{"rendered":"<p>Spin 6058486 JWS Legends Evolved Hiccup Lightfury 20122314Figurki Smoka Szczerbatka i Czkawki.Przeznaczona dla dzieci od 4 roku \u017cycia.<\/p>\n<h2>Spin Master Jak Wytresowa\u0107 Smoka Legends Evolved Figurki Czkawka I Bia\u0142a Furia Spin Master<\/h2>\n<p>prezent dla nastolatki, test z lektury opowie\u015bci z narnii lew czarownica i stara szafa, cytaty na dzien dziecka, cytat dla mamy, lato lato lato czeka tekst, cytaty dla przyjaciela, zagadki logiczne, kolorowanka lato, pole dyniowe pozna\u0144, zagadki dla 7 latka, w\u0142ochy, karteczki wydruku wr\u00f3\u017cby andrzejkowe dla dzieci, cytaty o rodzinie i dzieciach, co \u0142apie ale nie rzuca, lokomotywa kolorowanka, kiedy dzieci chodza na halloween, kolorowanki minecraft, mini zoo mazowieckie<\/p>\n<p>yyyyy<\/p>\n<p>&nbsp;<\/p>\n","protected":false},"excerpt":{"rendered":"<p>Spin 6058486 JWS Legends Evolved Hiccup Lightfury 20122314Figurki Smoka Szczerbatka i Czkawki.Przeznaczona dla dzieci od 4 roku \u017cycia. Spin Master Jak Wytresowa\u0107 Smoka Legends Evolved Figurki Czkawka I Bia\u0142a Furia Spin Master prezent dla nastolatki, test z lektury opowie\u015bci z narnii lew czarownica i stara szafa, cytaty na dzien dziecka, cytat dla mamy, lato lato [&hellip;]<\/p>\n","protected":false},"featured_media":1979,"comment_status":"closed","ping_status":"open","template":"","meta":[],"product_cat":[95,94],"product_tag":[834,728,643,798,641],"class_list":["post-1978","product","type-product","status-publish","has-post-thumbnail","hentry","product_cat-figurki-makiety-i-zestawy","product_cat-spin-master","product_tag-bajka-do-czytania-na-dobranoc","product_tag-bezwarunkowa-milosc-do-dziecka-cytaty","product_tag-prezent-dla-17-latki","product_tag-prezenty-dla-nastolatki","product_tag-trudne-zagadki-logiczne"],"_links":{"self":[{"href":"http:\/\/klubmamgdynia.pl\/index.php\/wp-json\/wp\/v2\/product\/1978","targetHints":{"allow":["GET"]}}],"collection":[{"href":"http:\/\/klubmamgdynia.pl\/index.php\/wp-json\/wp\/v2\/product"}],"about":[{"href":"http:\/\/klubmamgdynia.pl\/index.php\/wp-json\/wp\/v2\/types\/product"}],"replies":[{"embeddable":true,"href":"http:\/\/klubmamgdynia.pl\/index.php\/wp-json\/wp\/v2\/comments?post=1978"}],"wp:featuredmedia":[{"embeddable":true,"href":"http:\/\/klubmamgdynia.pl\/index.php\/wp-json\/wp\/v2\/media\/1979"}],"wp:attachment":[{"href":"http:\/\/klubmamgdynia.pl\/index.php\/wp-json\/wp\/v2\/media?parent=1978"}],"wp:term":[{"taxonomy":"product_cat","embeddable":true,"href":"http:\/\/klubmamgdynia.pl\/index.php\/wp-json\/wp\/v2\/product_cat?post=1978"},{"taxonomy":"product_tag","embeddable":true,"href":"http:\/\/klubmamgdynia.pl\/index.php\/wp-json\/wp\/v2\/product_tag?post=1978"}],"curies":[{"name":"wp","href":"https:\/\/api.w.org\/{rel}","templated":true}]}}