{"id":1982,"date":"2014-10-04T00:28:40","date_gmt":"2014-10-03T22:28:40","guid":{"rendered":"http:\/\/klubmamgdynia.pl\/index.php\/produkt\/hipo-zestaw-spozywczy-30el-8231-zabawka\/"},"modified":"2026-04-26T12:21:16","modified_gmt":"2026-04-26T10:21:16","slug":"hipo-zestaw-spozywczy-30el-8231-zabawka","status":"publish","type":"product","link":"http:\/\/klubmamgdynia.pl\/index.php\/produkt\/hipo-zestaw-spozywczy-30el-8231-zabawka\/","title":{"rendered":"Hipo Zestaw Spo\u017cywczy 30El. 8231 &#8211; Zabawka"},"content":{"rendered":"<p>Zestaw spo\u017cywczy 30-el w pude\u0142ku 8231 HIPO<\/p>\n<h2>Hipo Zestaw Spo\u017cywczy 30El. 8231 &#8211; Zabawka Hipo<\/h2>\n<p>dziwne zagadki, test z lektury felix net i nika oraz gang niewidzialnych ludzi, prezent dla 16 latki, zagadki wielkanocne przedszkole, podchwytliwe zagadki dla dzieci, zagadki logiczne \u015bmieszne, bajka o emocjach, quiz o psie kt\u00f3ry je\u017adzi\u0142 kolej\u0105<\/p>\n<p>yyyyy<\/p>\n<p>&nbsp;<\/p>\n","protected":false},"excerpt":{"rendered":"<p>Zestaw spo\u017cywczy 30-el w pude\u0142ku 8231 HIPO Hipo Zestaw Spo\u017cywczy 30El. 8231 &#8211; Zabawka Hipo dziwne zagadki, test z lektury felix net i nika oraz gang niewidzialnych ludzi, prezent dla 16 latki, zagadki wielkanocne przedszkole, podchwytliwe zagadki dla dzieci, zagadki logiczne \u015bmieszne, bajka o emocjach, quiz o psie kt\u00f3ry je\u017adzi\u0142 kolej\u0105 yyyyy &nbsp;<\/p>\n","protected":false},"featured_media":1983,"comment_status":"closed","ping_status":"open","template":"","meta":[],"product_cat":[310,53],"product_tag":[728,747,862,751,672],"class_list":["post-1982","product","type-product","status-publish","has-post-thumbnail","hentry","product_cat-hipo","product_cat-kaciki-zabaw","product_tag-bezwarunkowa-milosc-do-dziecka-cytaty","product_tag-malowanki-do-druku","product_tag-nasza-zima-zla-tekst","product_tag-psi-patrol-kolorowanka","product_tag-trudne-zagadki-z-odpowiedziami"],"_links":{"self":[{"href":"http:\/\/klubmamgdynia.pl\/index.php\/wp-json\/wp\/v2\/product\/1982","targetHints":{"allow":["GET"]}}],"collection":[{"href":"http:\/\/klubmamgdynia.pl\/index.php\/wp-json\/wp\/v2\/product"}],"about":[{"href":"http:\/\/klubmamgdynia.pl\/index.php\/wp-json\/wp\/v2\/types\/product"}],"replies":[{"embeddable":true,"href":"http:\/\/klubmamgdynia.pl\/index.php\/wp-json\/wp\/v2\/comments?post=1982"}],"wp:featuredmedia":[{"embeddable":true,"href":"http:\/\/klubmamgdynia.pl\/index.php\/wp-json\/wp\/v2\/media\/1983"}],"wp:attachment":[{"href":"http:\/\/klubmamgdynia.pl\/index.php\/wp-json\/wp\/v2\/media?parent=1982"}],"wp:term":[{"taxonomy":"product_cat","embeddable":true,"href":"http:\/\/klubmamgdynia.pl\/index.php\/wp-json\/wp\/v2\/product_cat?post=1982"},{"taxonomy":"product_tag","embeddable":true,"href":"http:\/\/klubmamgdynia.pl\/index.php\/wp-json\/wp\/v2\/product_tag?post=1982"}],"curies":[{"name":"wp","href":"https:\/\/api.w.org\/{rel}","templated":true}]}}