{"id":1984,"date":"2014-09-29T17:53:48","date_gmt":"2014-09-29T15:53:48","guid":{"rendered":"http:\/\/klubmamgdynia.pl\/index.php\/produkt\/tommee-tippee-kubek-easiflow-360-rozowy-250ml\/"},"modified":"2026-05-17T22:37:59","modified_gmt":"2026-05-17T20:37:59","slug":"tommee-tippee-kubek-easiflow-360-rozowy-250ml","status":"publish","type":"product","link":"http:\/\/klubmamgdynia.pl\/index.php\/produkt\/tommee-tippee-kubek-easiflow-360-rozowy-250ml\/","title":{"rendered":"Tommee Tippee Kubek Easiflow 360 R\u00f3\u017cowy 250Ml"},"content":{"rendered":"<p>Tommee Tippee Kubek Easiflow 360 stopni 250ml 12m+ r\u00f3\u017cowyKubki Niekapek 360 stopni tommee tippee s\u0105 idealne do \u0107wicze\u0144 podczas posi\u0142k\u00f3w, poniewa\u017c nie maj\u0105 s\u0142omki ani nie ma zag\u0142\u0119bienia.Zaw\u00f3r w kszta\u0142cie 360 jest specjalnie zaprojektowany dla ma\u0142ych dzieci, kt\u00f3re mog\u0105 pi\u0107 z dowolnego miejsca na obr\u0119czy kubka.W przerwach mi\u0119dzy \u0142ykami zaw\u00f3r pozostaje zamkni\u0119tyCechy produktu:doskona\u0142y do treningu &#8211; bez s\u0142omki oraz bez ustnikaunikalny zaw\u00f3r 360 stopni &#8211; mo\u017cliwo\u015b\u0107 picia z dowolnego miejsca na obr\u0119czy kubkawyjmowany zaw\u00f3rkubek mo\u017cna my\u0107 w zmywarce, je\u015bli umieszczony jest na g\u00f3rnej p\u00f3\u0142cekubek mo\u017cna u\u017cywa\u0107 r\u00f3wnie\u017c w sterylizatorze parowympojemno\u015b\u0107 kubka 250mlOpakowanie zawiera:1x kubek easiflow 360 stopni 250ml<\/p>\n<h2>Tommee Tippee Kubek Easiflow 360 R\u00f3\u017cowy 250Ml Tiny love<\/h2>\n<p>liwia znaczenie imienia, zadania dla 7 latka do druku, test z lektury opowie\u015bci z narnii lew czarownica i stara szafa z odpowiedziami, ko\u0142ysanka dla dzieci tekst, po\u0142\u0105cz kropki do druku \u0142atwe, warsztaty dla dzieci warszawa, zagadki \u015bmieszne dla dzieci, bajki dla dzieci od 7 do 10 lat<\/p>\n<p>yyyyy<\/p>\n<p>&nbsp;<\/p>\n","protected":false},"excerpt":{"rendered":"<p>Tommee Tippee Kubek Easiflow 360 stopni 250ml 12m+ r\u00f3\u017cowyKubki Niekapek 360 stopni tommee tippee s\u0105 idealne do \u0107wicze\u0144 podczas posi\u0142k\u00f3w, poniewa\u017c nie maj\u0105 s\u0142omki ani nie ma zag\u0142\u0119bienia.Zaw\u00f3r w kszta\u0142cie 360 jest specjalnie zaprojektowany dla ma\u0142ych dzieci, kt\u00f3re mog\u0105 pi\u0107 z dowolnego miejsca na obr\u0119czy kubka.W przerwach mi\u0119dzy \u0142ykami zaw\u00f3r pozostaje zamkni\u0119tyCechy produktu:doskona\u0142y do treningu [&hellip;]<\/p>\n","protected":false},"featured_media":1985,"comment_status":"closed","ping_status":"open","template":"","meta":[],"product_cat":[215,499],"product_tag":[585,774,665,641],"class_list":["post-1984","product","type-product","status-publish","has-post-thumbnail","hentry","product_cat-naczynia-i-sztucce-dla-dzieci","product_cat-tiny-love","product_tag-kolorowanki-dla-chlopcow","product_tag-prezent-na-roczek-nie-zabawka","product_tag-proste-zagadki","product_tag-trudne-zagadki-logiczne"],"_links":{"self":[{"href":"http:\/\/klubmamgdynia.pl\/index.php\/wp-json\/wp\/v2\/product\/1984","targetHints":{"allow":["GET"]}}],"collection":[{"href":"http:\/\/klubmamgdynia.pl\/index.php\/wp-json\/wp\/v2\/product"}],"about":[{"href":"http:\/\/klubmamgdynia.pl\/index.php\/wp-json\/wp\/v2\/types\/product"}],"replies":[{"embeddable":true,"href":"http:\/\/klubmamgdynia.pl\/index.php\/wp-json\/wp\/v2\/comments?post=1984"}],"wp:featuredmedia":[{"embeddable":true,"href":"http:\/\/klubmamgdynia.pl\/index.php\/wp-json\/wp\/v2\/media\/1985"}],"wp:attachment":[{"href":"http:\/\/klubmamgdynia.pl\/index.php\/wp-json\/wp\/v2\/media?parent=1984"}],"wp:term":[{"taxonomy":"product_cat","embeddable":true,"href":"http:\/\/klubmamgdynia.pl\/index.php\/wp-json\/wp\/v2\/product_cat?post=1984"},{"taxonomy":"product_tag","embeddable":true,"href":"http:\/\/klubmamgdynia.pl\/index.php\/wp-json\/wp\/v2\/product_tag?post=1984"}],"curies":[{"name":"wp","href":"https:\/\/api.w.org\/{rel}","templated":true}]}}