{"id":1986,"date":"2010-12-29T01:05:33","date_gmt":"2010-12-29T00:05:33","guid":{"rendered":"http:\/\/klubmamgdynia.pl\/index.php\/produkt\/jamara-porsche-911-gt3-cup-114-wh-405153\/"},"modified":"2026-04-23T07:00:10","modified_gmt":"2026-04-23T05:00:10","slug":"jamara-porsche-911-gt3-cup-114-wh-405153","status":"publish","type":"product","link":"http:\/\/klubmamgdynia.pl\/index.php\/produkt\/jamara-porsche-911-gt3-cup-114-wh-405153\/","title":{"rendered":"Jamara Porsche 911 Gt3 Cup 1:14 Wh 405153"},"content":{"rendered":"<p>SUPER CENA &#8211; TANIA DOSTAWA ! &#8211; JAMARA Porsche 911 GT3 Cup 1:14 wh &#8211; 405153 &#8211; PACZKOMAT, POCZTA, KURIER<\/p>\n<h2>Jamara Porsche 911 Gt3 Cup 1:14 Wh 405153 Jamara<\/h2>\n<p>prezenty dla rocznego dziecka, straszne filmy dla dzieci, bajki dla dzieci na dobranoc, wr\u00f3\u017cby andrzejkowe dla dzieci zawody, postacie z bajek, ninjago kolorowanka, zagadki dla sze\u015bciolatk\u00f3w, mapa polski do druku, \u015bmieszne zagadki, swinka peppa do czytania, maurycy, zagadki logiczne dla dzieci, zagadki dla dzieci 6-7 lat, nauka pisania literek do wydruku pdf, test z dzieci z bullerbyn, jak narysowa\u0107 kota, peppa kolorowanka<\/p>\n<p>yyyyy<\/p>\n<p>&nbsp;<\/p>\n","protected":false},"excerpt":{"rendered":"<p>SUPER CENA &#8211; TANIA DOSTAWA ! &#8211; JAMARA Porsche 911 GT3 Cup 1:14 wh &#8211; 405153 &#8211; PACZKOMAT, POCZTA, KURIER Jamara Porsche 911 Gt3 Cup 1:14 Wh 405153 Jamara prezenty dla rocznego dziecka, straszne filmy dla dzieci, bajki dla dzieci na dobranoc, wr\u00f3\u017cby andrzejkowe dla dzieci zawody, postacie z bajek, ninjago kolorowanka, zagadki dla sze\u015bciolatk\u00f3w, [&hellip;]<\/p>\n","protected":false},"featured_media":1987,"comment_status":"closed","ping_status":"open","template":"","meta":[],"product_cat":[505,337],"product_tag":[619,637,705,576,736],"class_list":["post-1986","product","type-product","status-publish","has-post-thumbnail","hentry","product_cat-jamara","product_cat-zabawki-zdalnie-sterowane","product_tag-iwo-imie","product_tag-niech-zyja-wakacje-tekst","product_tag-prezent-na-roczek-dla-chlopca","product_tag-trudne-zagadki","product_tag-zabawki-na-roczek"],"_links":{"self":[{"href":"http:\/\/klubmamgdynia.pl\/index.php\/wp-json\/wp\/v2\/product\/1986","targetHints":{"allow":["GET"]}}],"collection":[{"href":"http:\/\/klubmamgdynia.pl\/index.php\/wp-json\/wp\/v2\/product"}],"about":[{"href":"http:\/\/klubmamgdynia.pl\/index.php\/wp-json\/wp\/v2\/types\/product"}],"replies":[{"embeddable":true,"href":"http:\/\/klubmamgdynia.pl\/index.php\/wp-json\/wp\/v2\/comments?post=1986"}],"wp:featuredmedia":[{"embeddable":true,"href":"http:\/\/klubmamgdynia.pl\/index.php\/wp-json\/wp\/v2\/media\/1987"}],"wp:attachment":[{"href":"http:\/\/klubmamgdynia.pl\/index.php\/wp-json\/wp\/v2\/media?parent=1986"}],"wp:term":[{"taxonomy":"product_cat","embeddable":true,"href":"http:\/\/klubmamgdynia.pl\/index.php\/wp-json\/wp\/v2\/product_cat?post=1986"},{"taxonomy":"product_tag","embeddable":true,"href":"http:\/\/klubmamgdynia.pl\/index.php\/wp-json\/wp\/v2\/product_tag?post=1986"}],"curies":[{"name":"wp","href":"https:\/\/api.w.org\/{rel}","templated":true}]}}