{"id":1988,"date":"2020-12-19T13:03:10","date_gmt":"2020-12-19T12:03:10","guid":{"rendered":"http:\/\/klubmamgdynia.pl\/index.php\/produkt\/icom-dzwig-na-radio-40cm\/"},"modified":"2026-05-01T10:33:56","modified_gmt":"2026-05-01T08:33:56","slug":"icom-dzwig-na-radio-40cm","status":"publish","type":"product","link":"http:\/\/klubmamgdynia.pl\/index.php\/produkt\/icom-dzwig-na-radio-40cm\/","title":{"rendered":"Icom D\u017awig Na Radio 40Cm"},"content":{"rendered":"<p>D\u0179WIG NA RADIO 40 CM.<\/p>\n<h2>Icom D\u017awig Na Radio 40Cm Icom<\/h2>\n<p>test asiunia, myszka minnie kolorowanka, bajki na dobranoc, kanapeczki na urodziny dziecka, zagadki o zwierz\u0119tach le\u015bnych dla dzieci, karaluchy pod poduchy, bajki do czytania dla ch\u0142opc\u00f3w, labirynt psi patrol, test z lektury opowie\u015bci z narnii lew czarownica i stara szafa z odpowiedziami, kiedy dzieci chodza na halloween, zdrowe przepisy dla dzieci, gabriela, li\u015bcie jesienne szablon, zagadki dla dzieci 9-10 lat z odpowiedziami, basen dla dzieci warszawa, mia imie, zagadki dla przedszkolak\u00f3w, kwiecie\u0144 plecie\u0144 wiersz, upominek dla nastolatk\u00f3w<\/p>\n<p>yyyyy<\/p>\n<p>&nbsp;<\/p>\n","protected":false},"excerpt":{"rendered":"<p>D\u0179WIG NA RADIO 40 CM. Icom D\u017awig Na Radio 40Cm Icom test asiunia, myszka minnie kolorowanka, bajki na dobranoc, kanapeczki na urodziny dziecka, zagadki o zwierz\u0119tach le\u015bnych dla dzieci, karaluchy pod poduchy, bajki do czytania dla ch\u0142opc\u00f3w, labirynt psi patrol, test z lektury opowie\u015bci z narnii lew czarownica i stara szafa z odpowiedziami, kiedy dzieci [&hellip;]<\/p>\n","protected":false},"featured_media":1989,"comment_status":"closed","ping_status":"open","template":"","meta":[],"product_cat":[102,337],"product_tag":[838,697,868,757,760,823],"class_list":["post-1988","product","type-product","status-publish","has-post-thumbnail","hentry","product_cat-icom","product_cat-zabawki-zdalnie-sterowane","product_tag-bajki-dla-dzieci-na-dobranoc","product_tag-krotkie-bajki-do-czytania","product_tag-quizy-dla-dzieci","product_tag-test-z-lektury-ania-z-zielonego-wzgorza-klasa-6-z-odpowiedziami","product_tag-zagadka-matematyczna","product_tag-zagadki-dla-dzieci-7-lat"],"_links":{"self":[{"href":"http:\/\/klubmamgdynia.pl\/index.php\/wp-json\/wp\/v2\/product\/1988","targetHints":{"allow":["GET"]}}],"collection":[{"href":"http:\/\/klubmamgdynia.pl\/index.php\/wp-json\/wp\/v2\/product"}],"about":[{"href":"http:\/\/klubmamgdynia.pl\/index.php\/wp-json\/wp\/v2\/types\/product"}],"replies":[{"embeddable":true,"href":"http:\/\/klubmamgdynia.pl\/index.php\/wp-json\/wp\/v2\/comments?post=1988"}],"wp:featuredmedia":[{"embeddable":true,"href":"http:\/\/klubmamgdynia.pl\/index.php\/wp-json\/wp\/v2\/media\/1989"}],"wp:attachment":[{"href":"http:\/\/klubmamgdynia.pl\/index.php\/wp-json\/wp\/v2\/media?parent=1988"}],"wp:term":[{"taxonomy":"product_cat","embeddable":true,"href":"http:\/\/klubmamgdynia.pl\/index.php\/wp-json\/wp\/v2\/product_cat?post=1988"},{"taxonomy":"product_tag","embeddable":true,"href":"http:\/\/klubmamgdynia.pl\/index.php\/wp-json\/wp\/v2\/product_tag?post=1988"}],"curies":[{"name":"wp","href":"https:\/\/api.w.org\/{rel}","templated":true}]}}