{"id":1990,"date":"2020-06-29T09:15:38","date_gmt":"2020-06-29T07:15:38","guid":{"rendered":"http:\/\/klubmamgdynia.pl\/index.php\/produkt\/dromader-wywrotka-na-radio-pakiet-1254792\/"},"modified":"2026-04-06T02:51:56","modified_gmt":"2026-04-06T00:51:56","slug":"dromader-wywrotka-na-radio-pakiet-1254792","status":"publish","type":"product","link":"http:\/\/klubmamgdynia.pl\/index.php\/produkt\/dromader-wywrotka-na-radio-pakiet-1254792\/","title":{"rendered":"Dromader Wywrotka Na Radio + Pakiet 1254792"},"content":{"rendered":"<h2>Dromader Wywrotka Na Radio + Pakiet 1254792 <\/h2>\n<p>zagadki na dzie\u0144 przedszkolaka, prezent na roczek dla chlopca, kolorowanki do druku dla dziewczyn, test z lektury dzieci z bullerbyn, mia i ja kolorowanka, \u0142\u00f3d\u017a atrakcje dla dzieci, lato, testy na znaki drogowe, marcelina imi\u0119, quizy psi patrol, zadania dla 7 latka do druku, \u0142atwe laurki, zagadki dla dziewczyny, prezent dla rocznego dziecka, p\u0142onie ognisko w lesie, znaczenie imienia alan, koty kolorowanka, kolorowanki kotka, zagadki dla 3 latka, zagadki zimowe<\/p>\n<p>yyyyy<\/p>\n<p>&nbsp;<\/p>\n","protected":false},"excerpt":{"rendered":"<p>Dromader Wywrotka Na Radio + Pakiet 1254792 zagadki na dzie\u0144 przedszkolaka, prezent na roczek dla chlopca, kolorowanki do druku dla dziewczyn, test z lektury dzieci z bullerbyn, mia i ja kolorowanka, \u0142\u00f3d\u017a atrakcje dla dzieci, lato, testy na znaki drogowe, marcelina imi\u0119, quizy psi patrol, zadania dla 7 latka do druku, \u0142atwe laurki, zagadki dla [&hellip;]<\/p>\n","protected":false},"featured_media":1991,"comment_status":"closed","ping_status":"open","template":"","meta":[],"product_cat":[337],"product_tag":[676,754,696,583,645],"class_list":["post-1990","product","type-product","status-publish","has-post-thumbnail","hentry","product_cat-zabawki-zdalnie-sterowane","product_tag-bursztynek","product_tag-dyplomy-do-wydrukowania-a4","product_tag-film-rodzinny-o-swietach","product_tag-kolysanki-dla-dzieci-tekst","product_tag-latwe-zagadki"],"_links":{"self":[{"href":"http:\/\/klubmamgdynia.pl\/index.php\/wp-json\/wp\/v2\/product\/1990","targetHints":{"allow":["GET"]}}],"collection":[{"href":"http:\/\/klubmamgdynia.pl\/index.php\/wp-json\/wp\/v2\/product"}],"about":[{"href":"http:\/\/klubmamgdynia.pl\/index.php\/wp-json\/wp\/v2\/types\/product"}],"replies":[{"embeddable":true,"href":"http:\/\/klubmamgdynia.pl\/index.php\/wp-json\/wp\/v2\/comments?post=1990"}],"wp:featuredmedia":[{"embeddable":true,"href":"http:\/\/klubmamgdynia.pl\/index.php\/wp-json\/wp\/v2\/media\/1991"}],"wp:attachment":[{"href":"http:\/\/klubmamgdynia.pl\/index.php\/wp-json\/wp\/v2\/media?parent=1990"}],"wp:term":[{"taxonomy":"product_cat","embeddable":true,"href":"http:\/\/klubmamgdynia.pl\/index.php\/wp-json\/wp\/v2\/product_cat?post=1990"},{"taxonomy":"product_tag","embeddable":true,"href":"http:\/\/klubmamgdynia.pl\/index.php\/wp-json\/wp\/v2\/product_tag?post=1990"}],"curies":[{"name":"wp","href":"https:\/\/api.w.org\/{rel}","templated":true}]}}