{"id":1994,"date":"2018-03-29T00:52:50","date_gmt":"2018-03-28T22:52:50","guid":{"rendered":"http:\/\/klubmamgdynia.pl\/index.php\/produkt\/rastar-auto-r-c-bmw-i8-114-bialy-drzwi-automatyczne-6014\/"},"modified":"2026-05-17T21:04:16","modified_gmt":"2026-05-17T19:04:16","slug":"rastar-auto-r-c-bmw-i8-114-bialy-drzwi-automatyczne-6014","status":"publish","type":"product","link":"http:\/\/klubmamgdynia.pl\/index.php\/produkt\/rastar-auto-r-c-bmw-i8-114-bialy-drzwi-automatyczne-6014\/","title":{"rendered":"Rastar Auto R\/C BMW i8 1:14 Bia\u0142y Drzwi Automatyczne (6014)"},"content":{"rendered":"<p>Auto R\/C BMW i8 Rastar 1:14 Bia\u0142y Drzwi AutomatyczneJe\u017celi chcesz zosta\u0107 mistrzem kierownicy samochodu sportowego, to b\u0119dzie idealny zestaw dla Ciebie. Znakomity licencjonowany samoch\u00f3d zdalnie sterowany BMW i8 Rastar w skali 1:14. Model wykonany na licencji BMW odwzorowany zosta\u0142 w najmniejszych szczeg\u00f3\u0142ach. Jest to bardzo pi\u0119kny i szybki model. Zar\u00f3wno karoseria, jak i pozosta\u0142e detale pojazdu zosta\u0142y przeniesione do mniejszej skali. Na drodze, sylwetka maszyny prezentuje si\u0119 lekko i dynamicznie. Amortyzowane zawieszenie daje p\u0142ynn\u0105 jazd\u0119. Frajd\u0119 zwi\u0119kszaj\u0105 \u015bwiec\u0105ce przednie i tylne \u015bwiat\u0142a zapalaj\u0105ce si\u0119 w trakcie ruchu. Ta wielofunkcyjna zabawka, bawi\u0105c jednocze\u015bnie rozwija koordynacj\u0119 ruchow\u0105 i sprawno\u015b\u0107 motoryczn\u0105 malucha. Wygodny do trzymania pilot zapewnia sterowanie do przodu, do ty\u0142u oraz skr\u0119canie w prawo i w lewo.Samoch\u00f3d osi\u0105ga pr\u0119dko\u015b\u0107 9 km\/h.G\u0142\u00f3wne zalety samochodu:- gumowe ko\u0142a \u015bwietnie imituj\u0105 opony- skala: 1:14- kolor: bia\u0142y- licencja: BMW- efekty \u015bwietlne- zdalnie sterowany- realistyczne wn\u0119trze pojazdu- cz\u0119stotliwo\u015b\u0107: 2.4 GHz- automatyczne drzwi, zamykane lub otwierane przez kontrolerElementy zestawu:- samoch\u00f3d sportowy- kontroler do zdalnego sterowania- instrukcja obs\u0142ugiWymiary element\u00f3w zestawu:- samoch\u00f3d sportowy: 33.5 cm x 14 cm x 9 cm- kontroler do zdalnego sterowania: 15 cm x 11 cmWymiary opakowania:43.5 cm x 26 cm x 19.5 cmAuto zasilane pi\u0119cioma bateriami &#8222;AA&#8221; 1.5 V (brak w zestawie), kontroler potrzebuje dw\u00f3ch baterii &#8222;AA&#8221; 1.5 V (brak w zestawie). Zabawka przeznaczona jest dla dzieci powy\u017cej 6. roku \u017cycia. Zestaw posiada certyfikat CE i jest zgodna z norm\u0105 EN 71. Zapakowany jest w kartonik z przezroczyst\u0105 witrynk\u0105, dzi\u0119ki czemu idealnie nadaje si\u0119 na prezent.Informacje o produkcieD\u0142ugo\u015b\u0107 towaru w centymetrach 30Wysoko\u015b\u0107 towaru w centymetrach 50Szeroko\u015b\u0107 towaru w centymetrach 25Waga gabarytowa w gramach 6250<\/p>\n<h2>Rastar Auto R\/C BMW i8 1:14 Bia\u0142y Drzwi Automatyczne (6014) Rastar<\/h2>\n<p>jak narysowa\u0107 kota, kr\u00f3tkie zagadki logiczne, ninjago kolorowanki, jak narysowa\u0107 kr\u00f3lika, lol kolorowanki do druku, ja\u015bmina imie, zagadki o wielkanocy<\/p>\n<p>yyyyy<\/p>\n<p>&nbsp;<\/p>\n","protected":false},"excerpt":{"rendered":"<p>Auto R\/C BMW i8 Rastar 1:14 Bia\u0142y Drzwi AutomatyczneJe\u017celi chcesz zosta\u0107 mistrzem kierownicy samochodu sportowego, to b\u0119dzie idealny zestaw dla Ciebie. Znakomity licencjonowany samoch\u00f3d zdalnie sterowany BMW i8 Rastar w skali 1:14. Model wykonany na licencji BMW odwzorowany zosta\u0142 w najmniejszych szczeg\u00f3\u0142ach. Jest to bardzo pi\u0119kny i szybki model. Zar\u00f3wno karoseria, jak i pozosta\u0142e detale [&hellip;]<\/p>\n","protected":false},"featured_media":1995,"comment_status":"closed","ping_status":"open","template":"","meta":[],"product_cat":[504,337],"product_tag":[776,744,606,794],"class_list":["post-1994","product","type-product","status-publish","has-post-thumbnail","hentry","product_cat-rastar","product_cat-zabawki-zdalnie-sterowane","product_tag-dobrej-nocy","product_tag-kolorowanki-swiateczne-do-wydruku","product_tag-stala-pod-sniegiem","product_tag-test-opowiesci-z-narnii-lew-czarownica-i-stara-szafa-do-druku"],"_links":{"self":[{"href":"http:\/\/klubmamgdynia.pl\/index.php\/wp-json\/wp\/v2\/product\/1994","targetHints":{"allow":["GET"]}}],"collection":[{"href":"http:\/\/klubmamgdynia.pl\/index.php\/wp-json\/wp\/v2\/product"}],"about":[{"href":"http:\/\/klubmamgdynia.pl\/index.php\/wp-json\/wp\/v2\/types\/product"}],"replies":[{"embeddable":true,"href":"http:\/\/klubmamgdynia.pl\/index.php\/wp-json\/wp\/v2\/comments?post=1994"}],"wp:featuredmedia":[{"embeddable":true,"href":"http:\/\/klubmamgdynia.pl\/index.php\/wp-json\/wp\/v2\/media\/1995"}],"wp:attachment":[{"href":"http:\/\/klubmamgdynia.pl\/index.php\/wp-json\/wp\/v2\/media?parent=1994"}],"wp:term":[{"taxonomy":"product_cat","embeddable":true,"href":"http:\/\/klubmamgdynia.pl\/index.php\/wp-json\/wp\/v2\/product_cat?post=1994"},{"taxonomy":"product_tag","embeddable":true,"href":"http:\/\/klubmamgdynia.pl\/index.php\/wp-json\/wp\/v2\/product_tag?post=1994"}],"curies":[{"name":"wp","href":"https:\/\/api.w.org\/{rel}","templated":true}]}}