{"id":1996,"date":"2019-04-17T05:53:12","date_gmt":"2019-04-17T03:53:12","guid":{"rendered":"http:\/\/klubmamgdynia.pl\/index.php\/produkt\/hipo-auto-policja-volvo-14c-m-z-dzwiekiem-hkg062\/"},"modified":"2026-04-29T12:37:20","modified_gmt":"2026-04-29T10:37:20","slug":"hipo-auto-policja-volvo-14c-m-z-dzwiekiem-hkg062","status":"publish","type":"product","link":"http:\/\/klubmamgdynia.pl\/index.php\/produkt\/hipo-auto-policja-volvo-14c-m-z-dzwiekiem-hkg062\/","title":{"rendered":"Hipo Auto Policja Volvo 14c m z d\u017awi\u0119kiem (HKG062)"},"content":{"rendered":"<p>&#8211; Volvo Policja 14 cm z g\u0142osem- auto metalowe z nap\u0119dem- z otwieranymi drzwiami- zasilane bateriami- z d\u017awi\u0119kiem i \u015bwiat\u0142em- wersja z polskim tekstem:- patrol drogowy gotowy do akcji!- namierzyli\u015bmy poszukiwanego!- ruszamy w po\u015bcig!- policja!!!- prosz\u0119 zatrzyma\u0107 si\u0119 do kontroli!!!nazwa na fakturze: AUTO POLICJA VOLVO 14CM HKG062EAN:  5907700692960ilo\u015b\u0107 lat (od):  3Kod Producenta:  HKG062Kolekcja:  Volvo<\/p>\n<h2>Hipo Auto Policja Volvo 14c m z d\u017awi\u0119kiem (HKG062) Hipo<\/h2>\n<p>pytania zagadki, gdzie nad wod\u0119 ko\u0142o warszawy, zagadki logiczne matematyczne dla dzieci, zagadki dla nastolatk\u00f3w, laurka dla mamy rysunek, zak\u0142adka do ksi\u0105\u017cki szablon, andrea, sentencja dla dziecka<\/p>\n<p>yyyyy<\/p>\n<p>&nbsp;<\/p>\n","protected":false},"excerpt":{"rendered":"<p>&#8211; Volvo Policja 14 cm z g\u0142osem- auto metalowe z nap\u0119dem- z otwieranymi drzwiami- zasilane bateriami- z d\u017awi\u0119kiem i \u015bwiat\u0142em- wersja z polskim tekstem:- patrol drogowy gotowy do akcji!- namierzyli\u015bmy poszukiwanego!- ruszamy w po\u015bcig!- policja!!!- prosz\u0119 zatrzyma\u0107 si\u0119 do kontroli!!!nazwa na fakturze: AUTO POLICJA VOLVO 14CM HKG062EAN: 5907700692960ilo\u015b\u0107 lat (od): 3Kod Producenta: HKG062Kolekcja: Volvo Hipo [&hellip;]<\/p>\n","protected":false},"featured_media":1997,"comment_status":"closed","ping_status":"open","template":"","meta":[],"product_cat":[83,310],"product_tag":[817,645,678,623,724,779],"class_list":["post-1996","product","type-product","status-publish","has-post-thumbnail","hentry","product_cat-auta-i-inne-pojazdy-do-zabawy","product_cat-hipo","product_tag-bajka-terapeutyczna-o-emocjach","product_tag-latwe-zagadki","product_tag-prezent-na-roczek-dla-dziewczynki","product_tag-zagadki-logiczne-smieszne","product_tag-zagadki-podchwytliwe","product_tag-zarty-na-prima-aprilis-w-domu"],"_links":{"self":[{"href":"http:\/\/klubmamgdynia.pl\/index.php\/wp-json\/wp\/v2\/product\/1996","targetHints":{"allow":["GET"]}}],"collection":[{"href":"http:\/\/klubmamgdynia.pl\/index.php\/wp-json\/wp\/v2\/product"}],"about":[{"href":"http:\/\/klubmamgdynia.pl\/index.php\/wp-json\/wp\/v2\/types\/product"}],"replies":[{"embeddable":true,"href":"http:\/\/klubmamgdynia.pl\/index.php\/wp-json\/wp\/v2\/comments?post=1996"}],"wp:featuredmedia":[{"embeddable":true,"href":"http:\/\/klubmamgdynia.pl\/index.php\/wp-json\/wp\/v2\/media\/1997"}],"wp:attachment":[{"href":"http:\/\/klubmamgdynia.pl\/index.php\/wp-json\/wp\/v2\/media?parent=1996"}],"wp:term":[{"taxonomy":"product_cat","embeddable":true,"href":"http:\/\/klubmamgdynia.pl\/index.php\/wp-json\/wp\/v2\/product_cat?post=1996"},{"taxonomy":"product_tag","embeddable":true,"href":"http:\/\/klubmamgdynia.pl\/index.php\/wp-json\/wp\/v2\/product_tag?post=1996"}],"curies":[{"name":"wp","href":"https:\/\/api.w.org\/{rel}","templated":true}]}}