{"id":1998,"date":"2024-03-29T14:40:47","date_gmt":"2024-03-29T13:40:47","guid":{"rendered":"http:\/\/klubmamgdynia.pl\/?post_type=product&#038;p=1998"},"modified":"2026-05-17T22:57:48","modified_gmt":"2026-05-17T20:57:48","slug":"trudi-piesek-w-rozowej-torebce-z-kwiatkiem-29728","status":"publish","type":"product","link":"http:\/\/klubmamgdynia.pl\/index.php\/produkt\/trudi-piesek-w-rozowej-torebce-z-kwiatkiem-29728\/","title":{"rendered":"Trudi Piesek W R\u00f3\u017cowej Torebce Z Kwiatkiem 29728"},"content":{"rendered":"<p>Piesek w r\u00f3\u017cowej torebce z kwiatkiem. Wymiary kota: 15 cmWymiary torebki: 20 cm Piesek w r\u00f3\u017cowej torebce z kwiatkiemKod Producenta: 29728Wiek: 3+<\/p>\n<h2>Trudi Piesek W R\u00f3\u017cowej Torebce Z Kwiatkiem 29728 Trudi<\/h2>\n<p>kawal na prima aprilis, krok jak narysowa\u0107 konia, ma\u0142y ksi\u0105\u017c\u0119 cytaty, zabawy ruchowe dla dzieci w wieku szkolnym, plac zabaw warszawa, malowanki piesek, test lew czarownica i stara szafa, jesienne zagadki, koty kolorowanki do druku, bajki o ksi\u0119\u017cniczkach do czytania<\/p>\n<p>yyyyy<\/p>\n<p>&nbsp;<\/p>\n","protected":false},"excerpt":{"rendered":"<p>Piesek w r\u00f3\u017cowej torebce z kwiatkiem. Wymiary kota: 15 cmWymiary torebki: 20 cm Piesek w r\u00f3\u017cowej torebce z kwiatkiemKod Producenta: 29728Wiek: 3+ Trudi Piesek W R\u00f3\u017cowej Torebce Z Kwiatkiem 29728 Trudi kawal na prima aprilis, krok jak narysowa\u0107 konia, ma\u0142y ksi\u0105\u017c\u0119 cytaty, zabawy ruchowe dla dzieci w wieku szkolnym, plac zabaw warszawa, malowanki piesek, test [&hellip;]<\/p>\n","protected":false},"featured_media":1999,"comment_status":"closed","ping_status":"open","template":"","meta":[],"product_cat":[42,506],"product_tag":[817,644,679],"class_list":["post-1998","product","type-product","status-publish","has-post-thumbnail","hentry","product_cat-maskotki","product_cat-trudi","product_tag-bajka-terapeutyczna-o-emocjach","product_tag-mia","product_tag-zabawki-na-roczek-dla-dziewczynki"],"_links":{"self":[{"href":"http:\/\/klubmamgdynia.pl\/index.php\/wp-json\/wp\/v2\/product\/1998","targetHints":{"allow":["GET"]}}],"collection":[{"href":"http:\/\/klubmamgdynia.pl\/index.php\/wp-json\/wp\/v2\/product"}],"about":[{"href":"http:\/\/klubmamgdynia.pl\/index.php\/wp-json\/wp\/v2\/types\/product"}],"replies":[{"embeddable":true,"href":"http:\/\/klubmamgdynia.pl\/index.php\/wp-json\/wp\/v2\/comments?post=1998"}],"wp:featuredmedia":[{"embeddable":true,"href":"http:\/\/klubmamgdynia.pl\/index.php\/wp-json\/wp\/v2\/media\/1999"}],"wp:attachment":[{"href":"http:\/\/klubmamgdynia.pl\/index.php\/wp-json\/wp\/v2\/media?parent=1998"}],"wp:term":[{"taxonomy":"product_cat","embeddable":true,"href":"http:\/\/klubmamgdynia.pl\/index.php\/wp-json\/wp\/v2\/product_cat?post=1998"},{"taxonomy":"product_tag","embeddable":true,"href":"http:\/\/klubmamgdynia.pl\/index.php\/wp-json\/wp\/v2\/product_tag?post=1998"}],"curies":[{"name":"wp","href":"https:\/\/api.w.org\/{rel}","templated":true}]}}