{"id":20,"date":"2020-09-18T12:47:02","date_gmt":"2020-09-18T10:47:02","guid":{"rendered":"http:\/\/klubmamgdynia.pl\/index.php\/produkt\/close-pop-in-newborn-pieluszka-wielorazowa-toucan\/"},"modified":"2026-04-20T18:31:40","modified_gmt":"2026-04-20T16:31:40","slug":"close-pop-in-newborn-pieluszka-wielorazowa-toucan","status":"publish","type":"product","link":"http:\/\/klubmamgdynia.pl\/index.php\/produkt\/close-pop-in-newborn-pieluszka-wielorazowa-toucan\/","title":{"rendered":"Close Pop-In Newborn Pieluszka Wielorazowa Toucan"},"content":{"rendered":"<p>Pieluszki dla noworodk\u00f3w to \u015bwietny spos\u00f3b na uzupe\u0142nienie okresu noworodkowego, kiedy przewijamy maluszka nawet 10 razy dziennie. Dopasowane do kszta\u0142tu i super mi\u0119kkie s\u0105 idealne dla delikatnej sk\u00f3ry malucha.Przednia cz\u0119\u015b\u0107 jest wyprofilowana tak, aby u\u0142o\u017cy\u0107 si\u0119 idealnie poni\u017cej p\u0119puszka, a sama pielucha jest znacznie cie\u0144sza.Nadal jest to w 100% pieluszka pop-in. Godna zaufania i niezawodna. Otulacz mo\u017cna \u0142atwo i szybko wytrze\u0107, zmieniaj\u0105c tylko wk\u0142ady. Same wk\u0142ady s\u0105 obecnie dwuwarstwowe, z jednej strony to super ch\u0142onny bambus, a z drugiej delikatna mikrofibra.Zakres wagowy: 2-5.5 kgNasze pieluszki maj\u0105 pasuj\u0105ce do siebie kolory otulaczy i wk\u0142ad\u00f3w, ale nale\u017cy pami\u0119ta\u0107, \u017ce w trakcie prania mo\u017ce nast\u0105pi\u0107 niewielka zmiana, odbarwienie wynikaj\u0105ce ze stosowanych detergent\u00f3w czy po prostu miksu kolor\u00f3w w pralce. Dlatego nie mo\u017cemy zagwarantowa\u0107, \u017ce kolory zachowaj\u0105 swoj\u0105 intensywno\u015b\u0107. Zapewniamy, \u017ce nie wp\u0142ywa to w \u017caden spos\u00f3b na funkcjonalno\u015b\u0107 produktu. Zmiana koloru nie jest obj\u0119ta gwarancj\u0105.Ciemne kolory nale\u017cy pra\u0107 osobno.Najwa\u017cniejsze cechy pieluszek pop-in w wersji one size newborn:- mi\u0119kka i elastyczna gumka w talii- \u0142atwe zapinanie na rzepy- podw\u00f3jna falbanka przy n\u00f3\u017ckach- \u0142atwe czyszczenie otulacza- pra\u0107 w pralce w temp. do 60 stopniPieluszka sk\u0142ada si\u0119 z otulacza oraz wpinanego wk\u0142adu. Wk\u0142ad mo\u017cna wymienia\u0107 z innymi wk\u0142adami, jakie posiadasz w domu.<\/p>\n<h2>Close Pop-In Newborn Pieluszka Wielorazowa Toucan Close<\/h2>\n<p>bajki dla dzieci online, policja kolorowanka, zagadki na dzie\u0144 przedszkolaka, kolorowanki my little pony, cytaty z ma\u0142ego ksi\u0119cia, malowanka do druku, zabawka na roczek dla ch\u0142opca, miko\u0142ajek sprawdzian z lektury z odpowiedziami, \u015bwinka peppa do czytania, cytaty z ma\u0142ego ksi\u0119cia o przyja\u017ani, menu urodzinowe dla dzieci w wieku 8 10 lat, quizy geograficzne, zagdki, zagadki zagadki, prezent dla nastolatk\u00f3w ch\u0142opc\u00f3w, kubu\u015b puchatek cytaty<\/p>\n<p>yyyyy<\/p>\n<p>&nbsp;<\/p>\n","protected":false},"excerpt":{"rendered":"<p>Pieluszki dla noworodk\u00f3w to \u015bwietny spos\u00f3b na uzupe\u0142nienie okresu noworodkowego, kiedy przewijamy maluszka nawet 10 razy dziennie. Dopasowane do kszta\u0142tu i super mi\u0119kkie s\u0105 idealne dla delikatnej sk\u00f3ry malucha.Przednia cz\u0119\u015b\u0107 jest wyprofilowana tak, aby u\u0142o\u017cy\u0107 si\u0119 idealnie poni\u017cej p\u0119puszka, a sama pielucha jest znacznie cie\u0144sza.Nadal jest to w 100% pieluszka pop-in. Godna zaufania i niezawodna. [&hellip;]<\/p>\n","protected":false},"featured_media":21,"comment_status":"closed","ping_status":"open","template":"","meta":[],"product_cat":[22,17],"product_tag":[816,826,586,778,799],"class_list":["post-20","product","type-product","status-publish","has-post-thumbnail","hentry","product_cat-close","product_cat-pieluchy","product_tag-place-zabaw-warszawa","product_tag-prezent-dla-15-latka","product_tag-smieszne-zagadki","product_tag-zabawki-na-roczek-dla-chlopca","product_tag-zagadka-logiczna"],"_links":{"self":[{"href":"http:\/\/klubmamgdynia.pl\/index.php\/wp-json\/wp\/v2\/product\/20","targetHints":{"allow":["GET"]}}],"collection":[{"href":"http:\/\/klubmamgdynia.pl\/index.php\/wp-json\/wp\/v2\/product"}],"about":[{"href":"http:\/\/klubmamgdynia.pl\/index.php\/wp-json\/wp\/v2\/types\/product"}],"replies":[{"embeddable":true,"href":"http:\/\/klubmamgdynia.pl\/index.php\/wp-json\/wp\/v2\/comments?post=20"}],"wp:featuredmedia":[{"embeddable":true,"href":"http:\/\/klubmamgdynia.pl\/index.php\/wp-json\/wp\/v2\/media\/21"}],"wp:attachment":[{"href":"http:\/\/klubmamgdynia.pl\/index.php\/wp-json\/wp\/v2\/media?parent=20"}],"wp:term":[{"taxonomy":"product_cat","embeddable":true,"href":"http:\/\/klubmamgdynia.pl\/index.php\/wp-json\/wp\/v2\/product_cat?post=20"},{"taxonomy":"product_tag","embeddable":true,"href":"http:\/\/klubmamgdynia.pl\/index.php\/wp-json\/wp\/v2\/product_tag?post=20"}],"curies":[{"name":"wp","href":"https:\/\/api.w.org\/{rel}","templated":true}]}}