{"id":2002,"date":"2022-05-13T10:57:57","date_gmt":"2022-05-13T08:57:57","guid":{"rendered":"http:\/\/klubmamgdynia.pl\/index.php\/produkt\/revell-rc-samochod-monster-truck-predator-116-24ghz-24559\/"},"modified":"2026-04-22T16:02:37","modified_gmt":"2026-04-22T14:02:37","slug":"revell-rc-samochod-monster-truck-predator-116-24ghz-24559","status":"publish","type":"product","link":"http:\/\/klubmamgdynia.pl\/index.php\/produkt\/revell-rc-samochod-monster-truck-predator-116-24ghz-24559\/","title":{"rendered":"Revell Rc Samoch\u00f3d Monster Truck &#8222;Predator&#8221; 1:16 2,4Ghz 24559"},"content":{"rendered":"<p>Z takim autobusem ka\u017cdy z ch\u0119ci\u0105 ruszy na przeja\u017cd\u017ck\u0119! &#8222;Predator&#8221; firmy Revell Control to monster truck w prawdziwie wielkim stylu. Wielkie, masywne gumowe opony i wymienny akumulator Li-Ion razem z mocarnym silnikiem dostarczaj\u0105 wystarczaj\u0105cej mocy aby doskonale radzi\u0107 sobie na trasie bez wzgl\u0119du na jej warunki terenowe. Razem z przyjaci\u00f3\u0142mi mo\u017cesz mo\u017cesz do\u015bwiadcza\u0107 wsp\u00f3lnej zabawy bez zak\u0142\u00f3ce\u0144 &#8211; wszystko to dzi\u0119ki efektywnej komunikacji z cz\u0119stotliwo\u015bci\u0105 2.4HGz. Dzi\u0119ki temu samoch\u00f3d jest odporny na zak\u0142\u00f3cenia powodowane przez pojazdy Twoich koleg\u00f3w. Sterowanie z \u0142atwo\u015bci\u0105 dostosujesz do w\u0142asnych preferencji &#8211; bez wzgl\u0119du na to, czy jeste\u015b prawo, czy lewor\u0119czny. Oto cechy pojazdu, na kt\u00f3re warto zwr\u00f3ci\u0107 uwag\u0119: olbrzymie, gumowe opony Monster Trucka wymienna bateria Li-Ion 7.4V silny i wytrzyma\u0142y motor, kt\u00f3ry zapewni odpowiednie osi\u0105gi w ka\u017cdych warunkach doskona\u0142y design i odlotowy styl pilot wymaga 2 baterii AA &#8211; baterie nie zosta\u0142y do\u0142\u0105czone do zestawu okaza\u0142e wymiary: 285 x 230 x 215 mm skala: 1:16 2 kana\u0142y sterowania pr\u0119dko\u015b\u0107: 15 km\/godz. wiek: +8 lat Zawarto\u015b\u0107 zestawu: model pojazdu 2 kana\u0142owy pilot zdalnego sterowania o cz\u0119stotliwo\u015bci 2.4GHz \u0142adowarka USB akumulator instrukcja Revell Control to oddzia\u0142 grupy Revell s\u0142yn\u0105cej z produkcji modeli w r\u00f3\u017cnych skalach i o r\u00f3\u017cnym poziomie trudno\u015bci. Revell Control jako oddzia\u0142 zajmuj si\u0119 produkcj\u0105 pojazd\u00f3w RC &#8211; Radio Controll, kt\u00f3re dzi\u0119ki innowacyjnemu designowi i nowatorskim rozwi\u0105zaniom stanowi\u0105 doskona\u0142y wyb\u00f3r i wyznaczaj\u0105 trendy w projektowaniu zabawek sterowanych radiowo. Revell Control to samochody sterowane radiowo, helikoptery, drony, \u0142odzie i pojazdy budowlane. Doskona\u0142y stosunek jako\u015bci do ceny i nowatorskie rozwi\u0105zania to cechy na kt\u00f3re warto zwr\u00f3ci\u0107 uwag\u0119. Wszystkie produkty Revell Control projektowane s\u0105 w Niemczech i wyznaczaj\u0105 najnowsze trendy w swojej klasie.<\/p>\n<h2>Revell Rc Samoch\u00f3d Monster Truck &#8222;Predator&#8221; 1:16 2,4Ghz 24559 Revell<\/h2>\n<p>rodzina sentencja, cytaty o wychowaniu i nauczaniu, kanapki dla dzieci, prezent dla dziewczynki 7 lat, bardzo trudne zagadki, mira imie, kawal na prima aprilis, tabliczka mno\u017cenia do druku, harry potter kolorowanka, wierszyk o wakacjach, quiz flagi \u015bwiata, dobrej nocy i sza, koty rysunki, atrakcje warszawa dla dzieci, andrzejki kolorowanki do druku, aniela znaczenie imienia, zak\u0142adka do ksi\u0105\u017cki szablon do druku, rzadkie imiona \u017ce\u0144skie, prezent dla 16 latki, dinozaury kolorowanki, cytaty korczak<\/p>\n<p>yyyyy<\/p>\n<p>&nbsp;<\/p>\n","protected":false},"excerpt":{"rendered":"<p>Z takim autobusem ka\u017cdy z ch\u0119ci\u0105 ruszy na przeja\u017cd\u017ck\u0119! &#8222;Predator&#8221; firmy Revell Control to monster truck w prawdziwie wielkim stylu. Wielkie, masywne gumowe opony i wymienny akumulator Li-Ion razem z mocarnym silnikiem dostarczaj\u0105 wystarczaj\u0105cej mocy aby doskonale radzi\u0107 sobie na trasie bez wzgl\u0119du na jej warunki terenowe. Razem z przyjaci\u00f3\u0142mi mo\u017cesz mo\u017cesz do\u015bwiadcza\u0107 wsp\u00f3lnej zabawy [&hellip;]<\/p>\n","protected":false},"featured_media":2003,"comment_status":"closed","ping_status":"open","template":"","meta":[],"product_cat":[507,337],"product_tag":[668,863,691,790,627],"class_list":["post-2002","product","type-product","status-publish","has-post-thumbnail","hentry","product_cat-revell","product_cat-zabawki-zdalnie-sterowane","product_tag-atrakcje-dla-dzieci-wroclaw","product_tag-bajki-dla-dziewczynek","product_tag-gabriel","product_tag-gry-planszowe-dla-nastolatkow","product_tag-quiz-dzieci-z-bullerbyn"],"_links":{"self":[{"href":"http:\/\/klubmamgdynia.pl\/index.php\/wp-json\/wp\/v2\/product\/2002","targetHints":{"allow":["GET"]}}],"collection":[{"href":"http:\/\/klubmamgdynia.pl\/index.php\/wp-json\/wp\/v2\/product"}],"about":[{"href":"http:\/\/klubmamgdynia.pl\/index.php\/wp-json\/wp\/v2\/types\/product"}],"replies":[{"embeddable":true,"href":"http:\/\/klubmamgdynia.pl\/index.php\/wp-json\/wp\/v2\/comments?post=2002"}],"wp:featuredmedia":[{"embeddable":true,"href":"http:\/\/klubmamgdynia.pl\/index.php\/wp-json\/wp\/v2\/media\/2003"}],"wp:attachment":[{"href":"http:\/\/klubmamgdynia.pl\/index.php\/wp-json\/wp\/v2\/media?parent=2002"}],"wp:term":[{"taxonomy":"product_cat","embeddable":true,"href":"http:\/\/klubmamgdynia.pl\/index.php\/wp-json\/wp\/v2\/product_cat?post=2002"},{"taxonomy":"product_tag","embeddable":true,"href":"http:\/\/klubmamgdynia.pl\/index.php\/wp-json\/wp\/v2\/product_tag?post=2002"}],"curies":[{"name":"wp","href":"https:\/\/api.w.org\/{rel}","templated":true}]}}