{"id":2004,"date":"2011-06-19T10:01:34","date_gmt":"2011-06-19T08:01:34","guid":{"rendered":"http:\/\/klubmamgdynia.pl\/index.php\/produkt\/lean-toys-interaktywny-pies-robot-zdalnie-sterowany-muzyka-dzwiek-pilot-pilka\/"},"modified":"2026-04-29T01:02:03","modified_gmt":"2026-04-28T23:02:03","slug":"lean-toys-interaktywny-pies-robot-zdalnie-sterowany-muzyka-dzwiek-pilot-pilka","status":"publish","type":"product","link":"http:\/\/klubmamgdynia.pl\/index.php\/produkt\/lean-toys-interaktywny-pies-robot-zdalnie-sterowany-muzyka-dzwiek-pilot-pilka\/","title":{"rendered":"Lean Toys Interaktywny Pies Robot Zdalnie Sterowany Muzyka D\u017awi\u0119k Pilot Pi\u0142ka"},"content":{"rendered":"<p>Interaktywny Pies Robot Zdalnie Sterowany Muzyka D\u017awi\u0119k Pilot Pi\u0142kaIdealny towarzysz dla Twojego dziecka. Zdalnie sterowany pies spe\u0142ni marzenie malucha. Posiadanie w\u0142asnego zwierzaka nauczy go odpowiedzialno\u015bci za druga istot\u0119. Czas na wychodzenie na spacer oraz idealnego kompana do zabaw!Interaktywny Pies porusza si\u0119 do przodu, ty\u0142u, skr\u0119ca w lewo i prawo. Jednak najlepsz\u0105 zalet\u0105 jest funkcja \u015bledzenia. Gdy tylko klikniesz na pilocie ten przycisk interaktywne zwierz\u0119 porusza si\u0119 w to samo miejsce co pilot, kt\u00f3ry ma kszta\u0142t pi\u0142ki. Po dotkni\u0119ciu w okolic\u0119 nosa us\u0142yszymy szczekanie, po za tym trzy r\u00f3\u017cne melodie u pieska urozmaic\u0105 zabaw\u0119.Zapewnij Twojemu dziecku d\u0142ugie godziny wsp\u00f3lnej zabawy!Funkcje zdalnie sterowanego pieska: &#8211; porusza si\u0119 prz\u00f3d\/ ty\u0142- skr\u0119ca w lewo\/ prawo- funkcja rozci\u0105gania i skracania cia\u0142a- trzy rodzaje muzyki- funkcja programowania: mo\u017cna zaprogramowa\u0107 dzia\u0142ania jakie ma wykona\u0107, a pies to powt\u00f3rzy- zwi\u0119kszanie poziomu g\u0142o\u015bno\u015bci- funkcja \u015bledzenia &#8211; po naci\u015bni\u0119ciu pies b\u0119dzie stale pod\u0105\u017ca\u0107 za pilotem- interakcja dotykowa efektu d\u017awi\u0119kowego: po dotkni\u0119ciu punktu dotykowego, pies wydaje r\u00f3\u017cne d\u017awi\u0119ki i odg\u0142osy szczekania.Elementy zestawu: &#8211; pi\u0142ka jako pilot do zdalnego sterowania- pies- instrukcja- bateria 3.7 V 600 mAh- kabel USBCzas \u0142adowania: 4hCzas pracy: 30minWymiary pieska:34 cm x 11 cm x 17 cmWymiary opakowania:36 cm x 23 cm x 16 cmPrzeznaczony dla dzieci powy\u017cej 3 roku \u017cycia. Pilot zasilany jest 2 sztukami baterii 1,5 V AAA &#8211; brak w zestawie , natomiast pies posiada baterie 3.7 V\/600 mAh ( w zestawie). Zdalnie sterowany piesek wykonany jest z solidnego materia\u0142u, jakim jest plastik, co odpowiada za jego d\u0142ug\u0105 \u017cywotno\u015b\u0107.<\/p>\n<h2>Lean Toys Interaktywny Pies Robot Zdalnie Sterowany Muzyka D\u017awi\u0119k Pilot Pi\u0142ka Lean Toys<\/h2>\n<p>zabawki na roczek dla dziewczynki, podchwytliwe zagadki i odpowiedzi, podchwytliwe zagadki matematyczne, jak si\u0119 rysuje psa, prezenty dla rocznego dziecka, imie paula, klockownia wroc\u0142aw, zagadki dla 5 latka, gdy strumyk p\u0142ynie z wolna, prezenty dla rocznego dziecka, kolorowanki konie z je\u017ad\u017acem, test spos\u00f3b na alcybiadesa, zagadki matematyczne dla przedszkolak\u00f3w, rysunki krok po kroku, quiz o zwierz\u0119tach domowych, jagna imi\u0119<\/p>\n<p>yyyyy<\/p>\n<p>&nbsp;<\/p>\n","protected":false},"excerpt":{"rendered":"<p>Interaktywny Pies Robot Zdalnie Sterowany Muzyka D\u017awi\u0119k Pilot Pi\u0142kaIdealny towarzysz dla Twojego dziecka. Zdalnie sterowany pies spe\u0142ni marzenie malucha. Posiadanie w\u0142asnego zwierzaka nauczy go odpowiedzialno\u015bci za druga istot\u0119. Czas na wychodzenie na spacer oraz idealnego kompana do zabaw!Interaktywny Pies porusza si\u0119 do przodu, ty\u0142u, skr\u0119ca w lewo i prawo. Jednak najlepsz\u0105 zalet\u0105 jest funkcja \u015bledzenia. [&hellip;]<\/p>\n","protected":false},"featured_media":2005,"comment_status":"closed","ping_status":"open","template":"","meta":[],"product_cat":[73,337],"product_tag":[666,667,678],"class_list":["post-2004","product","type-product","status-publish","has-post-thumbnail","hentry","product_cat-lean-toys","product_cat-zabawki-zdalnie-sterowane","product_tag-afrykanskie-imiona","product_tag-kolorowanka-lol","product_tag-prezent-na-roczek-dla-dziewczynki"],"_links":{"self":[{"href":"http:\/\/klubmamgdynia.pl\/index.php\/wp-json\/wp\/v2\/product\/2004","targetHints":{"allow":["GET"]}}],"collection":[{"href":"http:\/\/klubmamgdynia.pl\/index.php\/wp-json\/wp\/v2\/product"}],"about":[{"href":"http:\/\/klubmamgdynia.pl\/index.php\/wp-json\/wp\/v2\/types\/product"}],"replies":[{"embeddable":true,"href":"http:\/\/klubmamgdynia.pl\/index.php\/wp-json\/wp\/v2\/comments?post=2004"}],"wp:featuredmedia":[{"embeddable":true,"href":"http:\/\/klubmamgdynia.pl\/index.php\/wp-json\/wp\/v2\/media\/2005"}],"wp:attachment":[{"href":"http:\/\/klubmamgdynia.pl\/index.php\/wp-json\/wp\/v2\/media?parent=2004"}],"wp:term":[{"taxonomy":"product_cat","embeddable":true,"href":"http:\/\/klubmamgdynia.pl\/index.php\/wp-json\/wp\/v2\/product_cat?post=2004"},{"taxonomy":"product_tag","embeddable":true,"href":"http:\/\/klubmamgdynia.pl\/index.php\/wp-json\/wp\/v2\/product_tag?post=2004"}],"curies":[{"name":"wp","href":"https:\/\/api.w.org\/{rel}","templated":true}]}}