{"id":2006,"date":"2018-04-30T02:35:40","date_gmt":"2018-04-30T00:35:40","guid":{"rendered":"http:\/\/klubmamgdynia.pl\/index.php\/produkt\/smily-play-lalka-model-kevin-48-96\/"},"modified":"2026-04-06T11:15:35","modified_gmt":"2026-04-06T09:15:35","slug":"smily-play-lalka-model-kevin-48-96","status":"publish","type":"product","link":"http:\/\/klubmamgdynia.pl\/index.php\/produkt\/smily-play-lalka-model-kevin-48-96\/","title":{"rendered":"Smily Play Lalka Model Kevin 48\/96"},"content":{"rendered":"<p>Lalka ch\u0142opiec model Kevin.ilo\u015b\u0107 lat (od): 3wymiar1 [mm]: 290UWAGA: Towar wysy\u0142any losowo \u2013 brak mo\u017cliwo\u015bci wyboru wzoru. Cena dotyczy jednej sztuki.<\/p>\n<h2>Smily Play Lalka Model Kevin 48\/96 Smily Play<\/h2>\n<p>dary jesieni kolorowanki jesie\u0144, europa stolice quiz, cytaty o wychowaniu dzieci, pieski ma\u0142e dwa tekst, imi\u0119 kostek, cytaty o dzieciach i rodzicach, zagadki walentynkowe, miko\u0142ajek test z lektury, kolorowanki do druku dla dziewczyn, test z lektury dynastia mizio\u0142k\u00f3w, dla nastolatk\u00f3w prezenty, kamila, zagadka matematyczna, nauka pisania wyraz\u00f3w dla dzieci do druku pdf, teksty ko\u0142ysanek<\/p>\n<p>yyyyy<\/p>\n<p>&nbsp;<\/p>\n","protected":false},"excerpt":{"rendered":"<p>Lalka ch\u0142opiec model Kevin.ilo\u015b\u0107 lat (od): 3wymiar1 [mm]: 290UWAGA: Towar wysy\u0142any losowo \u2013 brak mo\u017cliwo\u015bci wyboru wzoru. Cena dotyczy jednej sztuki. Smily Play Lalka Model Kevin 48\/96 Smily Play dary jesieni kolorowanki jesie\u0144, europa stolice quiz, cytaty o wychowaniu dzieci, pieski ma\u0142e dwa tekst, imi\u0119 kostek, cytaty o dzieciach i rodzicach, zagadki walentynkowe, miko\u0142ajek test [&hellip;]<\/p>\n","protected":false},"featured_media":2007,"comment_status":"closed","ping_status":"open","template":"","meta":[],"product_cat":[65,62],"product_tag":[618,589,701],"class_list":["post-2006","product","type-product","status-publish","has-post-thumbnail","hentry","product_cat-lalki","product_cat-smily-play","product_tag-lato-lato-lato-czeka-tekst","product_tag-prezent-dla-rocznego-dziecka","product_tag-zgadywanki-dla-dzieci"],"_links":{"self":[{"href":"http:\/\/klubmamgdynia.pl\/index.php\/wp-json\/wp\/v2\/product\/2006","targetHints":{"allow":["GET"]}}],"collection":[{"href":"http:\/\/klubmamgdynia.pl\/index.php\/wp-json\/wp\/v2\/product"}],"about":[{"href":"http:\/\/klubmamgdynia.pl\/index.php\/wp-json\/wp\/v2\/types\/product"}],"replies":[{"embeddable":true,"href":"http:\/\/klubmamgdynia.pl\/index.php\/wp-json\/wp\/v2\/comments?post=2006"}],"wp:featuredmedia":[{"embeddable":true,"href":"http:\/\/klubmamgdynia.pl\/index.php\/wp-json\/wp\/v2\/media\/2007"}],"wp:attachment":[{"href":"http:\/\/klubmamgdynia.pl\/index.php\/wp-json\/wp\/v2\/media?parent=2006"}],"wp:term":[{"taxonomy":"product_cat","embeddable":true,"href":"http:\/\/klubmamgdynia.pl\/index.php\/wp-json\/wp\/v2\/product_cat?post=2006"},{"taxonomy":"product_tag","embeddable":true,"href":"http:\/\/klubmamgdynia.pl\/index.php\/wp-json\/wp\/v2\/product_tag?post=2006"}],"curies":[{"name":"wp","href":"https:\/\/api.w.org\/{rel}","templated":true}]}}