{"id":2010,"date":"2012-11-17T17:25:15","date_gmt":"2012-11-17T16:25:15","guid":{"rendered":"http:\/\/klubmamgdynia.pl\/index.php\/produkt\/leantoys-auto-buggy-zdalnie-sterowany-112-2-4g-bialy-20-km-h-para-wodna\/"},"modified":"2026-04-29T11:10:48","modified_gmt":"2026-04-29T09:10:48","slug":"leantoys-auto-buggy-zdalnie-sterowany-112-2-4g-bialy-20-km-h-para-wodna","status":"publish","type":"product","link":"http:\/\/klubmamgdynia.pl\/index.php\/produkt\/leantoys-auto-buggy-zdalnie-sterowany-112-2-4g-bialy-20-km-h-para-wodna\/","title":{"rendered":"LeanToys Auto Buggy Zdalnie Sterowany 1:12 2.4G Bia\u0142y 20 Km\/H Para Wodna"},"content":{"rendered":"<p>Auto Buggy Zdalnie Sterowany 1:12 2.4G Bia\u0142y 20 km\/h Para Wodna Terenowe, wy\u015bcigowe wyprawy i moc adrenaliny to w\u0142a\u015bnie zapewnia zdalnie sterowany pojazd. Ta zabawka jest nie tylko dla maluch\u00f3w, ale zainteresuj\u0105 si\u0119 nim doro\u015bli.Mi\u0119kkie, gumowe ko\u0142a pojazdu gwarantuj\u0105 du\u017c\u0105 przyczepno\u015b\u0107 auta do r\u00f3\u017cnego rodzaju pod\u0142o\u017ca, a du\u017ce amortyzatory pozwalaj\u0105 przedosta\u0107 si\u0119 przez trudne przeszkody. Przedstawiony model wykonany jest w skali 1:12, dzi\u0119ki czemu wygl\u0105da niesamowicie pi\u0119knie. Zdalnie sterowany pojazd wp\u0142ynie na prawid\u0142owe rozwijanie w dziecku takich umiej\u0119tno\u015bci jak prowadzenie zabawkowego samochodu, wzmocni koncentracje i rozwinie zdolno\u015bci manualne.W zestawie znajduje si\u0119 wygodny i precyzyjny kontroler. Je\u015bli kiedykolwiek sterowa\u0142e\u015b profesjonalnym autem, wiesz, \u017ce tego typu pilot pozwala czerpa\u0107 maksymaln\u0105 przyjemno\u015b\u0107 z jazdy. Bezprzewodowy pilot, do\u0142\u0105czony do zestawu, pracuje na cz\u0119stotliwo\u015bci 2.4 GHz, dzi\u0119ki czemu mo\u017cna \u015bciga\u0107 si\u0119 w wi\u0119kszym gronie bez obaw o wzajemne zak\u0142\u00f3cenia. Mo\u017cna nim kierowa\u0107 prz\u00f3d, ty\u0142 i na bok.W zestawie jest r\u00f3wnie\u017c kroplomierz, w tylnej cz\u0119\u015bci auta znajduje si\u0119 otw\u00f3r na wod\u0119. Po wlaniu kilku kropel i uruchomieniu pojazdu pojawi si\u0119 dym. Super dodatkowy efekt podczas jazdy. Dodaje realizmu i charakteru pojazdowi.Pr\u0119dko\u015b\u0107 jak\u0105 osi\u0105ga (20 km\/h) oraz wygl\u0105d zadowol\u0105 ka\u017cdego fana motoryzacji.Specyfikacja: &#8211; Kolor: zielony- Materia\u0142y: metal, elementy elektroniczne, guma, tworzywo sztuczne- Skala: 1:12- Pr\u0119dko\u015b\u0107: 20 km\/h- Bateria litowa: 7,4 V\/ 1200 mAh- Cz\u0119stotliwo\u015b\u0107: 2.4G- Czas zdalnego sterowania: oko\u0142o 25 minut- Czas \u0142adowania: 3,5 h- Zasilanie kontrolera do zdalnego sterowania: 2 baterie AA 1.5V (brak w zestawie)- Wiek dziecka: powy\u017cej 3. roku \u017cycia- Rozstaw k\u00f3\u0142: 16 cm- Zasi\u0119g zdalnego sterowania: 25 mZestaw zawiera:- samoch\u00f3d Buggy- kontroler do zdalnego sterowania- \u0142adowarka USB- bateria 7.4 V 1200 mAhWymiary samochodu:38 cm x 26 cm x 15 cmWymiary kontrolera:16 cm x 6 cm x 19 cmWymiary pude\u0142ka:56 cm x 30 cm x 25,5 cmAuto zasilane jest bateri\u0105 7,4 V 12000 mAh, kontroler dwiema bateriami &#8222;AA&#8221; 1.5 V (brak w zestawie). Zabawka przeznaczona jest dla dzieci powy\u017cej 3. roku \u017cycia. Zestaw posiada certyfikat CE i jest zgodna z norm\u0105 EN 71.<\/p>\n<h2>LeanToys Auto Buggy Zdalnie Sterowany 1:12 2.4G Bia\u0142y 20 Km\/H Para Wodna Lean Toys<\/h2>\n<p>irma, karmen imie, zabawy dla 7 latki, atrakcje do 30 km od wroc\u0142awia, gaja imi\u0119, minecraft quiz, laura, zagadki zimowe dla dzieci, kinderbal przepisy, co kupi\u0107 dziecku na roczek, prezent na roczek dla chlopca, wulkan z sody, testy na znaki drogowe, opis do zdj\u0119cia z dzieckiem, dalia imi\u0119, quiz opowie\u015bci z narnii, \u017cyczenia wielkanocne dla dzieci kr\u00f3tkie, prezent roczek dziewczynka, zagadki na inteligencj\u0119 z odpowiedziami<\/p>\n<p>yyyyy<\/p>\n<p>&nbsp;<\/p>\n","protected":false},"excerpt":{"rendered":"<p>Auto Buggy Zdalnie Sterowany 1:12 2.4G Bia\u0142y 20 km\/h Para Wodna Terenowe, wy\u015bcigowe wyprawy i moc adrenaliny to w\u0142a\u015bnie zapewnia zdalnie sterowany pojazd. Ta zabawka jest nie tylko dla maluch\u00f3w, ale zainteresuj\u0105 si\u0119 nim doro\u015bli.Mi\u0119kkie, gumowe ko\u0142a pojazdu gwarantuj\u0105 du\u017c\u0105 przyczepno\u015b\u0107 auta do r\u00f3\u017cnego rodzaju pod\u0142o\u017ca, a du\u017ce amortyzatory pozwalaj\u0105 przedosta\u0107 si\u0119 przez trudne przeszkody. [&hellip;]<\/p>\n","protected":false},"featured_media":2011,"comment_status":"closed","ping_status":"open","template":"","meta":[],"product_cat":[73,337],"product_tag":[845,719,578],"class_list":["post-2010","product","type-product","status-publish","has-post-thumbnail","hentry","product_cat-lean-toys","product_cat-zabawki-zdalnie-sterowane","product_tag-ach-spij-kochanie-tekst","product_tag-dziecko-cytaty-zlote-mysli","product_tag-fajne-zarty-na-prima-aprilis"],"_links":{"self":[{"href":"http:\/\/klubmamgdynia.pl\/index.php\/wp-json\/wp\/v2\/product\/2010","targetHints":{"allow":["GET"]}}],"collection":[{"href":"http:\/\/klubmamgdynia.pl\/index.php\/wp-json\/wp\/v2\/product"}],"about":[{"href":"http:\/\/klubmamgdynia.pl\/index.php\/wp-json\/wp\/v2\/types\/product"}],"replies":[{"embeddable":true,"href":"http:\/\/klubmamgdynia.pl\/index.php\/wp-json\/wp\/v2\/comments?post=2010"}],"wp:featuredmedia":[{"embeddable":true,"href":"http:\/\/klubmamgdynia.pl\/index.php\/wp-json\/wp\/v2\/media\/2011"}],"wp:attachment":[{"href":"http:\/\/klubmamgdynia.pl\/index.php\/wp-json\/wp\/v2\/media?parent=2010"}],"wp:term":[{"taxonomy":"product_cat","embeddable":true,"href":"http:\/\/klubmamgdynia.pl\/index.php\/wp-json\/wp\/v2\/product_cat?post=2010"},{"taxonomy":"product_tag","embeddable":true,"href":"http:\/\/klubmamgdynia.pl\/index.php\/wp-json\/wp\/v2\/product_tag?post=2010"}],"curies":[{"name":"wp","href":"https:\/\/api.w.org\/{rel}","templated":true}]}}