{"id":2012,"date":"2019-01-06T01:46:16","date_gmt":"2019-01-06T00:46:16","guid":{"rendered":"http:\/\/klubmamgdynia.pl\/index.php\/produkt\/babysense-air-essential-100-oddychajacy-redukuje-ryzyko-uduszenia-optymalna-cyrkulacja-powietrza\/"},"modified":"2026-04-30T00:50:40","modified_gmt":"2026-04-29T22:50:40","slug":"babysense-air-essential-100-oddychajacy-redukuje-ryzyko-uduszenia-optymalna-cyrkulacja-powietrza","status":"publish","type":"product","link":"http:\/\/klubmamgdynia.pl\/index.php\/produkt\/babysense-air-essential-100-oddychajacy-redukuje-ryzyko-uduszenia-optymalna-cyrkulacja-powietrza\/","title":{"rendered":"Babysense Air Essential 100% Oddychaj\u0105cy Redukuje Ryzyko Uduszenia Optymalna Cyrkulacja Powietrza"},"content":{"rendered":"<p>Babysense AIR Essential -100% oddychaj\u0105cy, redukuje ryzyko uduszenia. Unikalny wk\u0142ad DuoSENSE wspomaga bezpieczny i zdrowy sen,. 100% jako\u015bci i kompatybilno\u015bci z monitorem oddechu.Wymiary: 120 x 60 x 11 cm.UWAGA: wysy\u0142ka tylko kurieremKGO: 0,10 z\u0142<\/p>\n<h2>Babysense Air Essential 100% Oddychaj\u0105cy Redukuje Ryzyko Uduszenia Optymalna Cyrkulacja Powietrza BabySense<\/h2>\n<p>lol kolorowanki do druku, sentencje o dzieciach, miko\u0142ajek sprawdzian z lektury z odpowiedziami, imi\u0119 marcel, samolot z papieru, wzruszajace cytaty o rodzinie<\/p>\n<p>yyyyy<\/p>\n<p>&nbsp;<\/p>\n","protected":false},"excerpt":{"rendered":"<p>Babysense AIR Essential -100% oddychaj\u0105cy, redukuje ryzyko uduszenia. Unikalny wk\u0142ad DuoSENSE wspomaga bezpieczny i zdrowy sen,. 100% jako\u015bci i kompatybilno\u015bci z monitorem oddechu.Wymiary: 120 x 60 x 11 cm.UWAGA: wysy\u0142ka tylko kurieremKGO: 0,10 z\u0142 Babysense Air Essential 100% Oddychaj\u0105cy Redukuje Ryzyko Uduszenia Optymalna Cyrkulacja Powietrza BabySense lol kolorowanki do druku, sentencje o dzieciach, miko\u0142ajek sprawdzian [&hellip;]<\/p>\n","protected":false},"featured_media":2013,"comment_status":"closed","ping_status":"open","template":"","meta":[],"product_cat":[508,493],"product_tag":[781,731,606,679,809],"class_list":["post-2012","product","type-product","status-publish","has-post-thumbnail","hentry","product_cat-babysense","product_cat-materace-dzieciece","product_tag-cytaty-o-wychowaniu-dzieci","product_tag-maly-ksiaze-cytaty","product_tag-stala-pod-sniegiem","product_tag-zabawki-na-roczek-dla-dziewczynki","product_tag-zagadki"],"_links":{"self":[{"href":"http:\/\/klubmamgdynia.pl\/index.php\/wp-json\/wp\/v2\/product\/2012","targetHints":{"allow":["GET"]}}],"collection":[{"href":"http:\/\/klubmamgdynia.pl\/index.php\/wp-json\/wp\/v2\/product"}],"about":[{"href":"http:\/\/klubmamgdynia.pl\/index.php\/wp-json\/wp\/v2\/types\/product"}],"replies":[{"embeddable":true,"href":"http:\/\/klubmamgdynia.pl\/index.php\/wp-json\/wp\/v2\/comments?post=2012"}],"wp:featuredmedia":[{"embeddable":true,"href":"http:\/\/klubmamgdynia.pl\/index.php\/wp-json\/wp\/v2\/media\/2013"}],"wp:attachment":[{"href":"http:\/\/klubmamgdynia.pl\/index.php\/wp-json\/wp\/v2\/media?parent=2012"}],"wp:term":[{"taxonomy":"product_cat","embeddable":true,"href":"http:\/\/klubmamgdynia.pl\/index.php\/wp-json\/wp\/v2\/product_cat?post=2012"},{"taxonomy":"product_tag","embeddable":true,"href":"http:\/\/klubmamgdynia.pl\/index.php\/wp-json\/wp\/v2\/product_tag?post=2012"}],"curies":[{"name":"wp","href":"https:\/\/api.w.org\/{rel}","templated":true}]}}