{"id":2014,"date":"2022-04-02T21:22:37","date_gmt":"2022-04-02T19:22:37","guid":{"rendered":"http:\/\/klubmamgdynia.pl\/index.php\/produkt\/emolium-dermocare-3w1-plyn-do-kapieli-zel-szampon-400-ml\/"},"modified":"2026-05-17T23:05:58","modified_gmt":"2026-05-17T21:05:58","slug":"emolium-dermocare-3w1-plyn-do-kapieli-zel-szampon-400-ml","status":"publish","type":"product","link":"http:\/\/klubmamgdynia.pl\/index.php\/produkt\/emolium-dermocare-3w1-plyn-do-kapieli-zel-szampon-400-ml\/","title":{"rendered":"Emolium Dermocare 3w1 p\u0142yn do k\u0105pieli, \u017cel, szampon 400 ml"},"content":{"rendered":"<p>Emolium Dermocare 3w1 P\u0142yn do k\u0105pieli, \u017cel do mycia, szampon to produkt przeznaczony do codziennej piel\u0119gnacji wra\u017cliwej i wymagaj\u0105cej sk\u00f3ry po 1. Miesi\u0105cu \u017cycia. \u0141\u0105czy w sobie funkcj\u0119 p\u0142ynu do mycia, szamponu oraz \u017celu pod prysznic delikatnie myj\u0105c i oczyszczaj\u0105c cia\u0142o i w\u0142osy. Zawarte w nim sk\u0142adniki aktywne w tym 92% sk\u0142adnik\u00f3w pochodzenia naturalnego zapewniaj\u0105 wyra\u017ane nawil\u017cenie. Dodany do k\u0105pieli, delikatnie si\u0119 pieni, sprawiaj\u0105c, \u017ce k\u0105piel jest zabaw\u0105.\u00a0                            <\/p>\n<p>Wskazaniapo 1. miesi\u0105cu \u017cyciaCodzienna piel\u0119gnacjaSk\u00f3ra wymagaj\u0105ca, sucha i wra\u017cliwa                            <\/p>\n<p>Dzia\u0142anieDok\u0142adnie myje i oczyszcza ca\u0142e cia\u0142o i w\u0142osyDaje odczucie nawil\u017cenia, niweluje podra\u017cnienia i zaczerwienieniaSprawia, \u017ce w\u0142osy s\u0105 puszyste, b\u0142yszcz\u0105ce i \u0142atwo si\u0119 rozczesuj\u0105Nie podra\u017cnia oczu, nie szczypie i nie powoduje \u0142zawieniaNie zaburza naturalnego pH sk\u00f3ry                            <\/p>\n<p>StosowaniePodczas k\u0105pieli dzieci i niemowl\u0105t: wla\u0107 niewielk\u0105 ilo\u015bc p\u0142ynu do wanienki z woda o temperaturze 36-37 stopni, umy\u0107 w\u0142osy i sk\u00f3r\u0119 dziecka, a nast\u0119pnie sp\u0142uka\u0107.Stosuj\u0105c jako \u017cel pod prysznic: nanie\u015b\u0107 na sk\u00f3r\u0119 i w\u0142osy, nast\u0119pnie delikatnie sp\u0142uka\u0107 letni\u0105 wod\u0105.Sk\u0142adniki:Aqua, Lauryl Glucoside, Decyl Glucoside, Cocamidopropyl Betaine, Sodium Cocoyl Alaninate, Glycerin,\u00a0 Bateine, Panthenol, Gluconolactone, Allantoin, Glucose, Citric Acid, Parfum, Sodium Benzoate, Disodium EDTA, Decyl Alcohol, Pantolactone<\/p>\n<h2>Emolium Dermocare 3w1 p\u0142yn do k\u0105pieli, \u017cel, szampon 400 ml Perrigo<\/h2>\n<p>glupie zagadki, kolorowanki \u015bwi\u0119to niepodleg\u0142o\u015bci do druku, test z tajemniczego ogrodu, quiz o \u015bwi\u0119tach, \u015bwi\u0105teczne filmy familijne, warszawa atrakcje dla m\u0142odzie\u017cy, aniela znaczenie imienia<\/p>\n<p>yyyyy<\/p>\n<p>&nbsp;<\/p>\n","protected":false},"excerpt":{"rendered":"<p>Emolium Dermocare 3w1 P\u0142yn do k\u0105pieli, \u017cel do mycia, szampon to produkt przeznaczony do codziennej piel\u0119gnacji wra\u017cliwej i wymagaj\u0105cej sk\u00f3ry po 1. Miesi\u0105cu \u017cycia. \u0141\u0105czy w sobie funkcj\u0119 p\u0142ynu do mycia, szamponu oraz \u017celu pod prysznic delikatnie myj\u0105c i oczyszczaj\u0105c cia\u0142o i w\u0142osy. Zawarte w nim sk\u0142adniki aktywne w tym 92% sk\u0142adnik\u00f3w pochodzenia naturalnego zapewniaj\u0105 [&hellip;]<\/p>\n","protected":false},"featured_media":2015,"comment_status":"closed","ping_status":"open","template":"","meta":[],"product_cat":[134,509],"product_tag":[706,663,678,850],"class_list":["post-2014","product","type-product","status-publish","has-post-thumbnail","hentry","product_cat-dermokosmetyki","product_cat-perrigo","product_tag-imie-kuba","product_tag-kolorowanki-dla-dzieci-do-druku","product_tag-prezent-na-roczek-dla-dziewczynki","product_tag-wroclaw-atrakcje-dla-dzieci"],"_links":{"self":[{"href":"http:\/\/klubmamgdynia.pl\/index.php\/wp-json\/wp\/v2\/product\/2014","targetHints":{"allow":["GET"]}}],"collection":[{"href":"http:\/\/klubmamgdynia.pl\/index.php\/wp-json\/wp\/v2\/product"}],"about":[{"href":"http:\/\/klubmamgdynia.pl\/index.php\/wp-json\/wp\/v2\/types\/product"}],"replies":[{"embeddable":true,"href":"http:\/\/klubmamgdynia.pl\/index.php\/wp-json\/wp\/v2\/comments?post=2014"}],"wp:featuredmedia":[{"embeddable":true,"href":"http:\/\/klubmamgdynia.pl\/index.php\/wp-json\/wp\/v2\/media\/2015"}],"wp:attachment":[{"href":"http:\/\/klubmamgdynia.pl\/index.php\/wp-json\/wp\/v2\/media?parent=2014"}],"wp:term":[{"taxonomy":"product_cat","embeddable":true,"href":"http:\/\/klubmamgdynia.pl\/index.php\/wp-json\/wp\/v2\/product_cat?post=2014"},{"taxonomy":"product_tag","embeddable":true,"href":"http:\/\/klubmamgdynia.pl\/index.php\/wp-json\/wp\/v2\/product_tag?post=2014"}],"curies":[{"name":"wp","href":"https:\/\/api.w.org\/{rel}","templated":true}]}}