{"id":2018,"date":"2019-04-01T13:59:13","date_gmt":"2019-04-01T11:59:13","guid":{"rendered":"http:\/\/klubmamgdynia.pl\/index.php\/produkt\/t-racers-wave-race\/"},"modified":"2026-04-29T22:27:45","modified_gmt":"2026-04-29T20:27:45","slug":"t-racers-wave-race","status":"publish","type":"product","link":"http:\/\/klubmamgdynia.pl\/index.php\/produkt\/t-racers-wave-race\/","title":{"rendered":"T Racers Wave Race"},"content":{"rendered":"<p>T-racers Wave Race Zestaw Wyrzutnia Autko +figurka<\/p>\n<h2>T Racers Wave Race Magic Box<\/h2>\n<p>melania imi\u0119, wulkan eksperyment, bal halloween dla dzieci 2021, mia\u0142a baba koguta tekst, kolorowanki ninjago, opis rodzina, nauka pisania literek do wydruku pdf, ozdoby \u015bwi\u0105teczne z rolek po papierze toaletowym, sentencje ma\u0142y ksi\u0105\u017ce cytaty, ostatni dzwonek tekst<\/p>\n<p>yyyyy<\/p>\n<p>&nbsp;<\/p>\n","protected":false},"excerpt":{"rendered":"<p>T-racers Wave Race Zestaw Wyrzutnia Autko +figurka T Racers Wave Race Magic Box melania imi\u0119, wulkan eksperyment, bal halloween dla dzieci 2021, mia\u0142a baba koguta tekst, kolorowanki ninjago, opis rodzina, nauka pisania literek do wydruku pdf, ozdoby \u015bwi\u0105teczne z rolek po papierze toaletowym, sentencje ma\u0142y ksi\u0105\u017ce cytaty, ostatni dzwonek tekst yyyyy &nbsp;<\/p>\n","protected":false},"featured_media":2019,"comment_status":"closed","ping_status":"open","template":"","meta":[],"product_cat":[83,510],"product_tag":[681,657,599,692],"class_list":["post-2018","product","type-product","status-publish","has-post-thumbnail","hentry","product_cat-auta-i-inne-pojazdy-do-zabawy","product_cat-magic-box","product_tag-flagi-europy-quiz","product_tag-lol-kolorowanka","product_tag-prezent-dla-nastolatkow-2021","product_tag-prezenty-na-roczek"],"_links":{"self":[{"href":"http:\/\/klubmamgdynia.pl\/index.php\/wp-json\/wp\/v2\/product\/2018","targetHints":{"allow":["GET"]}}],"collection":[{"href":"http:\/\/klubmamgdynia.pl\/index.php\/wp-json\/wp\/v2\/product"}],"about":[{"href":"http:\/\/klubmamgdynia.pl\/index.php\/wp-json\/wp\/v2\/types\/product"}],"replies":[{"embeddable":true,"href":"http:\/\/klubmamgdynia.pl\/index.php\/wp-json\/wp\/v2\/comments?post=2018"}],"wp:featuredmedia":[{"embeddable":true,"href":"http:\/\/klubmamgdynia.pl\/index.php\/wp-json\/wp\/v2\/media\/2019"}],"wp:attachment":[{"href":"http:\/\/klubmamgdynia.pl\/index.php\/wp-json\/wp\/v2\/media?parent=2018"}],"wp:term":[{"taxonomy":"product_cat","embeddable":true,"href":"http:\/\/klubmamgdynia.pl\/index.php\/wp-json\/wp\/v2\/product_cat?post=2018"},{"taxonomy":"product_tag","embeddable":true,"href":"http:\/\/klubmamgdynia.pl\/index.php\/wp-json\/wp\/v2\/product_tag?post=2018"}],"curies":[{"name":"wp","href":"https:\/\/api.w.org\/{rel}","templated":true}]}}