{"id":2020,"date":"2018-05-12T17:52:39","date_gmt":"2018-05-12T15:52:39","guid":{"rendered":"http:\/\/klubmamgdynia.pl\/index.php\/produkt\/spin-master-bunchems-z-kolorowych-rzepow-zielona-tuba\/"},"modified":"2026-04-29T01:51:31","modified_gmt":"2026-04-28T23:51:31","slug":"spin-master-bunchems-z-kolorowych-rzepow-zielona-tuba","status":"publish","type":"product","link":"http:\/\/klubmamgdynia.pl\/index.php\/produkt\/spin-master-bunchems-z-kolorowych-rzepow-zielona-tuba\/","title":{"rendered":"Spin Master Bunchems Z Kolorowych Rzep\u00f3w (Zielona Tuba)"},"content":{"rendered":"<p>Kreatywna zabawka Bunchems z kolorowych rzep\u00f3w zielona tuba) dostarczy dzieciom niezapomnianych wra\u017ce\u0144 i rozwinie ich kreatywno\u015b\u0107! Idea produktu polega na budowaniu zwierz\u0105tek z\u0142o\u017conych z kolorowych kuleczek wygl\u0105dem przypominaj\u0105cych ro\u015bliny ostu. Kuleczki z rzep\u00f3w mo\u017cna \u015bciska\u0107, rozdziela\u0107 i skleja\u0107 ze sob\u0105, tworz\u0105c z nich najrozmaitsze kombinacje zwierzak\u00f3w!<\/p>\n<h2>Spin Master Bunchems Z Kolorowych Rzep\u00f3w (Zielona Tuba) Spin Master<\/h2>\n<p>\u0142atwe zagadki, test z narnii lew czarownica i stara szafa, \u015bmieszne zagadki dla dzieci 10 lat, co na roczek, tulipany kolorowanki, kolorowanka ksi\u0119\u017cniczka, co kupic 7 latkowi pod choinke, przeczytaj mi wiersz, cytat rodzina, sta\u0142a pod \u015bniegiem, kolorowanki do druku lol, test z lektury opowie\u015bci z narnii lew czarownica i stara szafa z odpowiedziami<\/p>\n<p>yyyyy<\/p>\n<p>&nbsp;<\/p>\n","protected":false},"excerpt":{"rendered":"<p>Kreatywna zabawka Bunchems z kolorowych rzep\u00f3w zielona tuba) dostarczy dzieciom niezapomnianych wra\u017ce\u0144 i rozwinie ich kreatywno\u015b\u0107! Idea produktu polega na budowaniu zwierz\u0105tek z\u0142o\u017conych z kolorowych kuleczek wygl\u0105dem przypominaj\u0105cych ro\u015bliny ostu. Kuleczki z rzep\u00f3w mo\u017cna \u015bciska\u0107, rozdziela\u0107 i skleja\u0107 ze sob\u0105, tworz\u0105c z nich najrozmaitsze kombinacje zwierzak\u00f3w! Spin Master Bunchems Z Kolorowych Rzep\u00f3w (Zielona Tuba) Spin [&hellip;]<\/p>\n","protected":false},"featured_media":2021,"comment_status":"closed","ping_status":"open","template":"","meta":[],"product_cat":[94,21],"product_tag":[831,861,780,711],"class_list":["post-2020","product","type-product","status-publish","has-post-thumbnail","hentry","product_cat-spin-master","product_cat-zabawki-plastyczne","product_tag-bruno","product_tag-jak-narysowac-psa","product_tag-krecik-bajka","product_tag-prezenty-dla-nastolatkow"],"_links":{"self":[{"href":"http:\/\/klubmamgdynia.pl\/index.php\/wp-json\/wp\/v2\/product\/2020","targetHints":{"allow":["GET"]}}],"collection":[{"href":"http:\/\/klubmamgdynia.pl\/index.php\/wp-json\/wp\/v2\/product"}],"about":[{"href":"http:\/\/klubmamgdynia.pl\/index.php\/wp-json\/wp\/v2\/types\/product"}],"replies":[{"embeddable":true,"href":"http:\/\/klubmamgdynia.pl\/index.php\/wp-json\/wp\/v2\/comments?post=2020"}],"wp:featuredmedia":[{"embeddable":true,"href":"http:\/\/klubmamgdynia.pl\/index.php\/wp-json\/wp\/v2\/media\/2021"}],"wp:attachment":[{"href":"http:\/\/klubmamgdynia.pl\/index.php\/wp-json\/wp\/v2\/media?parent=2020"}],"wp:term":[{"taxonomy":"product_cat","embeddable":true,"href":"http:\/\/klubmamgdynia.pl\/index.php\/wp-json\/wp\/v2\/product_cat?post=2020"},{"taxonomy":"product_tag","embeddable":true,"href":"http:\/\/klubmamgdynia.pl\/index.php\/wp-json\/wp\/v2\/product_tag?post=2020"}],"curies":[{"name":"wp","href":"https:\/\/api.w.org\/{rel}","templated":true}]}}